{"id":2979,"date":"2025-05-19T12:46:41","date_gmt":"2025-05-19T12:46:41","guid":{"rendered":"https:\/\/level1.spikker.nl\/abu-fair-uzimtumo-kodas\/"},"modified":"2025-11-17T09:29:30","modified_gmt":"2025-11-17T09:29:30","slug":"abu-fair-uzimtumo-kodas","status":"publish","type":"page","link":"https:\/\/level1.nl\/lt\/abu-fair-uzimtumo-kodas\/","title":{"rendered":"ABU-Fair U\u017eimtumo kodas"},"content":{"rendered":"\n<p>Jums darb\u0105 si\u016blanti laikinojo \u012fdarbinimo agent\u016bra yra sertifikuota ABU. Tai rei\u0161kia, kad agent\u016bra nepriklausomai tikrina, ar teisingai taikomi \u012fstatymai ir kiti teis\u0117s aktai. ABU agent\u016bra taip pat u\u017etikrina, kad j\u016bs b\u016bsite ai\u0161kiai ir teisingai informuoti apie darb\u0105 ir gyvenim\u0105 Nyderlanduose. Tai ji daro kartu su j\u016bs\u0173 kilm\u0117s \u0161alies \u012fdarbinimo agent\u016bra. I\u0161 ABU sertifikuotos laikinojo \u012fdarbinimo agent\u016bros galite tik\u0117tis ne tik teisingo \u012fstatym\u0173 ir kit\u0173 teis\u0117s akt\u0173 laikymosi, bet ir toliau i\u0161vardyt\u0173 dalyk\u0173:    <\/p>\n\n<p><strong>\u012edarbinimas ir atranka: <\/strong>laikinojo \u012fdarbinimo agent\u016bra u\u017etikrina, kad j\u016bs\u0173 \u0161alies \u012fdarbinimo agent\u016bra laikyt\u0173si ABU S\u0105\u017einingo \u012fdarbinimo chartijoje pateikt\u0173 gairi\u0173. J\u016bs\u0173 \u012fdarbintojas dalijasi \u0161ia chartija ir susijusia informacija bei mokom\u0105ja med\u017eiaga. <\/p>\n\n<p><strong>Sutartis:<\/strong> darbo sutartis ir susij\u0119 dokumentai pateikiami oland\u0173 ir j\u016bs\u0173 gimt\u0105ja kalba.<\/p>\n\n<p><strong>Atlyginimas:<\/strong> palyginti su Nyderland\u0173 laikinaisiais darbuotojais, u\u017e vienod\u0105 darb\u0105 gausite vienod\u0105 atlyginim\u0105 pagal kolektyvin\u0117s darbo sutarties (CAO) taisykles.<\/p>\n\n<p><strong>Registracija:<\/strong> \u012fdarbinimo agent\u016bra ir \u012fdarbinimo agent\u016bra paai\u0161kina jums registracijos Nyderlanduose taisykles. Nyderland\u0173 \u012fstatymai reikalauja, kad j\u016bs teisingai u\u017esiregistruotum\u0117te vyriausyb\u0117s bazin\u0117je registracijos sistemoje. \u012edarbinimo agent\u016bra suteiks jums pirmin\u0119 informacij\u0105 j\u016bs\u0173 kilm\u0117s \u0161alyje apie skirtumus tarp dviej\u0173 registracijos galimybi\u0173 Nyderlanduose: registracijos kaip nerezidentui (RNI) ir registracijos kaip gyventojui pagrindin\u0117je asmen\u0173 registravimo sistemoje (BRP). Ar atitinkate RNI taisykles, bet pageidaujate registruotis kaip gyventojas BRP? Pasiteiraukite, ar tai \u012fmanoma savivaldyb\u0117je, kurioje gyvensite. Ne visose savivaldyb\u0117se tokia galimyb\u0117 yra. \u012edarbinimo agent\u016bra gali pad\u0117ti jums i\u0161samiau susipa\u017einti su registracijos taisykl\u0117mis.      <\/p>\n\n<p><strong>B\u016bstas:<\/strong> \u012fdarbinimo agent\u016bra suteiks jums pirm\u0105j\u0105 b\u016btin\u0105 informacij\u0105 apie gyvenim\u0105 Nyderlanduose. Jums taip pat bus parodytas animacinis filmukas apie tai. \u012edarbinimo agent\u016broje jums papasakos apie b\u016bsto pasirinkimo galimybes. Taip pat gausite informacijos apie s\u0105lygas, jei nuspr\u0119site leisti agent\u016brai pasir\u016bpinti j\u016bs\u0173 apgyvendinimu. Taip pat galite patys ie\u0161koti b\u016bsto. Jei papra\u0161ysite, kad agent\u016bra pasir\u016bpint\u0173 jums b\u016bstu, svarbu pateikti toliau nurodyt\u0105 informacij\u0105:     <\/p>\n\n<p>\u012edarbinimo agent\u016bros par\u016bpintas b\u016bstas sertifikuojamas SNF organizacijoje. Tai rei\u0161kia, kad b\u016bstas tikrinamas pagal pagrindinius komponentus. Informacijos apie SNF sertifikavim\u0105 ir SNF skund\u0173 portal\u0105 rasite \u0161ioje interneto svetain\u0117je<a href=\"https:\/\/www.normeringflexwonen.nl\/information-for-residents\">:https:\/\/www.normeringflexwonen.nl\/information-for-residents<\/a>  <\/p>\n\n<p>Laikinojo \u012fdarbinimo agent\u016bra gali imti i\u0161 j\u016bs\u0173 mokest\u012f u\u017e naudojim\u0105si b\u016bstu. \u0160ios i\u0161laidos nevir\u0161ija faktini\u0173 apgyvendinimo i\u0161laid\u0173. \u0160iuo tikslu laikinojo \u012fdarbinimo agent\u016bra gali i\u0161skai\u010diuoti ne daugiau kaip 25 % teis\u0117s aktais nustatyto minimalaus darbo u\u017emokes\u010dio i\u0161 j\u016bs\u0173 darbo u\u017emokes\u010dio lapelio. Ar nor\u0117tum\u0117te, kad i\u0161laidos u\u017e b\u016bst\u0105 b\u016bt\u0173 i\u0161skai\u010diuojamos i\u0161 j\u016bs\u0173 atlyginimo lapelio? Tuomet papra\u0161ykite laikinojo \u012fdarbinimo agent\u016bros tai padaryti, pateikdami ra\u0161ti\u0161k\u0105 \u012fgaliojim\u0105. Ar b\u016bsto i\u0161laidos yra didesn\u0117s nei 25 % minimalaus darbo u\u017emokes\u010dio? Tuomet galima i\u0161skai\u010diuoti ir t\u0105 b\u016bsto i\u0161laid\u0173 dal\u012f, kuri vir\u0161ija minimal\u0173 darbo u\u017emokest\u012f. Apie apgyvendinimo i\u0161laidas su\u017einosite i\u0161 anksto.       <\/p>\n\n<p>Ar \u012fmon\u0117, kurioje dirbate, nutraukia su jumis sutart\u012f anks\u010diau laiko? Tuomet \u012fdarbinimo agent\u016bra suteiks jums galimyb\u0119 i\u0161sinuomoti b\u016bst\u0105 dar bent penkioms naktims. Galite paklausti \u012fdarbinimo agent\u016bros, ar galite i\u0161sinuomoti b\u016bst\u0105 ilgesniam laikui. D\u0117l b\u016bsto tr\u016bkumo Nyderlanduose tai ne visada \u012fmanoma. ABU \u012fdarbinimo agent\u016bros, veikian\u010dios savivaldyb\u0117se, kuriose tr\u016bksta b\u016bsto, pra\u0161o savivaldyb\u0117s ir b\u016bsto organizacij\u0173 pastatyti daugiau sertifikuot\u0173 b\u016bst\u0173.    <\/p>\n\n<p>Darbo bir\u017eoje visada galite papra\u0161yti bendros informacijos apie kitas apgyvendinimo galimybes regione.<\/p>\n\n<p><strong>Baudos ir \u017ealos atlyginimas:<\/strong> \u012fdarbinimo agent\u016bra gali i\u0161skai\u010diuoti tik teismines ir administracines baudas i\u0161 j\u016bs\u0173 darbo u\u017emokes\u010dio lapelio. Pavyzdys &#8211; bauda u\u017e keli\u0173 eismo taisykli\u0173 pa\u017eeidimus, kuri\u0105 gavote patys. Kit\u0173 r\u016b\u0161i\u0173 baud\u0173 \u012fskaitymas darbo u\u017emokes\u010dio lape yra draud\u017eiamas. Ta\u010diau galite b\u016bti patraukti atsakomyb\u0117n u\u017e \u017eal\u0105, kuri\u0105 darbdaviui ar nuomotojui padar\u0117te ty\u010dia arba d\u0117l s\u0105moningo neatsargumo. Tuomet kompensacija bus ne didesn\u0117 nei faktin\u0117s sugadinto daikto remonto i\u0161laidos.    <\/p>\n\n<p><strong>Informavimas:<\/strong> laikinojo \u012fdarbinimo agent\u016bra kartu su \u012fdarbinimo agent\u016bra u\u017etikrina, kad prie\u0161 pasira\u0161ydami sutartis ar i\u0161ankstines sutartis savo kilm\u0117s \u0161alyje b\u016btum\u0117te informuoti apie darb\u0105 ir gyvenim\u0105 Nyderlanduose. \u0160iuo tikslu \u012fdarbinimo agent\u016bra laikosi pridedamoje ABU-Fair \u012fdarbinimo chartijoje pateikt\u0173 gairi\u0173. <\/p>\n\n<p><strong>Kalba ir integracija:<\/strong> pradiniu laikotarpiu Nyderlanduose \u012fdarbinimo agent\u016bra nurodys jums savivaldyb\u0117je esan\u010dias galimybes lankyti kalbos kursus. Ne kiekviena savivaldyb\u0117 si\u016blo kalbos kursus. <\/p>\n\n<p><strong>Skundai:<\/strong> \u012fdarbinimo agent\u016bra turi pateikti jums prieinam\u0105 skund\u0173 teikimo tvark\u0105. Ar j\u016bs\u0173 \u012fdarbinimo agent\u016bra ir (arba) \u012fdarbinimo agent\u016bra nesilaiko \u0161iame dokumente prisiimt\u0173 \u012fsipareigojim\u0173? Tuomet galite pateikti skund\u0105 d\u0117l to \u012fdarbinimo agent\u016brai. Jei skundas nei\u0161sprend\u017eiamas, j\u012f taip pat galite pateikti ABU kar\u0161t\u0105ja linija. Tokiu atveju si\u0173skite el. lai\u0161k\u0105 adresu: <a href=\"mailto:complaints@abu.nl\">complaints@abu.nl<\/a>. Prane\u0161ime tur\u0117tum\u0117te nurodyti bent jau laikinojo \u012fdarbinimo agent\u016bros pavadinim\u0105 ir apra\u0161yti savo skund\u0105. Tuomet ABU kuo grei\u010diau imsis skundo nagrin\u0117jimo.      <\/p>\n\n<p><strong>Jei norite perskaityti kod\u0105 savo kalba, tai \u012fmanoma. \u0160iam tikslui ABU suk\u016br\u0117 \u012fvairius nukreipimo puslapius. Nukelkite \u012f atitinkam\u0105 puslap\u012f naudodamiesi toliau pateiktomis nuorodomis.  <\/strong><\/p>\n\n<p><strong>Bulgar\u0173 kalba: <\/strong><a href=\"https:\/\/www.abu.nl\/%D0%B4%D0%BE%D0%B1%D1%80%D0%B5%20%D0%B4%D0%BE%D1%88%D0%BB%D0%B8\" target=\"_blank\" rel=\"noreferrer noopener\">Bulgar\u0173 kalba: www.abu.nl\/\u0434\u043e\u0431\u0440\u0435 \u0434\u043e\u0448\u043b\u0438<\/a><br\/><strong>Angl\u0173 kalba: <\/strong><a href=\"https:\/\/www.abu.nl\/welcome\" target=\"_blank\" rel=\"noreferrer noopener\">www.abu.nl\/welcome<\/a><br\/><strong>Vengr\u0173 kalba: <\/strong><a href=\"https:\/\/www.abu.nl\/udvozoljuk\" target=\"_blank\" rel=\"noreferrer noopener\">www.abu.nl\/udvozoljuk<\/a><br\/><strong>Latvi\u0173 kalba: <\/strong><a href=\"https:\/\/www.abu.nl\/laipnilugti\" target=\"_blank\" rel=\"noreferrer noopener\">www.abu.nl\/laipnilugti<\/a><br\/><strong>Lietuvi\u0173 kalba: <\/strong><a href=\"https:\/\/www.abu.nl\/sveiki\" target=\"_blank\" rel=\"noreferrer noopener\">www.abu.nl\/sveiki<\/a><br\/><strong>Lenk\u0173 kalba: <\/strong><a href=\"https:\/\/www.abu.nl\/witamy\" target=\"_blank\" rel=\"noreferrer noopener\">www.abu.nl\/witamy<\/a><br\/><strong>Portugal\u0173 kalba: <\/strong><a href=\"https:\/\/www.abu.nl\/bem-vindo\" target=\"_blank\" rel=\"noreferrer noopener\">www.abu.nl\/bem-vindo<\/a><br\/><strong>rumun\u0173 kalba: <\/strong><a href=\"https:\/\/www.abu.nl\/bunvenit\" target=\"_blank\" rel=\"noreferrer noopener\">www.abu.nl\/bunvenit<\/a><br\/><strong>Slovak\u0173 kalba: <\/strong><a href=\"http:\/\/www.abu.nl\/vitajte\" target=\"_blank\" rel=\"noreferrer noopener\">www.abu.nl\/vitajte<\/a><br\/><strong>Ispan\u0173 kalba:<\/strong> <a href=\"https:\/\/www.abu.nl\/bienvenido\" target=\"_blank\" rel=\"noreferrer noopener\">www.abu.nl\/bienvenido<\/a><br\/><strong>\u010dek\u0173 kalba: <\/strong><a href=\"https:\/\/www.abu.nl\/vitejte\" target=\"_blank\" rel=\"noreferrer noopener\">www.abu.nl\/vitejte<\/a><\/p>\n\n<p><\/p>\n\n<p><\/p>\n","protected":false},"excerpt":{"rendered":"<p>Jums darb\u0105 si\u016blanti laikinojo \u012fdarbinimo agent\u016bra yra sertifikuota ABU. Tai rei\u0161kia, kad agent\u016bra nepriklausomai tikrina, ar teisingai taikomi \u012fstatymai ir kiti teis\u0117s aktai. ABU agent\u016bra taip pat u\u017etikrina, kad j\u016bs b\u016bsite ai\u0161kiai ir teisingai informuoti apie darb\u0105 ir gyvenim\u0105 Nyderlanduose. Tai ji daro kartu su j\u016bs\u0173 kilm\u0117s \u0161alies \u012fdarbinimo agent\u016bra. I\u0161 ABU sertifikuotos laikinojo \u012fdarbinimo [&hellip;]<\/p>\n","protected":false},"author":1,"featured_media":0,"parent":0,"menu_order":0,"comment_status":"closed","ping_status":"closed","template":"","meta":{"_acf_changed":false,"footnotes":""},"class_list":["post-2979","page","type-page","status-publish","hentry"],"blocksy_meta":[],"acf":[],"yoast_head":"<!-- This site is optimized with the Yoast SEO plugin v26.7 - https:\/\/yoast.com\/wordpress\/plugins\/seo\/ -->\n<title>ABU-Fair U\u017eimtumo kodas - Level One Uitzendbureau<\/title>\n<meta name=\"robots\" content=\"index, follow, max-snippet:-1, max-image-preview:large, max-video-preview:-1\" \/>\n<link rel=\"canonical\" href=\"https:\/\/level1.nl\/lt\/abu-fair-uzimtumo-kodas\/\" \/>\n<meta property=\"og:locale\" content=\"lt_LT\" \/>\n<meta property=\"og:type\" content=\"article\" \/>\n<meta property=\"og:title\" content=\"ABU-Fair U\u017eimtumo kodas - Level One Uitzendbureau\" \/>\n<meta property=\"og:description\" content=\"Jums darb\u0105 si\u016blanti laikinojo \u012fdarbinimo agent\u016bra yra sertifikuota ABU. Tai rei\u0161kia, kad agent\u016bra nepriklausomai tikrina, ar teisingai taikomi \u012fstatymai ir kiti teis\u0117s aktai. ABU agent\u016bra taip pat u\u017etikrina, kad j\u016bs b\u016bsite ai\u0161kiai ir teisingai informuoti apie darb\u0105 ir gyvenim\u0105 Nyderlanduose. Tai ji daro kartu su j\u016bs\u0173 kilm\u0117s \u0161alies \u012fdarbinimo agent\u016bra. I\u0161 ABU sertifikuotos laikinojo \u012fdarbinimo [&hellip;]\" \/>\n<meta property=\"og:url\" content=\"https:\/\/level1.nl\/lt\/abu-fair-uzimtumo-kodas\/\" \/>\n<meta property=\"og:site_name\" content=\"Level One Uitzendbureau\" \/>\n<meta property=\"article:publisher\" content=\"https:\/\/www.facebook.com\/LevelOneUitzendbureau\/\" \/>\n<meta property=\"article:modified_time\" content=\"2025-11-17T09:29:30+00:00\" \/>\n<meta name=\"twitter:card\" content=\"summary_large_image\" \/>\n<meta name=\"twitter:label1\" content=\"Est. reading time\" \/>\n\t<meta name=\"twitter:data1\" content=\"5 minut\u0117s\" \/>\n<script type=\"application\/ld+json\" class=\"yoast-schema-graph\">{\"@context\":\"https:\/\/schema.org\",\"@graph\":[{\"@type\":\"WebPage\",\"@id\":\"https:\/\/level1.nl\/lt\/abu-fair-uzimtumo-kodas\/\",\"url\":\"https:\/\/level1.nl\/lt\/abu-fair-uzimtumo-kodas\/\",\"name\":\"ABU-Fair U\u017eimtumo kodas - Level One Uitzendbureau\",\"isPartOf\":{\"@id\":\"https:\/\/level1.nl\/lt\/#website\"},\"datePublished\":\"2025-05-19T12:46:41+00:00\",\"dateModified\":\"2025-11-17T09:29:30+00:00\",\"breadcrumb\":{\"@id\":\"https:\/\/level1.nl\/lt\/abu-fair-uzimtumo-kodas\/#breadcrumb\"},\"inLanguage\":\"lt-LT\",\"potentialAction\":[{\"@type\":\"ReadAction\",\"target\":[\"https:\/\/level1.nl\/lt\/abu-fair-uzimtumo-kodas\/\"]}]},{\"@type\":\"BreadcrumbList\",\"@id\":\"https:\/\/level1.nl\/lt\/abu-fair-uzimtumo-kodas\/#breadcrumb\",\"itemListElement\":[{\"@type\":\"ListItem\",\"position\":1,\"name\":\"Pagrindinis\",\"item\":\"https:\/\/level1.nl\/lt\/\"},{\"@type\":\"ListItem\",\"position\":2,\"name\":\"ABU-Fair U\u017eimtumo kodas\"}]},{\"@type\":\"WebSite\",\"@id\":\"https:\/\/level1.nl\/lt\/#website\",\"url\":\"https:\/\/level1.nl\/lt\/\",\"name\":\"Level One Uitzendbureau\",\"description\":\"Uitzenden, Detacheren, Payroll en Werving &amp; Selectie behoren tot de mogelijkheden bij Level One uitzendbureau\",\"publisher\":{\"@id\":\"https:\/\/level1.nl\/lt\/#organization\"},\"potentialAction\":[{\"@type\":\"SearchAction\",\"target\":{\"@type\":\"EntryPoint\",\"urlTemplate\":\"https:\/\/level1.nl\/lt\/?s={search_term_string}\"},\"query-input\":{\"@type\":\"PropertyValueSpecification\",\"valueRequired\":true,\"valueName\":\"search_term_string\"}}],\"inLanguage\":\"lt-LT\"},{\"@type\":\"Organization\",\"@id\":\"https:\/\/level1.nl\/lt\/#organization\",\"name\":\"Level One Uitzendbureau\",\"alternateName\":\"Level 1\",\"url\":\"https:\/\/level1.nl\/lt\/\",\"logo\":{\"@type\":\"ImageObject\",\"inLanguage\":\"lt-LT\",\"@id\":\"https:\/\/level1.nl\/lt\/#\/schema\/logo\/image\/\",\"url\":\"https:\/\/level1.nl\/wp-content\/uploads\/2025\/05\/favicon.png\",\"contentUrl\":\"https:\/\/level1.nl\/wp-content\/uploads\/2025\/05\/favicon.png\",\"width\":512,\"height\":512,\"caption\":\"Level One Uitzendbureau\"},\"image\":{\"@id\":\"https:\/\/level1.nl\/lt\/#\/schema\/logo\/image\/\"},\"sameAs\":[\"https:\/\/www.facebook.com\/LevelOneUitzendbureau\/\",\"https:\/\/www.instagram.com\/leveloneuitzendbureau\/\"]}]}<\/script>\n<!-- \/ Yoast SEO plugin. -->","yoast_head_json":{"title":"ABU-Fair U\u017eimtumo kodas - Level One Uitzendbureau","robots":{"index":"index","follow":"follow","max-snippet":"max-snippet:-1","max-image-preview":"max-image-preview:large","max-video-preview":"max-video-preview:-1"},"canonical":"https:\/\/level1.nl\/lt\/abu-fair-uzimtumo-kodas\/","og_locale":"lt_LT","og_type":"article","og_title":"ABU-Fair U\u017eimtumo kodas - Level One Uitzendbureau","og_description":"Jums darb\u0105 si\u016blanti laikinojo \u012fdarbinimo agent\u016bra yra sertifikuota ABU. Tai rei\u0161kia, kad agent\u016bra nepriklausomai tikrina, ar teisingai taikomi \u012fstatymai ir kiti teis\u0117s aktai. ABU agent\u016bra taip pat u\u017etikrina, kad j\u016bs b\u016bsite ai\u0161kiai ir teisingai informuoti apie darb\u0105 ir gyvenim\u0105 Nyderlanduose. Tai ji daro kartu su j\u016bs\u0173 kilm\u0117s \u0161alies \u012fdarbinimo agent\u016bra. I\u0161 ABU sertifikuotos laikinojo \u012fdarbinimo [&hellip;]","og_url":"https:\/\/level1.nl\/lt\/abu-fair-uzimtumo-kodas\/","og_site_name":"Level One Uitzendbureau","article_publisher":"https:\/\/www.facebook.com\/LevelOneUitzendbureau\/","article_modified_time":"2025-11-17T09:29:30+00:00","twitter_card":"summary_large_image","twitter_misc":{"Est. reading time":"5 minut\u0117s"},"schema":{"@context":"https:\/\/schema.org","@graph":[{"@type":"WebPage","@id":"https:\/\/level1.nl\/lt\/abu-fair-uzimtumo-kodas\/","url":"https:\/\/level1.nl\/lt\/abu-fair-uzimtumo-kodas\/","name":"ABU-Fair U\u017eimtumo kodas - Level One Uitzendbureau","isPartOf":{"@id":"https:\/\/level1.nl\/lt\/#website"},"datePublished":"2025-05-19T12:46:41+00:00","dateModified":"2025-11-17T09:29:30+00:00","breadcrumb":{"@id":"https:\/\/level1.nl\/lt\/abu-fair-uzimtumo-kodas\/#breadcrumb"},"inLanguage":"lt-LT","potentialAction":[{"@type":"ReadAction","target":["https:\/\/level1.nl\/lt\/abu-fair-uzimtumo-kodas\/"]}]},{"@type":"BreadcrumbList","@id":"https:\/\/level1.nl\/lt\/abu-fair-uzimtumo-kodas\/#breadcrumb","itemListElement":[{"@type":"ListItem","position":1,"name":"Pagrindinis","item":"https:\/\/level1.nl\/lt\/"},{"@type":"ListItem","position":2,"name":"ABU-Fair U\u017eimtumo kodas"}]},{"@type":"WebSite","@id":"https:\/\/level1.nl\/lt\/#website","url":"https:\/\/level1.nl\/lt\/","name":"Level One Uitzendbureau","description":"Uitzenden, Detacheren, Payroll en Werving &amp; Selectie behoren tot de mogelijkheden bij Level One uitzendbureau","publisher":{"@id":"https:\/\/level1.nl\/lt\/#organization"},"potentialAction":[{"@type":"SearchAction","target":{"@type":"EntryPoint","urlTemplate":"https:\/\/level1.nl\/lt\/?s={search_term_string}"},"query-input":{"@type":"PropertyValueSpecification","valueRequired":true,"valueName":"search_term_string"}}],"inLanguage":"lt-LT"},{"@type":"Organization","@id":"https:\/\/level1.nl\/lt\/#organization","name":"Level One Uitzendbureau","alternateName":"Level 1","url":"https:\/\/level1.nl\/lt\/","logo":{"@type":"ImageObject","inLanguage":"lt-LT","@id":"https:\/\/level1.nl\/lt\/#\/schema\/logo\/image\/","url":"https:\/\/level1.nl\/wp-content\/uploads\/2025\/05\/favicon.png","contentUrl":"https:\/\/level1.nl\/wp-content\/uploads\/2025\/05\/favicon.png","width":512,"height":512,"caption":"Level One Uitzendbureau"},"image":{"@id":"https:\/\/level1.nl\/lt\/#\/schema\/logo\/image\/"},"sameAs":["https:\/\/www.facebook.com\/LevelOneUitzendbureau\/","https:\/\/www.instagram.com\/leveloneuitzendbureau\/"]}]}},"_links":{"self":[{"href":"https:\/\/level1.nl\/lt\/wp-json\/wp\/v2\/pages\/2979","targetHints":{"allow":["GET"]}}],"collection":[{"href":"https:\/\/level1.nl\/lt\/wp-json\/wp\/v2\/pages"}],"about":[{"href":"https:\/\/level1.nl\/lt\/wp-json\/wp\/v2\/types\/page"}],"author":[{"embeddable":true,"href":"https:\/\/level1.nl\/lt\/wp-json\/wp\/v2\/users\/1"}],"replies":[{"embeddable":true,"href":"https:\/\/level1.nl\/lt\/wp-json\/wp\/v2\/comments?post=2979"}],"version-history":[{"count":3,"href":"https:\/\/level1.nl\/lt\/wp-json\/wp\/v2\/pages\/2979\/revisions"}],"predecessor-version":[{"id":5802,"href":"https:\/\/level1.nl\/lt\/wp-json\/wp\/v2\/pages\/2979\/revisions\/5802"}],"wp:attachment":[{"href":"https:\/\/level1.nl\/lt\/wp-json\/wp\/v2\/media?parent=2979"}],"curies":[{"name":"wp","href":"https:\/\/api.w.org\/{rel}","templated":true}]}}