{"id":3006,"date":"2025-05-19T12:38:04","date_gmt":"2025-05-19T12:38:04","guid":{"rendered":"https:\/\/level1.spikker.nl\/atsakomybes-apribojimas\/"},"modified":"2025-11-17T09:33:42","modified_gmt":"2025-11-17T09:33:42","slug":"atsakomybes-apribojimas","status":"publish","type":"page","link":"https:\/\/level1.nl\/lt\/atsakomybes-apribojimas\/","title":{"rendered":"Atsakomyb\u0117s apribojimas"},"content":{"rendered":"\n<p>\u0160i svetain\u0117 priklauso bendrovei Level One. Prieiga prie \u0161ios svetain\u0117s ir naudojimasis ja priklauso nuo \u0161ios atsakomyb\u0117s atsisakymo ir privatumo parei\u0161kimo. Naudodamasis svetaine naudotojas sutinka su s\u0105lygomis, nurodytomis Level One atsakomyb\u0117s atsisakymo ir privatumo parei\u0161kime.  <\/p>\n\n<p>U\u017e \u0161ioje svetain\u0117je pateikiam\u0105 informacij\u0105 atsako bendrov\u0117 Level One Bendrov\u0117 Level One deda visas pastangas, kad jos svetain\u0117je pateikiama informacija b\u016bt\u0173 patikima ir naujausia. Ta\u010diau Level One negali garantuoti, kad \u0161ioje svetain\u0117je pateikta informacija yra ir (arba) i\u0161liks teisinga ir (arba) i\u0161sami. Tod\u0117l i\u0161 \u0161ios svetain\u0117s turinio negali b\u016bti kildinamos jokios teis\u0117s.  <\/p>\n\n<p>Level One neatsako u\u017e \u017eal\u0105, atsiradusi\u0105 d\u0117l pateiktos informacijos netikslum\u0173 ar nei\u0161samumo, taip pat u\u017e \u017eal\u0105, atsiradusi\u0105 d\u0117l problem\u0173, atsiradusi\u0173 d\u0117l informacijos platinimo internetu arba b\u016bding\u0173 informacijos platinimui internetu, pavyzd\u017eiui, d\u0117l Level One arba j\u016bs\u0173 informacijos ar paslaug\u0173 teikimo Level One arba Level One, naudojantis Level One interneto svetaine ar kitomis elektronin\u0117mis priemon\u0117mis, sutrikim\u0173 ar pertr\u016bki\u0173, klaid\u0173 ar v\u0117lavimo.<\/p>\n\n<p>Be to, \u0161ioje svetain\u0117je pateikiama informacija yra skirta suinteresuotosioms \u0161alims suteikti bendr\u0105 informacij\u0105. \u0160i informacija jokiu b\u016bdu negali b\u016bti laikoma profesionalios konsultacijos pakaitalu. Be to, Level One neprisiima jokios atsakomyb\u0117s u\u017e bet koki\u0105 \u017eal\u0105, patirt\u0105 naudojantis Level One ar jos vardu \u0161ioje svetain\u0117je pateiktais duomenimis ir (arba) informacija. Level One neprisiima jokios atsakomyb\u0117s ir (arba) \u012fsipareigojim\u0173 u\u017e interneto svetaini\u0173, \u012f kurias arba i\u0161 kuri\u0173 pateikiamos nuorodos per hipersaitus ar kitais b\u016bdais, turin\u012f.   <\/p>\n\n<p>Level One negarantuoja, kad jai siun\u010diami el. lai\u0161kai ar kiti elektroniniai prane\u0161imai bus gauti ir apdoroti laiku, ir neprisiima jokios atsakomyb\u0117s u\u017e toki\u0173 prane\u0161im\u0173 negavimo ar neapdorojimo arba pav\u0117luoto gavimo ar apdorojimo pasekmes. Be to, Level One neprisiima atsakomyb\u0117s u\u017e tre\u010di\u0173j\u0173 \u0161ali\u0173 elektronini\u0173 prane\u0161im\u0173 per\u0117mim\u0105 ar netinkam\u0105 naudojim\u0105. <\/p>\n\n<p>Level One yra teisi\u0173 (\u012fskaitant autori\u0173 teises, domen\u0173 vardus, preki\u0173 \u017eenkl\u0173 teises, patentus ar kitas intelektin\u0117s nuosavyb\u0117s teises), susijusi\u0173 su visa \u0161ioje svetain\u0117je pateikta informacija, savinink\u0117. Draud\u017eiama kopijuoti, atsisi\u0173sti, platinti ar atgaminti informacij\u0105 i\u0161 \u0161ios svetain\u0117s be i\u0161ankstinio ra\u0161ti\u0161ko Level One sutikimo. <\/p>\n\n<p>Visam turiniui, kur\u012f galima rasti svetain\u0117je, \u012fskaitant, bet neapsiribojant, tekstus, garso ir vaizdo med\u017eiag\u0105, paveiksl\u0117lius, programin\u0119 \u012frang\u0105, dizain\u0105, preki\u0173 \u017eenklus, logotipus, bet koki\u0105 kit\u0105 informacij\u0105 ir duomen\u0173 bazes, taikomos intelektin\u0117s nuosavyb\u0117s teis\u0117s, priklausan\u010dios Level One, jos licencij\u0173 teik\u0117jams ir (arba) partneriams. \u0160\u012f turin\u012f galite naudoti tik nor\u0117dami naudotis svetaine ir joje si\u016blomomis paslaugomis. Be ai\u0161kaus i\u0161ankstinio ra\u0161ti\u0161ko Level One sutikimo negalite naudoti turinio kitais tikslais, \u012fskaitant, bet neapsiribojant turinio atgaminimu ir (arba) paskelbimu arba turinio teikimu tre\u010diosioms \u0161alims komerciniais tikslais, i\u0161skyrus atvejus, kai tai leid\u017eiama pagal privalomus \u012fstatymus.  <\/p>\n","protected":false},"excerpt":{"rendered":"<p>\u0160i svetain\u0117 priklauso bendrovei Level One. Prieiga prie \u0161ios svetain\u0117s ir naudojimasis ja priklauso nuo \u0161ios atsakomyb\u0117s atsisakymo ir privatumo parei\u0161kimo. Naudodamasis svetaine naudotojas sutinka su s\u0105lygomis, nurodytomis Level One atsakomyb\u0117s atsisakymo ir privatumo parei\u0161kime. U\u017e \u0161ioje svetain\u0117je pateikiam\u0105 informacij\u0105 atsako bendrov\u0117 Level One Bendrov\u0117 Level One deda visas pastangas, kad jos svetain\u0117je pateikiama informacija [&hellip;]<\/p>\n","protected":false},"author":1,"featured_media":0,"parent":0,"menu_order":0,"comment_status":"closed","ping_status":"closed","template":"","meta":{"_acf_changed":false,"footnotes":""},"class_list":["post-3006","page","type-page","status-publish","hentry"],"blocksy_meta":[],"acf":[],"yoast_head":"<!-- This site is optimized with the Yoast SEO plugin v26.7 - https:\/\/yoast.com\/wordpress\/plugins\/seo\/ -->\n<title>Atsakomyb\u0117s apribojimas - Level One Uitzendbureau<\/title>\n<meta name=\"robots\" content=\"index, follow, max-snippet:-1, max-image-preview:large, max-video-preview:-1\" \/>\n<link rel=\"canonical\" href=\"https:\/\/level1.nl\/lt\/atsakomybes-apribojimas\/\" \/>\n<meta property=\"og:locale\" content=\"lt_LT\" \/>\n<meta property=\"og:type\" content=\"article\" \/>\n<meta property=\"og:title\" content=\"Atsakomyb\u0117s apribojimas - Level One Uitzendbureau\" \/>\n<meta property=\"og:description\" content=\"\u0160i svetain\u0117 priklauso bendrovei Level One. Prieiga prie \u0161ios svetain\u0117s ir naudojimasis ja priklauso nuo \u0161ios atsakomyb\u0117s atsisakymo ir privatumo parei\u0161kimo. Naudodamasis svetaine naudotojas sutinka su s\u0105lygomis, nurodytomis Level One atsakomyb\u0117s atsisakymo ir privatumo parei\u0161kime. U\u017e \u0161ioje svetain\u0117je pateikiam\u0105 informacij\u0105 atsako bendrov\u0117 Level One Bendrov\u0117 Level One deda visas pastangas, kad jos svetain\u0117je pateikiama informacija [&hellip;]\" \/>\n<meta property=\"og:url\" content=\"https:\/\/level1.nl\/lt\/atsakomybes-apribojimas\/\" \/>\n<meta property=\"og:site_name\" content=\"Level One Uitzendbureau\" \/>\n<meta property=\"article:publisher\" content=\"https:\/\/www.facebook.com\/LevelOneUitzendbureau\/\" \/>\n<meta property=\"article:modified_time\" content=\"2025-11-17T09:33:42+00:00\" \/>\n<meta name=\"twitter:card\" content=\"summary_large_image\" \/>\n<meta name=\"twitter:label1\" content=\"Est. reading time\" \/>\n\t<meta name=\"twitter:data1\" content=\"2 minut\u0117s\" \/>\n<script type=\"application\/ld+json\" class=\"yoast-schema-graph\">{\"@context\":\"https:\/\/schema.org\",\"@graph\":[{\"@type\":\"WebPage\",\"@id\":\"https:\/\/level1.nl\/lt\/atsakomybes-apribojimas\/\",\"url\":\"https:\/\/level1.nl\/lt\/atsakomybes-apribojimas\/\",\"name\":\"Atsakomyb\u0117s apribojimas - Level One Uitzendbureau\",\"isPartOf\":{\"@id\":\"https:\/\/level1.nl\/lt\/#website\"},\"datePublished\":\"2025-05-19T12:38:04+00:00\",\"dateModified\":\"2025-11-17T09:33:42+00:00\",\"breadcrumb\":{\"@id\":\"https:\/\/level1.nl\/lt\/atsakomybes-apribojimas\/#breadcrumb\"},\"inLanguage\":\"lt-LT\",\"potentialAction\":[{\"@type\":\"ReadAction\",\"target\":[\"https:\/\/level1.nl\/lt\/atsakomybes-apribojimas\/\"]}]},{\"@type\":\"BreadcrumbList\",\"@id\":\"https:\/\/level1.nl\/lt\/atsakomybes-apribojimas\/#breadcrumb\",\"itemListElement\":[{\"@type\":\"ListItem\",\"position\":1,\"name\":\"Pagrindinis\",\"item\":\"https:\/\/level1.nl\/lt\/\"},{\"@type\":\"ListItem\",\"position\":2,\"name\":\"Atsakomyb\u0117s apribojimas\"}]},{\"@type\":\"WebSite\",\"@id\":\"https:\/\/level1.nl\/lt\/#website\",\"url\":\"https:\/\/level1.nl\/lt\/\",\"name\":\"Level One Uitzendbureau\",\"description\":\"Uitzenden, Detacheren, Payroll en Werving &amp; Selectie behoren tot de mogelijkheden bij Level One uitzendbureau\",\"publisher\":{\"@id\":\"https:\/\/level1.nl\/lt\/#organization\"},\"potentialAction\":[{\"@type\":\"SearchAction\",\"target\":{\"@type\":\"EntryPoint\",\"urlTemplate\":\"https:\/\/level1.nl\/lt\/?s={search_term_string}\"},\"query-input\":{\"@type\":\"PropertyValueSpecification\",\"valueRequired\":true,\"valueName\":\"search_term_string\"}}],\"inLanguage\":\"lt-LT\"},{\"@type\":\"Organization\",\"@id\":\"https:\/\/level1.nl\/lt\/#organization\",\"name\":\"Level One Uitzendbureau\",\"alternateName\":\"Level 1\",\"url\":\"https:\/\/level1.nl\/lt\/\",\"logo\":{\"@type\":\"ImageObject\",\"inLanguage\":\"lt-LT\",\"@id\":\"https:\/\/level1.nl\/lt\/#\/schema\/logo\/image\/\",\"url\":\"https:\/\/level1.nl\/wp-content\/uploads\/2025\/05\/favicon.png\",\"contentUrl\":\"https:\/\/level1.nl\/wp-content\/uploads\/2025\/05\/favicon.png\",\"width\":512,\"height\":512,\"caption\":\"Level One Uitzendbureau\"},\"image\":{\"@id\":\"https:\/\/level1.nl\/lt\/#\/schema\/logo\/image\/\"},\"sameAs\":[\"https:\/\/www.facebook.com\/LevelOneUitzendbureau\/\",\"https:\/\/www.instagram.com\/leveloneuitzendbureau\/\"]}]}<\/script>\n<!-- \/ Yoast SEO plugin. -->","yoast_head_json":{"title":"Atsakomyb\u0117s apribojimas - Level One Uitzendbureau","robots":{"index":"index","follow":"follow","max-snippet":"max-snippet:-1","max-image-preview":"max-image-preview:large","max-video-preview":"max-video-preview:-1"},"canonical":"https:\/\/level1.nl\/lt\/atsakomybes-apribojimas\/","og_locale":"lt_LT","og_type":"article","og_title":"Atsakomyb\u0117s apribojimas - Level One Uitzendbureau","og_description":"\u0160i svetain\u0117 priklauso bendrovei Level One. Prieiga prie \u0161ios svetain\u0117s ir naudojimasis ja priklauso nuo \u0161ios atsakomyb\u0117s atsisakymo ir privatumo parei\u0161kimo. Naudodamasis svetaine naudotojas sutinka su s\u0105lygomis, nurodytomis Level One atsakomyb\u0117s atsisakymo ir privatumo parei\u0161kime. U\u017e \u0161ioje svetain\u0117je pateikiam\u0105 informacij\u0105 atsako bendrov\u0117 Level One Bendrov\u0117 Level One deda visas pastangas, kad jos svetain\u0117je pateikiama informacija [&hellip;]","og_url":"https:\/\/level1.nl\/lt\/atsakomybes-apribojimas\/","og_site_name":"Level One Uitzendbureau","article_publisher":"https:\/\/www.facebook.com\/LevelOneUitzendbureau\/","article_modified_time":"2025-11-17T09:33:42+00:00","twitter_card":"summary_large_image","twitter_misc":{"Est. reading time":"2 minut\u0117s"},"schema":{"@context":"https:\/\/schema.org","@graph":[{"@type":"WebPage","@id":"https:\/\/level1.nl\/lt\/atsakomybes-apribojimas\/","url":"https:\/\/level1.nl\/lt\/atsakomybes-apribojimas\/","name":"Atsakomyb\u0117s apribojimas - Level One Uitzendbureau","isPartOf":{"@id":"https:\/\/level1.nl\/lt\/#website"},"datePublished":"2025-05-19T12:38:04+00:00","dateModified":"2025-11-17T09:33:42+00:00","breadcrumb":{"@id":"https:\/\/level1.nl\/lt\/atsakomybes-apribojimas\/#breadcrumb"},"inLanguage":"lt-LT","potentialAction":[{"@type":"ReadAction","target":["https:\/\/level1.nl\/lt\/atsakomybes-apribojimas\/"]}]},{"@type":"BreadcrumbList","@id":"https:\/\/level1.nl\/lt\/atsakomybes-apribojimas\/#breadcrumb","itemListElement":[{"@type":"ListItem","position":1,"name":"Pagrindinis","item":"https:\/\/level1.nl\/lt\/"},{"@type":"ListItem","position":2,"name":"Atsakomyb\u0117s apribojimas"}]},{"@type":"WebSite","@id":"https:\/\/level1.nl\/lt\/#website","url":"https:\/\/level1.nl\/lt\/","name":"Level One Uitzendbureau","description":"Uitzenden, Detacheren, Payroll en Werving &amp; Selectie behoren tot de mogelijkheden bij Level One uitzendbureau","publisher":{"@id":"https:\/\/level1.nl\/lt\/#organization"},"potentialAction":[{"@type":"SearchAction","target":{"@type":"EntryPoint","urlTemplate":"https:\/\/level1.nl\/lt\/?s={search_term_string}"},"query-input":{"@type":"PropertyValueSpecification","valueRequired":true,"valueName":"search_term_string"}}],"inLanguage":"lt-LT"},{"@type":"Organization","@id":"https:\/\/level1.nl\/lt\/#organization","name":"Level One Uitzendbureau","alternateName":"Level 1","url":"https:\/\/level1.nl\/lt\/","logo":{"@type":"ImageObject","inLanguage":"lt-LT","@id":"https:\/\/level1.nl\/lt\/#\/schema\/logo\/image\/","url":"https:\/\/level1.nl\/wp-content\/uploads\/2025\/05\/favicon.png","contentUrl":"https:\/\/level1.nl\/wp-content\/uploads\/2025\/05\/favicon.png","width":512,"height":512,"caption":"Level One Uitzendbureau"},"image":{"@id":"https:\/\/level1.nl\/lt\/#\/schema\/logo\/image\/"},"sameAs":["https:\/\/www.facebook.com\/LevelOneUitzendbureau\/","https:\/\/www.instagram.com\/leveloneuitzendbureau\/"]}]}},"_links":{"self":[{"href":"https:\/\/level1.nl\/lt\/wp-json\/wp\/v2\/pages\/3006","targetHints":{"allow":["GET"]}}],"collection":[{"href":"https:\/\/level1.nl\/lt\/wp-json\/wp\/v2\/pages"}],"about":[{"href":"https:\/\/level1.nl\/lt\/wp-json\/wp\/v2\/types\/page"}],"author":[{"embeddable":true,"href":"https:\/\/level1.nl\/lt\/wp-json\/wp\/v2\/users\/1"}],"replies":[{"embeddable":true,"href":"https:\/\/level1.nl\/lt\/wp-json\/wp\/v2\/comments?post=3006"}],"version-history":[{"count":5,"href":"https:\/\/level1.nl\/lt\/wp-json\/wp\/v2\/pages\/3006\/revisions"}],"predecessor-version":[{"id":5806,"href":"https:\/\/level1.nl\/lt\/wp-json\/wp\/v2\/pages\/3006\/revisions\/5806"}],"wp:attachment":[{"href":"https:\/\/level1.nl\/lt\/wp-json\/wp\/v2\/media?parent=3006"}],"curies":[{"name":"wp","href":"https:\/\/api.w.org\/{rel}","templated":true}]}}