{"id":3025,"date":"2025-04-22T09:32:50","date_gmt":"2025-04-22T09:32:50","guid":{"rendered":"https:\/\/level1.spikker.nl\/privatumo-pareiskimas\/"},"modified":"2026-03-31T13:55:28","modified_gmt":"2026-03-31T13:55:28","slug":"privatumo-pareiskimas","status":"publish","type":"page","link":"https:\/\/level1.nl\/lt\/privatumo-pareiskimas\/","title":{"rendered":"Privatumo parei\u0161kimas"},"content":{"rendered":"\n<p>Level One Uitzendbureau B.V., Level One Payroll B.V. ir Level One Holding B.V., toliau kartu vadinamos Level One: Level One teikia didel\u0119 reik\u0161m\u0119 j\u016bs\u0173 privatumo apsaugai, tod\u0117l (asmens) duomenys yra kruop\u0161\u010diai tvarkomi ir saugomi. \u0160iame privatumo parei\u0161kime paai\u0161kiname, kokius asmens duomenis ir kokiu tikslu renkame ir naudojame. <\/p>\n\n<p><strong>Asmens duomen\u0173 tvarkymas<\/strong><br\/>Level One gali tvarkyti j\u016bs\u0173 asmens duomenis, nes j\u016bs naudojat\u0117s m\u016bs\u0173 paslaugomis ir (arba) patys mums juos pateikiate. Pavyzd\u017eiui, galite pateikti mums savo kontaktinius duomenis, jei norite su mumis susisiekti, jei norite gauti daugiau informacijos apie m\u016bs\u0173 paslaugas, jei norite pateikti parai\u0161k\u0105 d\u0117l darbo vietos m\u016bs\u0173 organizacijoje arba jei norite su mumis bendradarbiauti. Tuomet mes tvarkome \u0161iuos asmens duomenis, kad gal\u0117tume teikti savo paslaugas ir (arba) jus informuoti. Be \u0161i\u0173 asmens duomen\u0173 negalime teikti savo paslaug\u0173 ir (arba) informuoti j\u016bs\u0173. J\u016bs\u0173 asmens duomenis naudojame tik tam, kad gal\u0117tume apdoroti j\u016bs\u0173 pra\u0161ym\u0105.    <\/p>\n\n<p>Kartais mes taip pat galime netiesiogiai gauti su jumis susijusios informacijos i\u0161 tre\u010diosios \u0161alies. Kai tai darome, pra\u0161ome atitinkamos tre\u010diosios \u0161alies u\u017etikrinti, kad ji informacij\u0105 gavo teis\u0117tu b\u016bdu ir kad mes turime teis\u0119 i\u0161 jos gauti ir naudoti \u0161i\u0105 informacij\u0105. <\/p>\n\n<p>Be kita ko, turite teis\u0119 bet kuriuo metu papra\u0161yti pateikti m\u016bs\u0173 turim\u0105 informacij\u0105 apie jus ir, jei norite, j\u0105 pataisyti arba i\u0161trinti (arba liepti j\u0105 i\u0161trinti). Tai galite padaryti i\u0161si\u0173sdami detalizuot\u0105 pra\u0161ym\u0105 adresu <a href=\"mailto:info@level1.nl\">info@level1.nl<\/a>. Nor\u0117dami \u012fsitikinti, kad pra\u0161ym\u0105 d\u0117l patikrinimo pateik\u0117te j\u016bs, pra\u0161ome prie pra\u0161ymo prid\u0117ti asmens tapatyb\u0119 patvirtinan\u010dio dokumento kopij\u0105. \u0160ioje kopijoje u\u017etu\u0161uokite paso nuotrauk\u0105, MRZ (ma\u0161ininio nuskaitymo zon\u0105, skai\u010di\u0173 juostel\u0119 paso apa\u010dioje), paso numer\u012f ir pilie\u010dio tarnybos numer\u012f (BSN). Taip siekiama apsaugoti j\u016bs\u0173 privatum\u0105. Level One atsakys \u012f j\u016bs\u0173 pra\u0161ym\u0105 kuo grei\u010diau, ta\u010diau bet kuriuo atveju per keturias savaites.     <\/p>\n\n<p>M\u016bs\u0173 svetain\u0117je naudojami tik funkciniai slapukai, kurie nepa\u017eeid\u017eia j\u016bs\u0173 privatumo. Tai slapukai, kurie yra techni\u0161kai b\u016btini, kad m\u016bs\u0173 svetain\u0117 veikt\u0173 ir veikt\u0173. Pagal nauj\u0105j\u012f Europos privatumo \u012fstatym\u0105 (Bendr\u0105j\u012f duomen\u0173 apsaugos reglament\u0105) jums nebereikia duoti sutikimo d\u0117l \u0161i\u0173 slapuk\u0173 talpinimo.<br\/>Savo Slapuk\u0173 naudojimo parei\u0161kime informuojame jus apie \u0161i\u0173 slapuk\u0173 talpinim\u0105, nes norime b\u016bti skaidr\u016bs ir ai\u0161kiai informuoti apie tai, k\u0105 darome.  <\/p>\n\n<p>M\u016bs\u0173 svetain\u0117s lankytoj\u0173 privatum\u0105 gerbia visi m\u016bs\u0173 darbuotojai. Informacija ir asmens duomenys yra laikomi konfidencialiai, \u012fskaitant tre\u010di\u0105sias \u0161alis, atsakingas u\u017e j\u016bs\u0173 duomen\u0173 saugojimo saugum\u0105, ir nenaudojami kitais nei nurodytais tikslais. <\/p>\n\n<p><strong>Automatizuotas sprendim\u0173 pri\u0117mimas<\/strong><br\/>Level One nepriima sprendim\u0173 d\u0117l dalyk\u0173, kurie gali (reik\u0161mingai) paveikti asmenis, remdamasis automatizuotu duomen\u0173 tvarkymu.<\/p>\n\n<p><strong>Asmens duomen\u0173 naudojimas<\/strong><br\/>Level One renka ir naudoja j\u016bs\u0173 asmens duomenis, kad gal\u0117t\u0173 valdyti Level One interneto svetain\u0119 ir teikti j\u016bs\u0173 pra\u0161om\u0105 informacij\u0105, paslaugas ir aptarnavim\u0105. Level One taip pat gali naudoti j\u016bs\u0173 asmenin\u0119 informacij\u0105, kad informuot\u0173 jus apie Level One paslaugas J\u016bs\u0173 asmenin\u0119 informacij\u0105 taip pat galime naudoti tyrimams ir analizei, kuriais siekiama tobulinti tiek m\u016bs\u0173 svetain\u0119, tiek m\u016bs\u0173 paslaugas. <\/p>\n\n<p><strong>Perdavimas tre\u010diosioms \u0161alims<\/strong><br\/>Level One neparduoda, nenuomoja ir neskolina klient\u0173 s\u0105ra\u0161\u0173 tre\u010diosioms \u0161alims. Level One niekada neatskleis j\u016bs\u0173 asmenin\u0117s informacijos be i\u0161ankstinio \u012fsp\u0117jimo, i\u0161skyrus atvejus, kai to reikalauja \u012fstatymas arba kai s\u0105\u017einingai tikima, kad tokie veiksmai yra b\u016btini:<br\/>vykdant teisin\u012f pra\u0161ym\u0105; arba<br\/>saugant ir ginant Level One\u201cteises ar nuosavyb\u0119; arba<br\/>veikiant ypatingomis aplinkyb\u0117mis, kad b\u016bt\u0173 apsaugotas Level One naudotoj\u0173 ar visuomen\u0117s asmeninis saugumas. <\/p>\n\n<p><strong>Asmens duomen\u0173 saugojimas<\/strong><br\/>Pagrindinis asmens duomen\u0173 saugojimo principas yra tas, kad visi duomenys netur\u0117t\u0173 b\u016bti saugomi ilgiau nei b\u016btina. Tod\u0117l Level One nelaikys asmens duomen\u0173 ilgiau, nei tai yra b\u016btina tikslams, d\u0117l kuri\u0173 duomenys buvo surinkti, \u012fgyvendinti. I\u0161imtis &#8211; duomenys, kuriuos privalome saugoti ilgiau, nes to reikalauja \u012fstatymai.  <\/p>\n\n<p><strong>Asmens duomen\u0173 saugumas<\/strong><br\/>Level One u\u017etikrina tinkam\u0105 organizacin\u012f, technin\u012f ir fizin\u012f j\u016bs\u0173 asmens duomen\u0173 saugum\u0105. J\u016bs\u0173 pateiktus asmens duomenis Level One saugo kompiuteri\u0173 serveriuose, kontroliuojamoje, saugioje aplinkoje, apsaugotoje nuo neteis\u0117tos prieigos, naudojimo ar atskleidimo. <\/p>\n\n<p><strong>Privatumo parei\u0161kimo keitimas<\/strong><br\/>\u0160is privatumo parei\u0161kimas gali b\u016bti kei\u010diamas. Level One retkar\u010diais atnaujins \u0161\u012f privatumo parei\u0161kim\u0105, kad atspind\u0117t\u0173 bendrov\u0117s ir klient\u0173 atsiliepimus. Level One ragina jus periodi\u0161kai per\u017ei\u016br\u0117ti \u0161\u012f parei\u0161kim\u0105, kad su\u017einotum\u0117te, kaip Level One saugo j\u016bs\u0173 informacij\u0105.  <\/p>\n\n<p><strong>Kontaktin\u0117 informacija<\/strong><br\/>\u201eLevel One\u201c mielai priima j\u016bs\u0173 atsiliepimus apie \u0161i\u0105 privatumo deklaracij\u0105. Jei manote, kad \u201eLevel One\u201c nesilaik\u0117 \u0161ios deklaracijos, galite susisiekti su personalo (HR) skyriumi el. pa\u0161tu <a href=\"mailto:hr.level1.nl\">hr@level1.nl<\/a> arba telefonu <a href=\"tel:0527271369\">0527-271369<\/a>. \u201eLevel One\u201c taip pat nori atkreipti j\u016bs\u0173 d\u0117mes\u012f, kad turite galimyb\u0119 pateikti skund\u0105 nacionalinei prie\u017ei\u016bros institucijai, Asmens duomen\u0173 apsaugos institucijai.  <\/p>\n\n<p><\/p>\n","protected":false},"excerpt":{"rendered":"<p>Level One Uitzendbureau B.V., Level One Payroll B.V. ir Level One Holding B.V., toliau kartu vadinamos Level One: Level One teikia didel\u0119 reik\u0161m\u0119 j\u016bs\u0173 privatumo apsaugai, tod\u0117l (asmens) duomenys yra kruop\u0161\u010diai tvarkomi ir saugomi. \u0160iame privatumo parei\u0161kime paai\u0161kiname, kokius asmens duomenis ir kokiu tikslu renkame ir naudojame. Asmens duomen\u0173 tvarkymasLevel One gali tvarkyti j\u016bs\u0173 asmens [&hellip;]<\/p>\n","protected":false},"author":1,"featured_media":0,"parent":0,"menu_order":0,"comment_status":"closed","ping_status":"closed","template":"","meta":{"_acf_changed":false,"footnotes":""},"class_list":["post-3025","page","type-page","status-publish","hentry"],"blocksy_meta":[],"acf":[],"yoast_head":"<!-- This site is optimized with the Yoast SEO plugin v26.7 - https:\/\/yoast.com\/wordpress\/plugins\/seo\/ -->\n<title>Privatumo parei\u0161kimas - Level One Uitzendbureau<\/title>\n<meta name=\"robots\" content=\"index, follow, max-snippet:-1, max-image-preview:large, max-video-preview:-1\" \/>\n<link rel=\"canonical\" href=\"https:\/\/level1.nl\/lt\/privatumo-pareiskimas\/\" \/>\n<meta property=\"og:locale\" content=\"lt_LT\" \/>\n<meta property=\"og:type\" content=\"article\" \/>\n<meta property=\"og:title\" content=\"Privatumo parei\u0161kimas - Level One Uitzendbureau\" \/>\n<meta property=\"og:description\" content=\"Level One Uitzendbureau B.V., Level One Payroll B.V. ir Level One Holding B.V., toliau kartu vadinamos Level One: Level One teikia didel\u0119 reik\u0161m\u0119 j\u016bs\u0173 privatumo apsaugai, tod\u0117l (asmens) duomenys yra kruop\u0161\u010diai tvarkomi ir saugomi. \u0160iame privatumo parei\u0161kime paai\u0161kiname, kokius asmens duomenis ir kokiu tikslu renkame ir naudojame. Asmens duomen\u0173 tvarkymasLevel One gali tvarkyti j\u016bs\u0173 asmens [&hellip;]\" \/>\n<meta property=\"og:url\" content=\"https:\/\/level1.nl\/lt\/privatumo-pareiskimas\/\" \/>\n<meta property=\"og:site_name\" content=\"Level One Uitzendbureau\" \/>\n<meta property=\"article:publisher\" content=\"https:\/\/www.facebook.com\/LevelOneUitzendbureau\/\" \/>\n<meta property=\"article:modified_time\" content=\"2026-03-31T13:55:28+00:00\" \/>\n<meta name=\"twitter:card\" content=\"summary_large_image\" \/>\n<meta name=\"twitter:label1\" content=\"Est. reading time\" \/>\n\t<meta name=\"twitter:data1\" content=\"4 minut\u0117s\" \/>\n<script type=\"application\/ld+json\" class=\"yoast-schema-graph\">{\"@context\":\"https:\/\/schema.org\",\"@graph\":[{\"@type\":\"WebPage\",\"@id\":\"https:\/\/level1.nl\/lt\/privatumo-pareiskimas\/\",\"url\":\"https:\/\/level1.nl\/lt\/privatumo-pareiskimas\/\",\"name\":\"Privatumo parei\u0161kimas - Level One Uitzendbureau\",\"isPartOf\":{\"@id\":\"https:\/\/level1.nl\/lt\/#website\"},\"datePublished\":\"2025-04-22T09:32:50+00:00\",\"dateModified\":\"2026-03-31T13:55:28+00:00\",\"breadcrumb\":{\"@id\":\"https:\/\/level1.nl\/lt\/privatumo-pareiskimas\/#breadcrumb\"},\"inLanguage\":\"lt-LT\",\"potentialAction\":[{\"@type\":\"ReadAction\",\"target\":[\"https:\/\/level1.nl\/lt\/privatumo-pareiskimas\/\"]}]},{\"@type\":\"BreadcrumbList\",\"@id\":\"https:\/\/level1.nl\/lt\/privatumo-pareiskimas\/#breadcrumb\",\"itemListElement\":[{\"@type\":\"ListItem\",\"position\":1,\"name\":\"Pagrindinis\",\"item\":\"https:\/\/level1.nl\/lt\/\"},{\"@type\":\"ListItem\",\"position\":2,\"name\":\"Privatumo parei\u0161kimas\"}]},{\"@type\":\"WebSite\",\"@id\":\"https:\/\/level1.nl\/lt\/#website\",\"url\":\"https:\/\/level1.nl\/lt\/\",\"name\":\"Level One Uitzendbureau\",\"description\":\"Uitzenden, Detacheren, Payroll en Werving &amp; Selectie behoren tot de mogelijkheden bij Level One uitzendbureau\",\"publisher\":{\"@id\":\"https:\/\/level1.nl\/lt\/#organization\"},\"potentialAction\":[{\"@type\":\"SearchAction\",\"target\":{\"@type\":\"EntryPoint\",\"urlTemplate\":\"https:\/\/level1.nl\/lt\/?s={search_term_string}\"},\"query-input\":{\"@type\":\"PropertyValueSpecification\",\"valueRequired\":true,\"valueName\":\"search_term_string\"}}],\"inLanguage\":\"lt-LT\"},{\"@type\":\"Organization\",\"@id\":\"https:\/\/level1.nl\/lt\/#organization\",\"name\":\"Level One Uitzendbureau\",\"alternateName\":\"Level 1\",\"url\":\"https:\/\/level1.nl\/lt\/\",\"logo\":{\"@type\":\"ImageObject\",\"inLanguage\":\"lt-LT\",\"@id\":\"https:\/\/level1.nl\/lt\/#\/schema\/logo\/image\/\",\"url\":\"https:\/\/level1.nl\/wp-content\/uploads\/2025\/05\/favicon.png\",\"contentUrl\":\"https:\/\/level1.nl\/wp-content\/uploads\/2025\/05\/favicon.png\",\"width\":512,\"height\":512,\"caption\":\"Level One Uitzendbureau\"},\"image\":{\"@id\":\"https:\/\/level1.nl\/lt\/#\/schema\/logo\/image\/\"},\"sameAs\":[\"https:\/\/www.facebook.com\/LevelOneUitzendbureau\/\",\"https:\/\/www.instagram.com\/leveloneuitzendbureau\/\"]}]}<\/script>\n<!-- \/ Yoast SEO plugin. -->","yoast_head_json":{"title":"Privatumo parei\u0161kimas - Level One Uitzendbureau","robots":{"index":"index","follow":"follow","max-snippet":"max-snippet:-1","max-image-preview":"max-image-preview:large","max-video-preview":"max-video-preview:-1"},"canonical":"https:\/\/level1.nl\/lt\/privatumo-pareiskimas\/","og_locale":"lt_LT","og_type":"article","og_title":"Privatumo parei\u0161kimas - Level One Uitzendbureau","og_description":"Level One Uitzendbureau B.V., Level One Payroll B.V. ir Level One Holding B.V., toliau kartu vadinamos Level One: Level One teikia didel\u0119 reik\u0161m\u0119 j\u016bs\u0173 privatumo apsaugai, tod\u0117l (asmens) duomenys yra kruop\u0161\u010diai tvarkomi ir saugomi. \u0160iame privatumo parei\u0161kime paai\u0161kiname, kokius asmens duomenis ir kokiu tikslu renkame ir naudojame. Asmens duomen\u0173 tvarkymasLevel One gali tvarkyti j\u016bs\u0173 asmens [&hellip;]","og_url":"https:\/\/level1.nl\/lt\/privatumo-pareiskimas\/","og_site_name":"Level One Uitzendbureau","article_publisher":"https:\/\/www.facebook.com\/LevelOneUitzendbureau\/","article_modified_time":"2026-03-31T13:55:28+00:00","twitter_card":"summary_large_image","twitter_misc":{"Est. reading time":"4 minut\u0117s"},"schema":{"@context":"https:\/\/schema.org","@graph":[{"@type":"WebPage","@id":"https:\/\/level1.nl\/lt\/privatumo-pareiskimas\/","url":"https:\/\/level1.nl\/lt\/privatumo-pareiskimas\/","name":"Privatumo parei\u0161kimas - Level One Uitzendbureau","isPartOf":{"@id":"https:\/\/level1.nl\/lt\/#website"},"datePublished":"2025-04-22T09:32:50+00:00","dateModified":"2026-03-31T13:55:28+00:00","breadcrumb":{"@id":"https:\/\/level1.nl\/lt\/privatumo-pareiskimas\/#breadcrumb"},"inLanguage":"lt-LT","potentialAction":[{"@type":"ReadAction","target":["https:\/\/level1.nl\/lt\/privatumo-pareiskimas\/"]}]},{"@type":"BreadcrumbList","@id":"https:\/\/level1.nl\/lt\/privatumo-pareiskimas\/#breadcrumb","itemListElement":[{"@type":"ListItem","position":1,"name":"Pagrindinis","item":"https:\/\/level1.nl\/lt\/"},{"@type":"ListItem","position":2,"name":"Privatumo parei\u0161kimas"}]},{"@type":"WebSite","@id":"https:\/\/level1.nl\/lt\/#website","url":"https:\/\/level1.nl\/lt\/","name":"Level One Uitzendbureau","description":"Uitzenden, Detacheren, Payroll en Werving &amp; Selectie behoren tot de mogelijkheden bij Level One uitzendbureau","publisher":{"@id":"https:\/\/level1.nl\/lt\/#organization"},"potentialAction":[{"@type":"SearchAction","target":{"@type":"EntryPoint","urlTemplate":"https:\/\/level1.nl\/lt\/?s={search_term_string}"},"query-input":{"@type":"PropertyValueSpecification","valueRequired":true,"valueName":"search_term_string"}}],"inLanguage":"lt-LT"},{"@type":"Organization","@id":"https:\/\/level1.nl\/lt\/#organization","name":"Level One Uitzendbureau","alternateName":"Level 1","url":"https:\/\/level1.nl\/lt\/","logo":{"@type":"ImageObject","inLanguage":"lt-LT","@id":"https:\/\/level1.nl\/lt\/#\/schema\/logo\/image\/","url":"https:\/\/level1.nl\/wp-content\/uploads\/2025\/05\/favicon.png","contentUrl":"https:\/\/level1.nl\/wp-content\/uploads\/2025\/05\/favicon.png","width":512,"height":512,"caption":"Level One Uitzendbureau"},"image":{"@id":"https:\/\/level1.nl\/lt\/#\/schema\/logo\/image\/"},"sameAs":["https:\/\/www.facebook.com\/LevelOneUitzendbureau\/","https:\/\/www.instagram.com\/leveloneuitzendbureau\/"]}]}},"_links":{"self":[{"href":"https:\/\/level1.nl\/lt\/wp-json\/wp\/v2\/pages\/3025","targetHints":{"allow":["GET"]}}],"collection":[{"href":"https:\/\/level1.nl\/lt\/wp-json\/wp\/v2\/pages"}],"about":[{"href":"https:\/\/level1.nl\/lt\/wp-json\/wp\/v2\/types\/page"}],"author":[{"embeddable":true,"href":"https:\/\/level1.nl\/lt\/wp-json\/wp\/v2\/users\/1"}],"replies":[{"embeddable":true,"href":"https:\/\/level1.nl\/lt\/wp-json\/wp\/v2\/comments?post=3025"}],"version-history":[{"count":12,"href":"https:\/\/level1.nl\/lt\/wp-json\/wp\/v2\/pages\/3025\/revisions"}],"predecessor-version":[{"id":6414,"href":"https:\/\/level1.nl\/lt\/wp-json\/wp\/v2\/pages\/3025\/revisions\/6414"}],"wp:attachment":[{"href":"https:\/\/level1.nl\/lt\/wp-json\/wp\/v2\/media?parent=3025"}],"curies":[{"name":"wp","href":"https:\/\/api.w.org\/{rel}","templated":true}]}}