{"id":3001,"date":"2025-05-19T12:43:29","date_gmt":"2025-05-19T12:43:29","guid":{"rendered":"https:\/\/level1.spikker.nl\/pliki-cookie\/"},"modified":"2025-11-25T08:49:24","modified_gmt":"2025-11-25T08:49:24","slug":"pliki-cookie","status":"publish","type":"page","link":"https:\/\/level1.nl\/pl\/pliki-cookie\/","title":{"rendered":"Pliki cookie"},"content":{"rendered":"\n<p><strong>Cookieverklaring<\/strong><\/p>\n\n<p>Ta strona internetowa korzysta z plik\u00f3w cookies. U\u017cywamy plik\u00f3w cookies do personalizacji tre\u015bci, oferowania funkcji zwi\u0105zanych z mediami spo\u0142eczno\u015bciowymi oraz analizy ruchu na naszej stronie internetowej. Dzielimy si\u0119 r\u00f3wnie\u017c informacjami o Twoim korzystaniu z naszej strony z naszymi partnerami zajmuj\u0105cymi si\u0119 mediami spo\u0142eczno\u015bciowymi, reklam\u0105 i analiz\u0105. Ci partnerzy mog\u0105 \u0142\u0105czy\u0107 te dane z innymi informacjami, kt\u00f3re im dostarczy\u0142e\u015b lub kt\u00f3re zebrali na podstawie Twojego korzystania z ich us\u0142ug.   <\/p>\n\n<p>Cookies to ma\u0142e pliki tekstowe, kt\u00f3re s\u0105 umieszczane na Twoim urz\u0105dzeniu podczas odwiedzania strony internetowej. Zapewniaj\u0105 one prawid\u0142owe dzia\u0142anie stron internetowych i poprawiaj\u0105 do\u015bwiadczenia u\u017cytkownika. <\/p>\n\n<p>Zgodnie z przepisami prawa, mo\u017cemy przechowywa\u0107 pliki cookies na Twoim urz\u0105dzeniu, je\u015bli s\u0105 one \u015bci\u015ble niezb\u0119dne do prawid\u0142owego funkcjonowania strony. W przypadku wszystkich innych rodzaj\u00f3w plik\u00f3w cookies prosimy o Twoj\u0105 zgod\u0119. <\/p>\n\n<h3 class=\"wp-block-heading\">Rodzaje plik\u00f3w cookies, kt\u00f3re u\u017cywamy:<\/h3>\n\n<ul class=\"wp-block-list\">\n<li><strong>Cookies funkcjonalne:<\/strong> Niezb\u0119dne do podstawowego dzia\u0142ania strony internetowej.<\/li>\n\n\n\n<li><strong>Cookies preferencji:<\/strong> Zapami\u0119tuj\u0105 Twoje preferencje, takie jak j\u0119zyk.<\/li>\n\n\n\n<li><strong>Cookies statystyczne: <\/strong>Pomagaj\u0105 nam zrozumie\u0107, w jaki spos\u00f3b odwiedzaj\u0105cy korzystaj\u0105 ze strony internetowej.<\/li>\n\n\n\n<li><strong>Cookies marketingowe: <\/strong>S\u0142u\u017c\u0105 do \u015bledzenia odwiedzaj\u0105cych i wy\u015bwietlania odpowiednich reklam.<\/li>\n<\/ul>\n\n<h3 class=\"wp-block-heading\">Zarz\u0105dzanie plikami cookies za pomoc\u0105 Cookiebot<\/h3>\n\n<p>Za pomoc\u0105 naszego banera cookies (umo\u017cliwionego przez Cookiebot) mo\u017cesz wskaza\u0107 na kt\u00f3re pliki cookies chcesz zezwoli\u0107, a na kt\u00f3re nie. Mo\u017cesz w ka\u017cdej chwili zmieni\u0107 lub cofn\u0105\u0107 swoj\u0105 zgod\u0119 za pomoc\u0105 ustawie\u0144 cookies na naszej stronie internetowej. <\/p>\n\n<p>In ons privacybeleid leest u meer over wie wij zijn, hoe u contact met ons kunt opnemen en hoe wij persoonsgegevens verwerken.<\/p>\n\n<p>Heeft u vragen over uw toestemming? Vermeld dan alstublieft het ID en de datum van uw toestemmingsverklaring. <\/p>\n\n<script id=\"CookieDeclaration\" src=\"https:\/\/consent.cookiebot.com\/99b62284-e4fd-46a8-abbd-d95843ed168a\/cd.js\" type=\"text\/javascript\" async=\"\"><\/script>\n\n<p><\/p>\n","protected":false},"excerpt":{"rendered":"<p>Cookieverklaring Ta strona internetowa korzysta z plik\u00f3w cookies. U\u017cywamy plik\u00f3w cookies do personalizacji tre\u015bci, oferowania funkcji zwi\u0105zanych z mediami spo\u0142eczno\u015bciowymi oraz analizy ruchu na naszej stronie internetowej. Dzielimy si\u0119 r\u00f3wnie\u017c informacjami o Twoim korzystaniu z naszej strony z naszymi partnerami zajmuj\u0105cymi si\u0119 mediami spo\u0142eczno\u015bciowymi, reklam\u0105 i analiz\u0105. Ci partnerzy mog\u0105 \u0142\u0105czy\u0107 te dane z innymi [&hellip;]<\/p>\n","protected":false},"author":1,"featured_media":0,"parent":0,"menu_order":0,"comment_status":"closed","ping_status":"closed","template":"","meta":{"_acf_changed":false,"footnotes":""},"class_list":["post-3001","page","type-page","status-publish","hentry"],"blocksy_meta":[],"acf":[],"yoast_head":"<!-- This site is optimized with the Yoast SEO plugin v26.7 - https:\/\/yoast.com\/wordpress\/plugins\/seo\/ -->\n<title>Pliki cookie - Level One Uitzendbureau<\/title>\n<meta name=\"robots\" content=\"index, follow, max-snippet:-1, max-image-preview:large, max-video-preview:-1\" \/>\n<link rel=\"canonical\" href=\"https:\/\/level1.nl\/pl\/pliki-cookie\/\" \/>\n<meta property=\"og:locale\" content=\"pl_PL\" \/>\n<meta property=\"og:type\" content=\"article\" \/>\n<meta property=\"og:title\" content=\"Pliki cookie - Level One Uitzendbureau\" \/>\n<meta property=\"og:description\" content=\"Cookieverklaring Ta strona internetowa korzysta z plik\u00f3w cookies. U\u017cywamy plik\u00f3w cookies do personalizacji tre\u015bci, oferowania funkcji zwi\u0105zanych z mediami spo\u0142eczno\u015bciowymi oraz analizy ruchu na naszej stronie internetowej. Dzielimy si\u0119 r\u00f3wnie\u017c informacjami o Twoim korzystaniu z naszej strony z naszymi partnerami zajmuj\u0105cymi si\u0119 mediami spo\u0142eczno\u015bciowymi, reklam\u0105 i analiz\u0105. Ci partnerzy mog\u0105 \u0142\u0105czy\u0107 te dane z innymi [&hellip;]\" \/>\n<meta property=\"og:url\" content=\"https:\/\/level1.nl\/pl\/pliki-cookie\/\" \/>\n<meta property=\"og:site_name\" content=\"Level One Uitzendbureau\" \/>\n<meta property=\"article:publisher\" content=\"https:\/\/www.facebook.com\/LevelOneUitzendbureau\/\" \/>\n<meta property=\"article:modified_time\" content=\"2025-11-25T08:49:24+00:00\" \/>\n<meta name=\"twitter:card\" content=\"summary_large_image\" \/>\n<meta name=\"twitter:label1\" content=\"Szacowany czas czytania\" \/>\n\t<meta name=\"twitter:data1\" content=\"2 minuty\" \/>\n<script type=\"application\/ld+json\" class=\"yoast-schema-graph\">{\"@context\":\"https:\/\/schema.org\",\"@graph\":[{\"@type\":\"WebPage\",\"@id\":\"https:\/\/level1.nl\/pl\/pliki-cookie\/\",\"url\":\"https:\/\/level1.nl\/pl\/pliki-cookie\/\",\"name\":\"Pliki cookie - Level One Uitzendbureau\",\"isPartOf\":{\"@id\":\"https:\/\/level1.nl\/pl\/#website\"},\"datePublished\":\"2025-05-19T12:43:29+00:00\",\"dateModified\":\"2025-11-25T08:49:24+00:00\",\"breadcrumb\":{\"@id\":\"https:\/\/level1.nl\/pl\/pliki-cookie\/#breadcrumb\"},\"inLanguage\":\"pl-PL\",\"potentialAction\":[{\"@type\":\"ReadAction\",\"target\":[\"https:\/\/level1.nl\/pl\/pliki-cookie\/\"]}]},{\"@type\":\"BreadcrumbList\",\"@id\":\"https:\/\/level1.nl\/pl\/pliki-cookie\/#breadcrumb\",\"itemListElement\":[{\"@type\":\"ListItem\",\"position\":1,\"name\":\"Strona g\u0142\u00f3wna\",\"item\":\"https:\/\/level1.nl\/pl\/\"},{\"@type\":\"ListItem\",\"position\":2,\"name\":\"Pliki cookie\"}]},{\"@type\":\"WebSite\",\"@id\":\"https:\/\/level1.nl\/pl\/#website\",\"url\":\"https:\/\/level1.nl\/pl\/\",\"name\":\"Level One Uitzendbureau\",\"description\":\"Uitzenden, Detacheren, Payroll en Werving &amp; Selectie behoren tot de mogelijkheden bij Level One uitzendbureau\",\"publisher\":{\"@id\":\"https:\/\/level1.nl\/pl\/#organization\"},\"potentialAction\":[{\"@type\":\"SearchAction\",\"target\":{\"@type\":\"EntryPoint\",\"urlTemplate\":\"https:\/\/level1.nl\/pl\/?s={search_term_string}\"},\"query-input\":{\"@type\":\"PropertyValueSpecification\",\"valueRequired\":true,\"valueName\":\"search_term_string\"}}],\"inLanguage\":\"pl-PL\"},{\"@type\":\"Organization\",\"@id\":\"https:\/\/level1.nl\/pl\/#organization\",\"name\":\"Level One Uitzendbureau\",\"alternateName\":\"Level 1\",\"url\":\"https:\/\/level1.nl\/pl\/\",\"logo\":{\"@type\":\"ImageObject\",\"inLanguage\":\"pl-PL\",\"@id\":\"https:\/\/level1.nl\/pl\/#\/schema\/logo\/image\/\",\"url\":\"https:\/\/level1.nl\/wp-content\/uploads\/2025\/05\/favicon.png\",\"contentUrl\":\"https:\/\/level1.nl\/wp-content\/uploads\/2025\/05\/favicon.png\",\"width\":512,\"height\":512,\"caption\":\"Level One Uitzendbureau\"},\"image\":{\"@id\":\"https:\/\/level1.nl\/pl\/#\/schema\/logo\/image\/\"},\"sameAs\":[\"https:\/\/www.facebook.com\/LevelOneUitzendbureau\/\",\"https:\/\/www.instagram.com\/leveloneuitzendbureau\/\"]}]}<\/script>\n<!-- \/ Yoast SEO plugin. -->","yoast_head_json":{"title":"Pliki cookie - Level One Uitzendbureau","robots":{"index":"index","follow":"follow","max-snippet":"max-snippet:-1","max-image-preview":"max-image-preview:large","max-video-preview":"max-video-preview:-1"},"canonical":"https:\/\/level1.nl\/pl\/pliki-cookie\/","og_locale":"pl_PL","og_type":"article","og_title":"Pliki cookie - Level One Uitzendbureau","og_description":"Cookieverklaring Ta strona internetowa korzysta z plik\u00f3w cookies. U\u017cywamy plik\u00f3w cookies do personalizacji tre\u015bci, oferowania funkcji zwi\u0105zanych z mediami spo\u0142eczno\u015bciowymi oraz analizy ruchu na naszej stronie internetowej. Dzielimy si\u0119 r\u00f3wnie\u017c informacjami o Twoim korzystaniu z naszej strony z naszymi partnerami zajmuj\u0105cymi si\u0119 mediami spo\u0142eczno\u015bciowymi, reklam\u0105 i analiz\u0105. Ci partnerzy mog\u0105 \u0142\u0105czy\u0107 te dane z innymi [&hellip;]","og_url":"https:\/\/level1.nl\/pl\/pliki-cookie\/","og_site_name":"Level One Uitzendbureau","article_publisher":"https:\/\/www.facebook.com\/LevelOneUitzendbureau\/","article_modified_time":"2025-11-25T08:49:24+00:00","twitter_card":"summary_large_image","twitter_misc":{"Szacowany czas czytania":"2 minuty"},"schema":{"@context":"https:\/\/schema.org","@graph":[{"@type":"WebPage","@id":"https:\/\/level1.nl\/pl\/pliki-cookie\/","url":"https:\/\/level1.nl\/pl\/pliki-cookie\/","name":"Pliki cookie - Level One Uitzendbureau","isPartOf":{"@id":"https:\/\/level1.nl\/pl\/#website"},"datePublished":"2025-05-19T12:43:29+00:00","dateModified":"2025-11-25T08:49:24+00:00","breadcrumb":{"@id":"https:\/\/level1.nl\/pl\/pliki-cookie\/#breadcrumb"},"inLanguage":"pl-PL","potentialAction":[{"@type":"ReadAction","target":["https:\/\/level1.nl\/pl\/pliki-cookie\/"]}]},{"@type":"BreadcrumbList","@id":"https:\/\/level1.nl\/pl\/pliki-cookie\/#breadcrumb","itemListElement":[{"@type":"ListItem","position":1,"name":"Strona g\u0142\u00f3wna","item":"https:\/\/level1.nl\/pl\/"},{"@type":"ListItem","position":2,"name":"Pliki cookie"}]},{"@type":"WebSite","@id":"https:\/\/level1.nl\/pl\/#website","url":"https:\/\/level1.nl\/pl\/","name":"Level One Uitzendbureau","description":"Uitzenden, Detacheren, Payroll en Werving &amp; Selectie behoren tot de mogelijkheden bij Level One uitzendbureau","publisher":{"@id":"https:\/\/level1.nl\/pl\/#organization"},"potentialAction":[{"@type":"SearchAction","target":{"@type":"EntryPoint","urlTemplate":"https:\/\/level1.nl\/pl\/?s={search_term_string}"},"query-input":{"@type":"PropertyValueSpecification","valueRequired":true,"valueName":"search_term_string"}}],"inLanguage":"pl-PL"},{"@type":"Organization","@id":"https:\/\/level1.nl\/pl\/#organization","name":"Level One Uitzendbureau","alternateName":"Level 1","url":"https:\/\/level1.nl\/pl\/","logo":{"@type":"ImageObject","inLanguage":"pl-PL","@id":"https:\/\/level1.nl\/pl\/#\/schema\/logo\/image\/","url":"https:\/\/level1.nl\/wp-content\/uploads\/2025\/05\/favicon.png","contentUrl":"https:\/\/level1.nl\/wp-content\/uploads\/2025\/05\/favicon.png","width":512,"height":512,"caption":"Level One Uitzendbureau"},"image":{"@id":"https:\/\/level1.nl\/pl\/#\/schema\/logo\/image\/"},"sameAs":["https:\/\/www.facebook.com\/LevelOneUitzendbureau\/","https:\/\/www.instagram.com\/leveloneuitzendbureau\/"]}]}},"_links":{"self":[{"href":"https:\/\/level1.nl\/pl\/wp-json\/wp\/v2\/pages\/3001","targetHints":{"allow":["GET"]}}],"collection":[{"href":"https:\/\/level1.nl\/pl\/wp-json\/wp\/v2\/pages"}],"about":[{"href":"https:\/\/level1.nl\/pl\/wp-json\/wp\/v2\/types\/page"}],"author":[{"embeddable":true,"href":"https:\/\/level1.nl\/pl\/wp-json\/wp\/v2\/users\/1"}],"replies":[{"embeddable":true,"href":"https:\/\/level1.nl\/pl\/wp-json\/wp\/v2\/comments?post=3001"}],"version-history":[{"count":6,"href":"https:\/\/level1.nl\/pl\/wp-json\/wp\/v2\/pages\/3001\/revisions"}],"predecessor-version":[{"id":5838,"href":"https:\/\/level1.nl\/pl\/wp-json\/wp\/v2\/pages\/3001\/revisions\/5838"}],"wp:attachment":[{"href":"https:\/\/level1.nl\/pl\/wp-json\/wp\/v2\/media?parent=3001"}],"curies":[{"name":"wp","href":"https:\/\/api.w.org\/{rel}","templated":true}]}}