{"id":3003,"date":"2025-05-19T12:38:04","date_gmt":"2025-05-19T12:38:04","guid":{"rendered":"https:\/\/level1.spikker.nl\/zastrzezenie\/"},"modified":"2025-11-07T14:41:31","modified_gmt":"2025-11-07T14:41:31","slug":"zastrzezenie","status":"publish","type":"page","link":"https:\/\/level1.nl\/pl\/zastrzezenie\/","title":{"rendered":"Zastrze\u017cenie"},"content":{"rendered":"\n<p>Ta strona jest w\u0142asno\u015bci\u0105 Level One. Dost\u0119p i korzystanie z tej witryny podlega niniejszemu Zastrze\u017ceniu i O\u015bwiadczeniu o ochronie prywatno\u015bci. Korzystaj\u0105c z witryny, u\u017cytkownik akceptuje warunki okre\u015blone w O\u015bwiadczeniu o wy\u0142\u0105czeniu odpowiedzialno\u015bci i prywatno\u015bci Level One.  <\/p>\n\n<p>Level One dok\u0142ada najwy\u017cszej staranno\u015bci, aby informacje na jej stronie internetowej by\u0142y wiarygodne i aktualne. Level One nie mo\u017ce jednak zagwarantowa\u0107, \u017ce informacje na tej stronie s\u0105 i\/lub pozostan\u0105 poprawne i\/lub kompletne. W zwi\u0105zku z tym z tre\u015bci tej strony internetowej nie mo\u017cna wywodzi\u0107 \u017cadnych praw.  <\/p>\n\n<p>Firma Level One nie ponosi odpowiedzialno\u015bci za szkody wynikaj\u0105ce z niedok\u0142adno\u015bci lub niekompletno\u015bci dostarczonych informacji ani za szkody wynikaj\u0105ce z problem\u00f3w spowodowanych lub nieod\u0142\u0105cznie zwi\u0105zanych z rozpowszechnianiem informacji przez Internet, takich jak awarie lub przerwy, b\u0142\u0119dy lub op\u00f3\u017anienia w dostarczaniu informacji lub us\u0142ug przez firm\u0119 Level One lub przez u\u017cytkownika do firmy Level One za po\u015brednictwem witryny internetowej firmy Level One lub w inny spos\u00f3b drog\u0105 elektroniczn\u0105.<\/p>\n\n<p>Ponadto informacje zawarte na tej stronie internetowej maj\u0105 na celu dostarczenie og\u00f3lnych informacji zainteresowanym stronom. Informacje te w \u017caden spos\u00f3b nie mog\u0105 by\u0107 traktowane jako substytut profesjonalnej porady. Level One nie ponosi r\u00f3wnie\u017c odpowiedzialno\u015bci za jakiekolwiek szkody poniesione w wyniku wykorzystania danych i\/lub informacji dostarczonych przez lub w imieniu Level One za po\u015brednictwem tej strony internetowej. Level One nie ponosi \u017cadnej odpowiedzialno\u015bci za zawarto\u015b\u0107 stron internetowych, do kt\u00f3rych lub z kt\u00f3rych prowadzi hiper\u0142\u0105cze lub inne odniesienie.   <\/p>\n\n<p>Firma Level One nie gwarantuje, \u017ce wysy\u0142ane do niej wiadomo\u015bci e-mail lub inne wiadomo\u015bci elektroniczne b\u0119d\u0105 odbierane i przetwarzane na czas i nie ponosi odpowiedzialno\u015bci za konsekwencje nieodebrania lub nieprzetworzenia takich wiadomo\u015bci lub ich op\u00f3\u017anionego odebrania lub przetworzenia. Level One nie ponosi r\u00f3wnie\u017c odpowiedzialno\u015bci za przechwycenie lub niew\u0142a\u015bciwe wykorzystanie wiadomo\u015bci elektronicznych przez osoby trzecie. <\/p>\n\n<p>Level One jest w\u0142a\u015bcicielem praw (w tym praw autorskich, nazw domen, praw do znak\u00f3w towarowych, patent\u00f3w lub innych praw w\u0142asno\u015bci intelektualnej) w odniesieniu do wszystkich informacji udost\u0119pnionych w tej witrynie. Niedozwolone jest kopiowanie, pobieranie, rozpowszechnianie lub powielanie informacji z tej strony internetowej bez uprzedniej pisemnej zgody Level One <\/p>\n\n<p>Wszystkie tre\u015bci, do kt\u00f3rych mo\u017cna uzyska\u0107 dost\u0119p za po\u015brednictwem strony internetowej, w tym mi\u0119dzy innymi teksty, materia\u0142y d\u017awi\u0119kowe i wizualne, obrazy, oprogramowanie, projekty, znaki towarowe, logo, wszelkie inne informacje i bazy danych podlegaj\u0105 prawom w\u0142asno\u015bci intelektualnej, kt\u00f3re nale\u017c\u0105 do Level One, jej licencjodawc\u00f3w i\/lub partner\u00f3w. U\u017cytkownik mo\u017ce korzysta\u0107 z tych tre\u015bci wy\u0142\u0105cznie w celu korzystania ze strony internetowej i oferowanych na niej us\u0142ug. Bez wyra\u017anej uprzedniej pisemnej zgody Level One nie wolno wykorzystywa\u0107 tre\u015bci do \u017cadnych innych cel\u00f3w, w tym mi\u0119dzy innymi do powielania i\/lub publikowania tre\u015bci lub dostarczania tre\u015bci stronom trzecim, w celach komercyjnych lub nie, chyba \u017ce jest to dozwolone przez obowi\u0105zuj\u0105ce prawo.  <\/p>\n","protected":false},"excerpt":{"rendered":"<p>Ta strona jest w\u0142asno\u015bci\u0105 Level One. Dost\u0119p i korzystanie z tej witryny podlega niniejszemu Zastrze\u017ceniu i O\u015bwiadczeniu o ochronie prywatno\u015bci. Korzystaj\u0105c z witryny, u\u017cytkownik akceptuje warunki okre\u015blone w O\u015bwiadczeniu o wy\u0142\u0105czeniu odpowiedzialno\u015bci i prywatno\u015bci Level One. Level One dok\u0142ada najwy\u017cszej staranno\u015bci, aby informacje na jej stronie internetowej by\u0142y wiarygodne i aktualne. Level One nie mo\u017ce [&hellip;]<\/p>\n","protected":false},"author":1,"featured_media":0,"parent":0,"menu_order":0,"comment_status":"closed","ping_status":"closed","template":"","meta":{"_acf_changed":false,"footnotes":""},"class_list":["post-3003","page","type-page","status-publish","hentry"],"blocksy_meta":[],"acf":[],"yoast_head":"<!-- This site is optimized with the Yoast SEO plugin v26.7 - https:\/\/yoast.com\/wordpress\/plugins\/seo\/ -->\n<title>Zastrze\u017cenie - Level One Uitzendbureau<\/title>\n<meta name=\"robots\" content=\"index, follow, max-snippet:-1, max-image-preview:large, max-video-preview:-1\" \/>\n<link rel=\"canonical\" href=\"https:\/\/level1.nl\/pl\/zastrzezenie\/\" \/>\n<meta property=\"og:locale\" content=\"pl_PL\" \/>\n<meta property=\"og:type\" content=\"article\" \/>\n<meta property=\"og:title\" content=\"Zastrze\u017cenie - Level One Uitzendbureau\" \/>\n<meta property=\"og:description\" content=\"Ta strona jest w\u0142asno\u015bci\u0105 Level One. Dost\u0119p i korzystanie z tej witryny podlega niniejszemu Zastrze\u017ceniu i O\u015bwiadczeniu o ochronie prywatno\u015bci. Korzystaj\u0105c z witryny, u\u017cytkownik akceptuje warunki okre\u015blone w O\u015bwiadczeniu o wy\u0142\u0105czeniu odpowiedzialno\u015bci i prywatno\u015bci Level One. Level One dok\u0142ada najwy\u017cszej staranno\u015bci, aby informacje na jej stronie internetowej by\u0142y wiarygodne i aktualne. Level One nie mo\u017ce [&hellip;]\" \/>\n<meta property=\"og:url\" content=\"https:\/\/level1.nl\/pl\/zastrzezenie\/\" \/>\n<meta property=\"og:site_name\" content=\"Level One Uitzendbureau\" \/>\n<meta property=\"article:publisher\" content=\"https:\/\/www.facebook.com\/LevelOneUitzendbureau\/\" \/>\n<meta property=\"article:modified_time\" content=\"2025-11-07T14:41:31+00:00\" \/>\n<meta name=\"twitter:card\" content=\"summary_large_image\" \/>\n<meta name=\"twitter:label1\" content=\"Szacowany czas czytania\" \/>\n\t<meta name=\"twitter:data1\" content=\"3 minuty\" \/>\n<script type=\"application\/ld+json\" class=\"yoast-schema-graph\">{\"@context\":\"https:\/\/schema.org\",\"@graph\":[{\"@type\":\"WebPage\",\"@id\":\"https:\/\/level1.nl\/pl\/zastrzezenie\/\",\"url\":\"https:\/\/level1.nl\/pl\/zastrzezenie\/\",\"name\":\"Zastrze\u017cenie - Level One Uitzendbureau\",\"isPartOf\":{\"@id\":\"https:\/\/level1.nl\/pl\/#website\"},\"datePublished\":\"2025-05-19T12:38:04+00:00\",\"dateModified\":\"2025-11-07T14:41:31+00:00\",\"breadcrumb\":{\"@id\":\"https:\/\/level1.nl\/pl\/zastrzezenie\/#breadcrumb\"},\"inLanguage\":\"pl-PL\",\"potentialAction\":[{\"@type\":\"ReadAction\",\"target\":[\"https:\/\/level1.nl\/pl\/zastrzezenie\/\"]}]},{\"@type\":\"BreadcrumbList\",\"@id\":\"https:\/\/level1.nl\/pl\/zastrzezenie\/#breadcrumb\",\"itemListElement\":[{\"@type\":\"ListItem\",\"position\":1,\"name\":\"Strona g\u0142\u00f3wna\",\"item\":\"https:\/\/level1.nl\/pl\/\"},{\"@type\":\"ListItem\",\"position\":2,\"name\":\"Zastrze\u017cenie\"}]},{\"@type\":\"WebSite\",\"@id\":\"https:\/\/level1.nl\/pl\/#website\",\"url\":\"https:\/\/level1.nl\/pl\/\",\"name\":\"Level One Uitzendbureau\",\"description\":\"Uitzenden, Detacheren, Payroll en Werving &amp; Selectie behoren tot de mogelijkheden bij Level One uitzendbureau\",\"publisher\":{\"@id\":\"https:\/\/level1.nl\/pl\/#organization\"},\"potentialAction\":[{\"@type\":\"SearchAction\",\"target\":{\"@type\":\"EntryPoint\",\"urlTemplate\":\"https:\/\/level1.nl\/pl\/?s={search_term_string}\"},\"query-input\":{\"@type\":\"PropertyValueSpecification\",\"valueRequired\":true,\"valueName\":\"search_term_string\"}}],\"inLanguage\":\"pl-PL\"},{\"@type\":\"Organization\",\"@id\":\"https:\/\/level1.nl\/pl\/#organization\",\"name\":\"Level One Uitzendbureau\",\"alternateName\":\"Level 1\",\"url\":\"https:\/\/level1.nl\/pl\/\",\"logo\":{\"@type\":\"ImageObject\",\"inLanguage\":\"pl-PL\",\"@id\":\"https:\/\/level1.nl\/pl\/#\/schema\/logo\/image\/\",\"url\":\"https:\/\/level1.nl\/wp-content\/uploads\/2025\/05\/favicon.png\",\"contentUrl\":\"https:\/\/level1.nl\/wp-content\/uploads\/2025\/05\/favicon.png\",\"width\":512,\"height\":512,\"caption\":\"Level One Uitzendbureau\"},\"image\":{\"@id\":\"https:\/\/level1.nl\/pl\/#\/schema\/logo\/image\/\"},\"sameAs\":[\"https:\/\/www.facebook.com\/LevelOneUitzendbureau\/\",\"https:\/\/www.instagram.com\/leveloneuitzendbureau\/\"]}]}<\/script>\n<!-- \/ Yoast SEO plugin. -->","yoast_head_json":{"title":"Zastrze\u017cenie - Level One Uitzendbureau","robots":{"index":"index","follow":"follow","max-snippet":"max-snippet:-1","max-image-preview":"max-image-preview:large","max-video-preview":"max-video-preview:-1"},"canonical":"https:\/\/level1.nl\/pl\/zastrzezenie\/","og_locale":"pl_PL","og_type":"article","og_title":"Zastrze\u017cenie - Level One Uitzendbureau","og_description":"Ta strona jest w\u0142asno\u015bci\u0105 Level One. Dost\u0119p i korzystanie z tej witryny podlega niniejszemu Zastrze\u017ceniu i O\u015bwiadczeniu o ochronie prywatno\u015bci. Korzystaj\u0105c z witryny, u\u017cytkownik akceptuje warunki okre\u015blone w O\u015bwiadczeniu o wy\u0142\u0105czeniu odpowiedzialno\u015bci i prywatno\u015bci Level One. Level One dok\u0142ada najwy\u017cszej staranno\u015bci, aby informacje na jej stronie internetowej by\u0142y wiarygodne i aktualne. Level One nie mo\u017ce [&hellip;]","og_url":"https:\/\/level1.nl\/pl\/zastrzezenie\/","og_site_name":"Level One Uitzendbureau","article_publisher":"https:\/\/www.facebook.com\/LevelOneUitzendbureau\/","article_modified_time":"2025-11-07T14:41:31+00:00","twitter_card":"summary_large_image","twitter_misc":{"Szacowany czas czytania":"3 minuty"},"schema":{"@context":"https:\/\/schema.org","@graph":[{"@type":"WebPage","@id":"https:\/\/level1.nl\/pl\/zastrzezenie\/","url":"https:\/\/level1.nl\/pl\/zastrzezenie\/","name":"Zastrze\u017cenie - Level One Uitzendbureau","isPartOf":{"@id":"https:\/\/level1.nl\/pl\/#website"},"datePublished":"2025-05-19T12:38:04+00:00","dateModified":"2025-11-07T14:41:31+00:00","breadcrumb":{"@id":"https:\/\/level1.nl\/pl\/zastrzezenie\/#breadcrumb"},"inLanguage":"pl-PL","potentialAction":[{"@type":"ReadAction","target":["https:\/\/level1.nl\/pl\/zastrzezenie\/"]}]},{"@type":"BreadcrumbList","@id":"https:\/\/level1.nl\/pl\/zastrzezenie\/#breadcrumb","itemListElement":[{"@type":"ListItem","position":1,"name":"Strona g\u0142\u00f3wna","item":"https:\/\/level1.nl\/pl\/"},{"@type":"ListItem","position":2,"name":"Zastrze\u017cenie"}]},{"@type":"WebSite","@id":"https:\/\/level1.nl\/pl\/#website","url":"https:\/\/level1.nl\/pl\/","name":"Level One Uitzendbureau","description":"Uitzenden, Detacheren, Payroll en Werving &amp; Selectie behoren tot de mogelijkheden bij Level One uitzendbureau","publisher":{"@id":"https:\/\/level1.nl\/pl\/#organization"},"potentialAction":[{"@type":"SearchAction","target":{"@type":"EntryPoint","urlTemplate":"https:\/\/level1.nl\/pl\/?s={search_term_string}"},"query-input":{"@type":"PropertyValueSpecification","valueRequired":true,"valueName":"search_term_string"}}],"inLanguage":"pl-PL"},{"@type":"Organization","@id":"https:\/\/level1.nl\/pl\/#organization","name":"Level One Uitzendbureau","alternateName":"Level 1","url":"https:\/\/level1.nl\/pl\/","logo":{"@type":"ImageObject","inLanguage":"pl-PL","@id":"https:\/\/level1.nl\/pl\/#\/schema\/logo\/image\/","url":"https:\/\/level1.nl\/wp-content\/uploads\/2025\/05\/favicon.png","contentUrl":"https:\/\/level1.nl\/wp-content\/uploads\/2025\/05\/favicon.png","width":512,"height":512,"caption":"Level One Uitzendbureau"},"image":{"@id":"https:\/\/level1.nl\/pl\/#\/schema\/logo\/image\/"},"sameAs":["https:\/\/www.facebook.com\/LevelOneUitzendbureau\/","https:\/\/www.instagram.com\/leveloneuitzendbureau\/"]}]}},"_links":{"self":[{"href":"https:\/\/level1.nl\/pl\/wp-json\/wp\/v2\/pages\/3003","targetHints":{"allow":["GET"]}}],"collection":[{"href":"https:\/\/level1.nl\/pl\/wp-json\/wp\/v2\/pages"}],"about":[{"href":"https:\/\/level1.nl\/pl\/wp-json\/wp\/v2\/types\/page"}],"author":[{"embeddable":true,"href":"https:\/\/level1.nl\/pl\/wp-json\/wp\/v2\/users\/1"}],"replies":[{"embeddable":true,"href":"https:\/\/level1.nl\/pl\/wp-json\/wp\/v2\/comments?post=3003"}],"version-history":[{"count":3,"href":"https:\/\/level1.nl\/pl\/wp-json\/wp\/v2\/pages\/3003\/revisions"}],"predecessor-version":[{"id":5775,"href":"https:\/\/level1.nl\/pl\/wp-json\/wp\/v2\/pages\/3003\/revisions\/5775"}],"wp:attachment":[{"href":"https:\/\/level1.nl\/pl\/wp-json\/wp\/v2\/media?parent=3003"}],"curies":[{"name":"wp","href":"https:\/\/api.w.org\/{rel}","templated":true}]}}