{"id":3022,"date":"2025-04-22T09:32:50","date_gmt":"2025-04-22T09:32:50","guid":{"rendered":"https:\/\/level1.spikker.nl\/oswiadczenie-o-ochronie-prywatnosci\/"},"modified":"2026-03-31T13:55:06","modified_gmt":"2026-03-31T13:55:06","slug":"oswiadczenie-o-ochronie-prywatnosci","status":"publish","type":"page","link":"https:\/\/level1.nl\/pl\/oswiadczenie-o-ochronie-prywatnosci\/","title":{"rendered":"O\u015bwiadczenie o ochronie prywatno\u015bci"},"content":{"rendered":"\n<p>Level One Uitzendbureau B.V., Level One Payroll B.V. i Level One Holding B.V., zwane dalej \u0142\u0105cznie Level One: Level One, przywi\u0105zuje du\u017c\u0105 wag\u0119 do ochrony prywatno\u015bci u\u017cytkownik\u00f3w, a dane (osobowe) s\u0105 przez nas starannie przetwarzane i zabezpieczane. W niniejszym o\u015bwiadczeniu o ochronie prywatno\u015bci wyja\u015bniamy, jakie dane osobowe gromadzimy i wykorzystujemy oraz w jakim celu. <\/p>\n\n<p><strong>Przetwarzanie danych osobowych<\/strong><br\/>Level One mo\u017ce przetwarza\u0107 Twoje dane osobowe, poniewa\u017c korzystasz z naszych us\u0142ug i\/lub sam przekazujesz nam te dane. Na przyk\u0142ad, u\u017cytkownik mo\u017ce przekaza\u0107 nam swoje dane kontaktowe, je\u015bli chce si\u0119 z nami komunikowa\u0107, je\u015bli chce otrzymywa\u0107 dalsze informacje o naszych us\u0142ugach, je\u015bli chce ubiega\u0107 si\u0119 o stanowisko w naszej organizacji lub je\u015bli chce prowadzi\u0107 z nami interesy. Nast\u0119pnie przetwarzamy te dane osobowe w celu \u015bwiadczenia naszych us\u0142ug i\/lub informowania u\u017cytkownika. Bez tych danych osobowych nie mo\u017cemy \u015bwiadczy\u0107 naszych us\u0142ug i\/lub informowa\u0107 u\u017cytkownik\u00f3w. Dane osobowe u\u017cytkownika wykorzystujemy wy\u0142\u0105cznie w celu przetworzenia jego wniosku.    <\/p>\n\n<p>Czasami mo\u017cemy r\u00f3wnie\u017c uzyska\u0107 informacje po\u015brednio zwi\u0105zane z u\u017cytkownikiem za po\u015brednictwem strony trzeciej. W takim przypadku zwracamy si\u0119 do odpowiedniej strony trzeciej o zagwarantowanie, \u017ce informacje zosta\u0142y przez ni\u0105 uzyskane w spos\u00f3b zgodny z prawem oraz \u017ce mamy prawo do ich pozyskiwania i wykorzystywania. <\/p>\n\n<p>U\u017cytkownik ma prawo w dowolnym momencie za\u017c\u0105da\u0107 mi\u0119dzy innymi informacji, kt\u00f3re przechowujemy na jego temat, oraz, je\u015bli sobie tego \u017cyczy, zmieni\u0107 je lub usun\u0105\u0107 (lub zleci\u0107 ich usuni\u0119cie). Mo\u017cna to zrobi\u0107, wysy\u0142aj\u0105c szczeg\u00f3\u0142owy wniosek na adres <a href=\"mailto:info@level1.nl\">info@level1.nl.<\/a> Aby upewni\u0107 si\u0119, \u017ce wniosek o wgl\u0105d zosta\u0142 z\u0142o\u017cony przez u\u017cytkownika, prosimy o do\u0142\u0105czenie do wniosku kopii dowodu to\u017csamo\u015bci. W kopii tej nale\u017cy zamaza\u0107 zdj\u0119cie paszportowe, MRZ (stref\u0119 odczytu maszynowego, pasek numer\u00f3w na dole paszportu), numer paszportu i numer BSN (Citizen Service Number). Ma to na celu ochron\u0119 prywatno\u015bci. Level One odpowie na wniosek tak szybko, jak to mo\u017cliwe, ale w ka\u017cdym przypadku w ci\u0105gu czterech tygodni.     <\/p>\n\n<p>Nasza witryna wykorzystuje wy\u0142\u0105cznie funkcjonalne pliki cookie, kt\u00f3re nie naruszaj\u0105 prywatno\u015bci u\u017cytkownika. S\u0105 to pliki cookie, kt\u00f3re s\u0105 technicznie niezb\u0119dne do funkcjonowania i dzia\u0142ania naszej witryny. Zgodnie z nowym europejskim prawem o ochronie prywatno\u015bci (og\u00f3lne rozporz\u0105dzenie o ochronie danych) nie jest ju\u017c konieczne wyra\u017canie zgody na umieszczanie tych plik\u00f3w cookie.<br\/>W naszym o\u015bwiadczeniu o plikach cookie informujemy o umieszczaniu tych plik\u00f3w cookie, poniewa\u017c lubimy by\u0107 przejrzy\u015bci i jasno informowa\u0107 o tym, co robimy.  <\/p>\n\n<p>Prywatno\u015b\u0107 os\u00f3b odwiedzaj\u0105cych nasz\u0105 stron\u0119 internetow\u0105 jest szanowana przez wszystkich naszych pracownik\u00f3w. Informacje i dane osobowe s\u0105 traktowane jako poufne, w tym przez osoby trzecie odpowiedzialne za bezpiecze\u0144stwo przechowywania danych i nie s\u0105 wykorzystywane do cel\u00f3w innych ni\u017c okre\u015blone. <\/p>\n\n<p><strong>Zautomatyzowane podejmowanie decyzji<\/strong><br\/>Level One nie podejmuje decyzji w sprawach, kt\u00f3re mog\u0142yby (znacz\u0105co) wp\u0142yn\u0105\u0107 na osoby fizyczne na podstawie zautomatyzowanego przetwarzania.<\/p>\n\n<p><strong>Wykorzystanie danych osobowych<\/strong><br\/>Firma Level One gromadzi i wykorzystuje dane osobowe u\u017cytkownika w celu obs\u0142ugi witryny internetowej Level One oraz dostarczania \u017c\u0105danych informacji, us\u0142ug i us\u0142ug. Level One mo\u017ce r\u00f3wnie\u017c wykorzystywa\u0107 informacje umo\u017cliwiaj\u0105ce identyfikacj\u0119 u\u017cytkownika w celu informowania go o us\u0142ugach Level One. Mo\u017cemy r\u00f3wnie\u017c wykorzystywa\u0107 informacje umo\u017cliwiaj\u0105ce identyfikacj\u0119 u\u017cytkownika do prowadzenia bada\u0144 i analiz maj\u0105cych na celu ulepszenie zar\u00f3wno naszej strony internetowej, jak i naszych us\u0142ug. <\/p>\n\n<p><strong>Przekazywanie<\/strong> danych <strong>stronom trzecim<\/strong><br\/>Firma Level One nie sprzedaje, nie wynajmuje ani nie wydzier\u017cawia list klient\u00f3w stronom trzecim. Level One nigdy nie ujawni danych osobowych u\u017cytkownika, bez powiadomienia, z wyj\u0105tkiem przypadk\u00f3w wymaganych przez prawo lub w dobrej wierze, \u017ce takie dzia\u0142anie jest konieczne, aby:<br\/>spe\u0142ni\u0107 \u017c\u0105danie prawne; lub<br\/>chroni\u0107 i broni\u0107 praw lub w\u0142asno\u015bci Level One; lub<br\/>dzia\u0142a\u0107 w wyj\u0105tkowych okoliczno\u015bciach w celu ochrony bezpiecze\u0144stwa osobistego u\u017cytkownik\u00f3w Level One lub spo\u0142ecze\u0144stwa. <\/p>\n\n<p><strong>Przechowywanie danych<\/strong> osobowych<br\/>Podstawow\u0105 zasad\u0105 przechowywania danych osobowych jest to, \u017ce wszystkie dane nie powinny by\u0107 przechowywane d\u0142u\u017cej ni\u017c jest to konieczne. W zwi\u0105zku z tym Level One nie b\u0119dzie przechowywa\u0107 danych osobowych d\u0142u\u017cej ni\u017c jest to absolutnie konieczne do realizacji cel\u00f3w, dla kt\u00f3rych dane zosta\u0142y zebrane. Wyj\u0105tkiem s\u0105 dane, kt\u00f3re musimy przechowywa\u0107 d\u0142u\u017cej, poniewa\u017c wymaga tego od nas prawo.  <\/p>\n\n<p><strong>Bezpiecze\u0144stwo danych osobowych<\/strong><br\/>Level One zapewnia odpowiednie organizacyjne, techniczne i fizyczne bezpiecze\u0144stwo danych osobowych. Level One przechowuje podane przez u\u017cytkownika dane osobowe na serwerach komputerowych w kontrolowanym, bezpiecznym \u015brodowisku, chronionym przed nieupowa\u017cnionym dost\u0119pem, wykorzystaniem lub ujawnieniem. <\/p>\n\n<p><strong>Zmiana o\u015bwiadczenia<\/strong> o ochronie prywatno\u015bci<br\/>Niniejsze o\u015bwiadczenie o ochronie prywatno\u015bci mo\u017ce ulec zmianie. Level One b\u0119dzie od czasu do czasu aktualizowa\u0107 niniejsze o\u015bwiadczenie o ochronie prywatno\u015bci, aby odzwierciedli\u0107 opinie firmy i klient\u00f3w. Firma Level One zach\u0119ca do okresowego przegl\u0105dania niniejszego o\u015bwiadczenia w celu uzyskania informacji o tym, w jaki spos\u00f3b firma Level One chroni dane u\u017cytkownika.  <\/p>\n\n<p><strong>Dane kontaktowe<\/strong><br\/>\u201eLevel One\u201c ch\u0119tnie przyjmuje Pa\u0144stwa uwagi dotycz\u0105ce niniejszej deklaracji prywatno\u015bci. Je\u015bli uwa\u017caj\u0105 Pa\u0144stwo, \u017ce \u201eLevel One\u201c nie post\u0119powa\u0142o zgodnie z t\u0105 deklaracj\u0105, mo\u017cna skontaktowa\u0107 si\u0119 z dzia\u0142em HR pod adresem <a href=\"mailto:hr.level1.nl\">hr@level1.nl<\/a> lub telefonicznie pod numerem <a href=\"tel:0527271369\">0527-271369<\/a>. \u201eLevel One\u201c pragnie r\u00f3wnie\u017c zwr\u00f3ci\u0107 uwag\u0119, \u017ce maj\u0105 Pa\u0144stwo mo\u017cliwo\u015b\u0107 z\u0142o\u017cenia skargi do krajowego organu nadzorczego, czyli Urz\u0119du Ochrony Danych Osobowych.  <\/p>\n\n<p><\/p>\n","protected":false},"excerpt":{"rendered":"<p>Level One Uitzendbureau B.V., Level One Payroll B.V. i Level One Holding B.V., zwane dalej \u0142\u0105cznie Level One: Level One, przywi\u0105zuje du\u017c\u0105 wag\u0119 do ochrony prywatno\u015bci u\u017cytkownik\u00f3w, a dane (osobowe) s\u0105 przez nas starannie przetwarzane i zabezpieczane. W niniejszym o\u015bwiadczeniu o ochronie prywatno\u015bci wyja\u015bniamy, jakie dane osobowe gromadzimy i wykorzystujemy oraz w jakim celu. Przetwarzanie [&hellip;]<\/p>\n","protected":false},"author":1,"featured_media":0,"parent":0,"menu_order":0,"comment_status":"closed","ping_status":"closed","template":"","meta":{"_acf_changed":false,"footnotes":""},"class_list":["post-3022","page","type-page","status-publish","hentry"],"blocksy_meta":[],"acf":[],"yoast_head":"<!-- This site is optimized with the Yoast SEO plugin v26.7 - https:\/\/yoast.com\/wordpress\/plugins\/seo\/ -->\n<title>O\u015bwiadczenie o ochronie prywatno\u015bci - Level One Uitzendbureau<\/title>\n<meta name=\"robots\" content=\"index, follow, max-snippet:-1, max-image-preview:large, max-video-preview:-1\" \/>\n<link rel=\"canonical\" href=\"https:\/\/level1.nl\/pl\/oswiadczenie-o-ochronie-prywatnosci\/\" \/>\n<meta property=\"og:locale\" content=\"pl_PL\" \/>\n<meta property=\"og:type\" content=\"article\" \/>\n<meta property=\"og:title\" content=\"O\u015bwiadczenie o ochronie prywatno\u015bci - Level One Uitzendbureau\" \/>\n<meta property=\"og:description\" content=\"Level One Uitzendbureau B.V., Level One Payroll B.V. i Level One Holding B.V., zwane dalej \u0142\u0105cznie Level One: Level One, przywi\u0105zuje du\u017c\u0105 wag\u0119 do ochrony prywatno\u015bci u\u017cytkownik\u00f3w, a dane (osobowe) s\u0105 przez nas starannie przetwarzane i zabezpieczane. W niniejszym o\u015bwiadczeniu o ochronie prywatno\u015bci wyja\u015bniamy, jakie dane osobowe gromadzimy i wykorzystujemy oraz w jakim celu. Przetwarzanie [&hellip;]\" \/>\n<meta property=\"og:url\" content=\"https:\/\/level1.nl\/pl\/oswiadczenie-o-ochronie-prywatnosci\/\" \/>\n<meta property=\"og:site_name\" content=\"Level One Uitzendbureau\" \/>\n<meta property=\"article:publisher\" content=\"https:\/\/www.facebook.com\/LevelOneUitzendbureau\/\" \/>\n<meta property=\"article:modified_time\" content=\"2026-03-31T13:55:06+00:00\" \/>\n<meta name=\"twitter:card\" content=\"summary_large_image\" \/>\n<meta name=\"twitter:label1\" content=\"Szacowany czas czytania\" \/>\n\t<meta name=\"twitter:data1\" content=\"5 minut\" \/>\n<script type=\"application\/ld+json\" class=\"yoast-schema-graph\">{\"@context\":\"https:\/\/schema.org\",\"@graph\":[{\"@type\":\"WebPage\",\"@id\":\"https:\/\/level1.nl\/pl\/oswiadczenie-o-ochronie-prywatnosci\/\",\"url\":\"https:\/\/level1.nl\/pl\/oswiadczenie-o-ochronie-prywatnosci\/\",\"name\":\"O\u015bwiadczenie o ochronie prywatno\u015bci - Level One Uitzendbureau\",\"isPartOf\":{\"@id\":\"https:\/\/level1.nl\/pl\/#website\"},\"datePublished\":\"2025-04-22T09:32:50+00:00\",\"dateModified\":\"2026-03-31T13:55:06+00:00\",\"breadcrumb\":{\"@id\":\"https:\/\/level1.nl\/pl\/oswiadczenie-o-ochronie-prywatnosci\/#breadcrumb\"},\"inLanguage\":\"pl-PL\",\"potentialAction\":[{\"@type\":\"ReadAction\",\"target\":[\"https:\/\/level1.nl\/pl\/oswiadczenie-o-ochronie-prywatnosci\/\"]}]},{\"@type\":\"BreadcrumbList\",\"@id\":\"https:\/\/level1.nl\/pl\/oswiadczenie-o-ochronie-prywatnosci\/#breadcrumb\",\"itemListElement\":[{\"@type\":\"ListItem\",\"position\":1,\"name\":\"Strona g\u0142\u00f3wna\",\"item\":\"https:\/\/level1.nl\/pl\/\"},{\"@type\":\"ListItem\",\"position\":2,\"name\":\"O\u015bwiadczenie o ochronie prywatno\u015bci\"}]},{\"@type\":\"WebSite\",\"@id\":\"https:\/\/level1.nl\/pl\/#website\",\"url\":\"https:\/\/level1.nl\/pl\/\",\"name\":\"Level One Uitzendbureau\",\"description\":\"Uitzenden, Detacheren, Payroll en Werving &amp; Selectie behoren tot de mogelijkheden bij Level One uitzendbureau\",\"publisher\":{\"@id\":\"https:\/\/level1.nl\/pl\/#organization\"},\"potentialAction\":[{\"@type\":\"SearchAction\",\"target\":{\"@type\":\"EntryPoint\",\"urlTemplate\":\"https:\/\/level1.nl\/pl\/?s={search_term_string}\"},\"query-input\":{\"@type\":\"PropertyValueSpecification\",\"valueRequired\":true,\"valueName\":\"search_term_string\"}}],\"inLanguage\":\"pl-PL\"},{\"@type\":\"Organization\",\"@id\":\"https:\/\/level1.nl\/pl\/#organization\",\"name\":\"Level One Uitzendbureau\",\"alternateName\":\"Level 1\",\"url\":\"https:\/\/level1.nl\/pl\/\",\"logo\":{\"@type\":\"ImageObject\",\"inLanguage\":\"pl-PL\",\"@id\":\"https:\/\/level1.nl\/pl\/#\/schema\/logo\/image\/\",\"url\":\"https:\/\/level1.nl\/wp-content\/uploads\/2025\/05\/favicon.png\",\"contentUrl\":\"https:\/\/level1.nl\/wp-content\/uploads\/2025\/05\/favicon.png\",\"width\":512,\"height\":512,\"caption\":\"Level One Uitzendbureau\"},\"image\":{\"@id\":\"https:\/\/level1.nl\/pl\/#\/schema\/logo\/image\/\"},\"sameAs\":[\"https:\/\/www.facebook.com\/LevelOneUitzendbureau\/\",\"https:\/\/www.instagram.com\/leveloneuitzendbureau\/\"]}]}<\/script>\n<!-- \/ Yoast SEO plugin. -->","yoast_head_json":{"title":"O\u015bwiadczenie o ochronie prywatno\u015bci - Level One Uitzendbureau","robots":{"index":"index","follow":"follow","max-snippet":"max-snippet:-1","max-image-preview":"max-image-preview:large","max-video-preview":"max-video-preview:-1"},"canonical":"https:\/\/level1.nl\/pl\/oswiadczenie-o-ochronie-prywatnosci\/","og_locale":"pl_PL","og_type":"article","og_title":"O\u015bwiadczenie o ochronie prywatno\u015bci - Level One Uitzendbureau","og_description":"Level One Uitzendbureau B.V., Level One Payroll B.V. i Level One Holding B.V., zwane dalej \u0142\u0105cznie Level One: Level One, przywi\u0105zuje du\u017c\u0105 wag\u0119 do ochrony prywatno\u015bci u\u017cytkownik\u00f3w, a dane (osobowe) s\u0105 przez nas starannie przetwarzane i zabezpieczane. W niniejszym o\u015bwiadczeniu o ochronie prywatno\u015bci wyja\u015bniamy, jakie dane osobowe gromadzimy i wykorzystujemy oraz w jakim celu. Przetwarzanie [&hellip;]","og_url":"https:\/\/level1.nl\/pl\/oswiadczenie-o-ochronie-prywatnosci\/","og_site_name":"Level One Uitzendbureau","article_publisher":"https:\/\/www.facebook.com\/LevelOneUitzendbureau\/","article_modified_time":"2026-03-31T13:55:06+00:00","twitter_card":"summary_large_image","twitter_misc":{"Szacowany czas czytania":"5 minut"},"schema":{"@context":"https:\/\/schema.org","@graph":[{"@type":"WebPage","@id":"https:\/\/level1.nl\/pl\/oswiadczenie-o-ochronie-prywatnosci\/","url":"https:\/\/level1.nl\/pl\/oswiadczenie-o-ochronie-prywatnosci\/","name":"O\u015bwiadczenie o ochronie prywatno\u015bci - Level One Uitzendbureau","isPartOf":{"@id":"https:\/\/level1.nl\/pl\/#website"},"datePublished":"2025-04-22T09:32:50+00:00","dateModified":"2026-03-31T13:55:06+00:00","breadcrumb":{"@id":"https:\/\/level1.nl\/pl\/oswiadczenie-o-ochronie-prywatnosci\/#breadcrumb"},"inLanguage":"pl-PL","potentialAction":[{"@type":"ReadAction","target":["https:\/\/level1.nl\/pl\/oswiadczenie-o-ochronie-prywatnosci\/"]}]},{"@type":"BreadcrumbList","@id":"https:\/\/level1.nl\/pl\/oswiadczenie-o-ochronie-prywatnosci\/#breadcrumb","itemListElement":[{"@type":"ListItem","position":1,"name":"Strona g\u0142\u00f3wna","item":"https:\/\/level1.nl\/pl\/"},{"@type":"ListItem","position":2,"name":"O\u015bwiadczenie o ochronie prywatno\u015bci"}]},{"@type":"WebSite","@id":"https:\/\/level1.nl\/pl\/#website","url":"https:\/\/level1.nl\/pl\/","name":"Level One Uitzendbureau","description":"Uitzenden, Detacheren, Payroll en Werving &amp; Selectie behoren tot de mogelijkheden bij Level One uitzendbureau","publisher":{"@id":"https:\/\/level1.nl\/pl\/#organization"},"potentialAction":[{"@type":"SearchAction","target":{"@type":"EntryPoint","urlTemplate":"https:\/\/level1.nl\/pl\/?s={search_term_string}"},"query-input":{"@type":"PropertyValueSpecification","valueRequired":true,"valueName":"search_term_string"}}],"inLanguage":"pl-PL"},{"@type":"Organization","@id":"https:\/\/level1.nl\/pl\/#organization","name":"Level One Uitzendbureau","alternateName":"Level 1","url":"https:\/\/level1.nl\/pl\/","logo":{"@type":"ImageObject","inLanguage":"pl-PL","@id":"https:\/\/level1.nl\/pl\/#\/schema\/logo\/image\/","url":"https:\/\/level1.nl\/wp-content\/uploads\/2025\/05\/favicon.png","contentUrl":"https:\/\/level1.nl\/wp-content\/uploads\/2025\/05\/favicon.png","width":512,"height":512,"caption":"Level One Uitzendbureau"},"image":{"@id":"https:\/\/level1.nl\/pl\/#\/schema\/logo\/image\/"},"sameAs":["https:\/\/www.facebook.com\/LevelOneUitzendbureau\/","https:\/\/www.instagram.com\/leveloneuitzendbureau\/"]}]}},"_links":{"self":[{"href":"https:\/\/level1.nl\/pl\/wp-json\/wp\/v2\/pages\/3022","targetHints":{"allow":["GET"]}}],"collection":[{"href":"https:\/\/level1.nl\/pl\/wp-json\/wp\/v2\/pages"}],"about":[{"href":"https:\/\/level1.nl\/pl\/wp-json\/wp\/v2\/types\/page"}],"author":[{"embeddable":true,"href":"https:\/\/level1.nl\/pl\/wp-json\/wp\/v2\/users\/1"}],"replies":[{"embeddable":true,"href":"https:\/\/level1.nl\/pl\/wp-json\/wp\/v2\/comments?post=3022"}],"version-history":[{"count":10,"href":"https:\/\/level1.nl\/pl\/wp-json\/wp\/v2\/pages\/3022\/revisions"}],"predecessor-version":[{"id":6412,"href":"https:\/\/level1.nl\/pl\/wp-json\/wp\/v2\/pages\/3022\/revisions\/6412"}],"wp:attachment":[{"href":"https:\/\/level1.nl\/pl\/wp-json\/wp\/v2\/media?parent=3022"}],"curies":[{"name":"wp","href":"https:\/\/api.w.org\/{rel}","templated":true}]}}