{"id":2997,"date":"2025-05-19T12:43:29","date_gmt":"2025-05-19T12:43:29","guid":{"rendered":"https:\/\/level1.spikker.nl\/cookies\/"},"modified":"2025-06-10T10:06:15","modified_gmt":"2025-06-10T10:06:15","slug":"cookies","status":"publish","type":"page","link":"https:\/\/level1.nl\/pt-pt\/cookies\/","title":{"rendered":"Cookies"},"content":{"rendered":"\n<p>O nosso s\u00edtio Web utiliza apenas cookies funcionais que n\u00e3o violam a tua privacidade. Trata-se de cookies que s\u00e3o tecnicamente necess\u00e1rios para que o nosso s\u00edtio Web funcione e opere. De acordo com a nova lei de privacidade europeia (Regulamento Geral de Prote\u00e7\u00e3o de Dados), j\u00e1 n\u00e3o \u00e9 necess\u00e1rio que d\u00eas autoriza\u00e7\u00e3o para a coloca\u00e7\u00e3o destes cookies. Com esta Declara\u00e7\u00e3o de Cookies, informamos-te sobre a coloca\u00e7\u00e3o destes cookies porque gostamos de ser transparentes e claros sobre o que fazemos.   <br\/><br\/><strong>O que \u00e9 uma bolacha?<\/strong><br\/>Utilizamos cookies neste s\u00edtio Web. Um cookie \u00e9 um pequeno ficheiro simples enviado com as p\u00e1ginas deste s\u00edtio Web (e\/ou aplica\u00e7\u00f5es Flash) e armazenado pelo navegador no disco r\u00edgido de um computador. A informa\u00e7\u00e3o a\u00ed armazenada pode ser enviada de volta aos nossos servidores durante uma visita subsequente.  <br\/><br\/><strong>Utiliza\u00e7\u00e3o de cookies funcionais<\/strong><br\/>Um cookie funcional permite-nos reconhecer-te quando voltas a visitar o nosso s\u00edtio Web. Deste modo, o s\u00edtio Web pode ser adaptado \u00e0s tuas prefer\u00eancias. Por exemplo, a tua prefer\u00eancia lingu\u00edstica. Isto evita que tenhas de repetir as tuas prefer\u00eancias, o que poupa tempo e permite-te utilizar o nosso s\u00edtio Web de uma forma mais agrad\u00e1vel.   <br\/><br\/><strong>Redes sociais<\/strong><br\/>No nosso s\u00edtio Web, ver\u00e1s bot\u00f5es que te permitem promover ou partilhar as p\u00e1ginas Web em redes sociais como o Facebook, o Twitter, o LinkedIn e o Instagram. Estes bot\u00f5es funcionam atrav\u00e9s de fragmentos de c\u00f3digo que prov\u00eam das pr\u00f3prias empresas. Os cookies s\u00e3o colocados atrav\u00e9s deste c\u00f3digo. N\u00e3o temos qualquer influ\u00eancia sobre isto. L\u00ea as declara\u00e7\u00f5es de privacidade do Facebook, Twitter, LinkedIn e Instagram (que podem mudar regularmente) para saberes o que fazem com os teus dados (pessoais) que processam atrav\u00e9s destes cookies.<br\/>As informa\u00e7\u00f5es recolhidas s\u00e3o anonimizadas tanto quanto poss\u00edvel. As informa\u00e7\u00f5es s\u00e3o transferidas para e armazenadas pelo Facebook, Twitter, LinkedIn e Instagram em servidores nos Estados Unidos. O Facebook, o Twitter, o LinkedIn e o Instagram afirmam aderir aos princ\u00edpios do Escudo de Prote\u00e7\u00e3o da Privacidade e s\u00e3o membros do programa do Escudo de Prote\u00e7\u00e3o da Privacidade do Departamento de Com\u00e9rcio dos EUA. Isto implica um n\u00edvel de prote\u00e7\u00e3o adequado para o tratamento de quaisquer dados pessoais.&#8221;       <br\/><br\/><strong>Ativar, desativar e apagar cookies<\/strong><br\/>Para mais informa\u00e7\u00f5es sobre como ativar, desativar e apagar cookies, consulta as instru\u00e7\u00f5es e\/ou a fun\u00e7\u00e3o de Ajuda do teu browser.<\/p>\n\n<p><\/p>\n","protected":false},"excerpt":{"rendered":"<p>O nosso s\u00edtio Web utiliza apenas cookies funcionais que n\u00e3o violam a tua privacidade. Trata-se de cookies que s\u00e3o tecnicamente necess\u00e1rios para que o nosso s\u00edtio Web funcione e opere. De acordo com a nova lei de privacidade europeia (Regulamento Geral de Prote\u00e7\u00e3o de Dados), j\u00e1 n\u00e3o \u00e9 necess\u00e1rio que d\u00eas autoriza\u00e7\u00e3o para a coloca\u00e7\u00e3o [&hellip;]<\/p>\n","protected":false},"author":1,"featured_media":0,"parent":0,"menu_order":0,"comment_status":"closed","ping_status":"closed","template":"","meta":{"_acf_changed":false,"footnotes":""},"class_list":["post-2997","page","type-page","status-publish","hentry"],"blocksy_meta":[],"acf":[],"yoast_head":"<!-- This site is optimized with the Yoast SEO plugin v26.7 - https:\/\/yoast.com\/wordpress\/plugins\/seo\/ -->\n<title>Cookies - Level One Uitzendbureau<\/title>\n<meta name=\"robots\" content=\"index, follow, max-snippet:-1, max-image-preview:large, max-video-preview:-1\" \/>\n<link rel=\"canonical\" href=\"https:\/\/level1.nl\/pt-pt\/cookies\/\" \/>\n<meta property=\"og:locale\" content=\"pt_PT\" \/>\n<meta property=\"og:type\" content=\"article\" \/>\n<meta property=\"og:title\" content=\"Cookies - Level One Uitzendbureau\" \/>\n<meta property=\"og:description\" content=\"O nosso s\u00edtio Web utiliza apenas cookies funcionais que n\u00e3o violam a tua privacidade. Trata-se de cookies que s\u00e3o tecnicamente necess\u00e1rios para que o nosso s\u00edtio Web funcione e opere. De acordo com a nova lei de privacidade europeia (Regulamento Geral de Prote\u00e7\u00e3o de Dados), j\u00e1 n\u00e3o \u00e9 necess\u00e1rio que d\u00eas autoriza\u00e7\u00e3o para a coloca\u00e7\u00e3o [&hellip;]\" \/>\n<meta property=\"og:url\" content=\"https:\/\/level1.nl\/pt-pt\/cookies\/\" \/>\n<meta property=\"og:site_name\" content=\"Level One Uitzendbureau\" \/>\n<meta property=\"article:publisher\" content=\"https:\/\/www.facebook.com\/LevelOneUitzendbureau\/\" \/>\n<meta property=\"article:modified_time\" content=\"2025-06-10T10:06:15+00:00\" \/>\n<meta name=\"twitter:card\" content=\"summary_large_image\" \/>\n<meta name=\"twitter:label1\" content=\"Tempo estimado de leitura\" \/>\n\t<meta name=\"twitter:data1\" content=\"2 minutos\" \/>\n<script type=\"application\/ld+json\" class=\"yoast-schema-graph\">{\"@context\":\"https:\/\/schema.org\",\"@graph\":[{\"@type\":\"WebPage\",\"@id\":\"https:\/\/level1.nl\/pt-pt\/cookies\/\",\"url\":\"https:\/\/level1.nl\/pt-pt\/cookies\/\",\"name\":\"Cookies - Level One Uitzendbureau\",\"isPartOf\":{\"@id\":\"https:\/\/level1.nl\/pt-pt\/#website\"},\"datePublished\":\"2025-05-19T12:43:29+00:00\",\"dateModified\":\"2025-06-10T10:06:15+00:00\",\"breadcrumb\":{\"@id\":\"https:\/\/level1.nl\/pt-pt\/cookies\/#breadcrumb\"},\"inLanguage\":\"pt-PT\",\"potentialAction\":[{\"@type\":\"ReadAction\",\"target\":[\"https:\/\/level1.nl\/pt-pt\/cookies\/\"]}]},{\"@type\":\"BreadcrumbList\",\"@id\":\"https:\/\/level1.nl\/pt-pt\/cookies\/#breadcrumb\",\"itemListElement\":[{\"@type\":\"ListItem\",\"position\":1,\"name\":\"Casa\",\"item\":\"https:\/\/level1.nl\/pt-pt\/\"},{\"@type\":\"ListItem\",\"position\":2,\"name\":\"Cookies\"}]},{\"@type\":\"WebSite\",\"@id\":\"https:\/\/level1.nl\/pt-pt\/#website\",\"url\":\"https:\/\/level1.nl\/pt-pt\/\",\"name\":\"Level One Uitzendbureau\",\"description\":\"Uitzenden, Detacheren, Payroll en Werving &amp; Selectie behoren tot de mogelijkheden bij Level One uitzendbureau\",\"publisher\":{\"@id\":\"https:\/\/level1.nl\/pt-pt\/#organization\"},\"potentialAction\":[{\"@type\":\"SearchAction\",\"target\":{\"@type\":\"EntryPoint\",\"urlTemplate\":\"https:\/\/level1.nl\/pt-pt\/?s={search_term_string}\"},\"query-input\":{\"@type\":\"PropertyValueSpecification\",\"valueRequired\":true,\"valueName\":\"search_term_string\"}}],\"inLanguage\":\"pt-PT\"},{\"@type\":\"Organization\",\"@id\":\"https:\/\/level1.nl\/pt-pt\/#organization\",\"name\":\"Level One Uitzendbureau\",\"alternateName\":\"Level 1\",\"url\":\"https:\/\/level1.nl\/pt-pt\/\",\"logo\":{\"@type\":\"ImageObject\",\"inLanguage\":\"pt-PT\",\"@id\":\"https:\/\/level1.nl\/pt-pt\/#\/schema\/logo\/image\/\",\"url\":\"https:\/\/level1.nl\/wp-content\/uploads\/2025\/05\/favicon.png\",\"contentUrl\":\"https:\/\/level1.nl\/wp-content\/uploads\/2025\/05\/favicon.png\",\"width\":512,\"height\":512,\"caption\":\"Level One Uitzendbureau\"},\"image\":{\"@id\":\"https:\/\/level1.nl\/pt-pt\/#\/schema\/logo\/image\/\"},\"sameAs\":[\"https:\/\/www.facebook.com\/LevelOneUitzendbureau\/\",\"https:\/\/www.instagram.com\/leveloneuitzendbureau\/\"]}]}<\/script>\n<!-- \/ Yoast SEO plugin. -->","yoast_head_json":{"title":"Cookies - Level One Uitzendbureau","robots":{"index":"index","follow":"follow","max-snippet":"max-snippet:-1","max-image-preview":"max-image-preview:large","max-video-preview":"max-video-preview:-1"},"canonical":"https:\/\/level1.nl\/pt-pt\/cookies\/","og_locale":"pt_PT","og_type":"article","og_title":"Cookies - Level One Uitzendbureau","og_description":"O nosso s\u00edtio Web utiliza apenas cookies funcionais que n\u00e3o violam a tua privacidade. Trata-se de cookies que s\u00e3o tecnicamente necess\u00e1rios para que o nosso s\u00edtio Web funcione e opere. De acordo com a nova lei de privacidade europeia (Regulamento Geral de Prote\u00e7\u00e3o de Dados), j\u00e1 n\u00e3o \u00e9 necess\u00e1rio que d\u00eas autoriza\u00e7\u00e3o para a coloca\u00e7\u00e3o [&hellip;]","og_url":"https:\/\/level1.nl\/pt-pt\/cookies\/","og_site_name":"Level One Uitzendbureau","article_publisher":"https:\/\/www.facebook.com\/LevelOneUitzendbureau\/","article_modified_time":"2025-06-10T10:06:15+00:00","twitter_card":"summary_large_image","twitter_misc":{"Tempo estimado de leitura":"2 minutos"},"schema":{"@context":"https:\/\/schema.org","@graph":[{"@type":"WebPage","@id":"https:\/\/level1.nl\/pt-pt\/cookies\/","url":"https:\/\/level1.nl\/pt-pt\/cookies\/","name":"Cookies - Level One Uitzendbureau","isPartOf":{"@id":"https:\/\/level1.nl\/pt-pt\/#website"},"datePublished":"2025-05-19T12:43:29+00:00","dateModified":"2025-06-10T10:06:15+00:00","breadcrumb":{"@id":"https:\/\/level1.nl\/pt-pt\/cookies\/#breadcrumb"},"inLanguage":"pt-PT","potentialAction":[{"@type":"ReadAction","target":["https:\/\/level1.nl\/pt-pt\/cookies\/"]}]},{"@type":"BreadcrumbList","@id":"https:\/\/level1.nl\/pt-pt\/cookies\/#breadcrumb","itemListElement":[{"@type":"ListItem","position":1,"name":"Casa","item":"https:\/\/level1.nl\/pt-pt\/"},{"@type":"ListItem","position":2,"name":"Cookies"}]},{"@type":"WebSite","@id":"https:\/\/level1.nl\/pt-pt\/#website","url":"https:\/\/level1.nl\/pt-pt\/","name":"Level One Uitzendbureau","description":"Uitzenden, Detacheren, Payroll en Werving &amp; Selectie behoren tot de mogelijkheden bij Level One uitzendbureau","publisher":{"@id":"https:\/\/level1.nl\/pt-pt\/#organization"},"potentialAction":[{"@type":"SearchAction","target":{"@type":"EntryPoint","urlTemplate":"https:\/\/level1.nl\/pt-pt\/?s={search_term_string}"},"query-input":{"@type":"PropertyValueSpecification","valueRequired":true,"valueName":"search_term_string"}}],"inLanguage":"pt-PT"},{"@type":"Organization","@id":"https:\/\/level1.nl\/pt-pt\/#organization","name":"Level One Uitzendbureau","alternateName":"Level 1","url":"https:\/\/level1.nl\/pt-pt\/","logo":{"@type":"ImageObject","inLanguage":"pt-PT","@id":"https:\/\/level1.nl\/pt-pt\/#\/schema\/logo\/image\/","url":"https:\/\/level1.nl\/wp-content\/uploads\/2025\/05\/favicon.png","contentUrl":"https:\/\/level1.nl\/wp-content\/uploads\/2025\/05\/favicon.png","width":512,"height":512,"caption":"Level One Uitzendbureau"},"image":{"@id":"https:\/\/level1.nl\/pt-pt\/#\/schema\/logo\/image\/"},"sameAs":["https:\/\/www.facebook.com\/LevelOneUitzendbureau\/","https:\/\/www.instagram.com\/leveloneuitzendbureau\/"]}]}},"_links":{"self":[{"href":"https:\/\/level1.nl\/pt-pt\/wp-json\/wp\/v2\/pages\/2997","targetHints":{"allow":["GET"]}}],"collection":[{"href":"https:\/\/level1.nl\/pt-pt\/wp-json\/wp\/v2\/pages"}],"about":[{"href":"https:\/\/level1.nl\/pt-pt\/wp-json\/wp\/v2\/types\/page"}],"author":[{"embeddable":true,"href":"https:\/\/level1.nl\/pt-pt\/wp-json\/wp\/v2\/users\/1"}],"replies":[{"embeddable":true,"href":"https:\/\/level1.nl\/pt-pt\/wp-json\/wp\/v2\/comments?post=2997"}],"version-history":[{"count":1,"href":"https:\/\/level1.nl\/pt-pt\/wp-json\/wp\/v2\/pages\/2997\/revisions"}],"predecessor-version":[{"id":2998,"href":"https:\/\/level1.nl\/pt-pt\/wp-json\/wp\/v2\/pages\/2997\/revisions\/2998"}],"wp:attachment":[{"href":"https:\/\/level1.nl\/pt-pt\/wp-json\/wp\/v2\/media?parent=2997"}],"curies":[{"name":"wp","href":"https:\/\/api.w.org\/{rel}","templated":true}]}}