{"id":2999,"date":"2025-05-19T12:38:04","date_gmt":"2025-05-19T12:38:04","guid":{"rendered":"https:\/\/level1.spikker.nl\/isencao-de-responsabilidade\/"},"modified":"2025-11-17T15:18:28","modified_gmt":"2025-11-17T15:18:28","slug":"isencao-de-responsabilidade","status":"publish","type":"page","link":"https:\/\/level1.nl\/pt-pt\/isencao-de-responsabilidade\/","title":{"rendered":"Isen\u00e7\u00e3o de responsabilidade"},"content":{"rendered":"\n<p>Este site \u00e9 propriedade da Level One. O acesso e uso deste site est\u00e3o sujeitos a este Aviso Legal e Declara\u00e7\u00e3o de Privacidade. Ao usar o site, o utilizador aceita os termos e condi\u00e7\u00f5es estabelecidos no Aviso Legal e na Declara\u00e7\u00e3o de Privacidade da Level One.  <\/p>\n\n<p>As informa\u00e7\u00f5es contidas neste site s\u00e3o da responsabilidade da Level One, que toma o m\u00e1ximo cuidado poss\u00edvel para garantir que as informa\u00e7\u00f5es em seu site sejam confi\u00e1veis e atualizadas. No entanto, a Level One n\u00e3o pode garantir que as informa\u00e7\u00f5es contidas neste site sejam e\/ou permane\u00e7am corretas e\/ou completas. Portanto, nenhum direito pode ser derivado do conte\u00fado deste site.  <\/p>\n\n<p>A Level One n\u00e3o se responsabiliza por quaisquer danos resultantes de imprecis\u00f5es ou incompletude nas informa\u00e7\u00f5es fornecidas, nem por danos causados por quest\u00f5es relacionadas ou inerentes \u00e0 distribui\u00e7\u00e3o de informa\u00e7\u00f5es pela Internet. Isso inclui interrup\u00e7\u00f5es, erros ou atrasos no fornecimento de informa\u00e7\u00f5es ou servi\u00e7os pela Level One, ou por si \u00e0 Level One atrav\u00e9s do site da Level One ou por outros meios eletr\u00f3nicos.<\/p>\n\n<p>Al\u00e9m disso, as informa\u00e7\u00f5es contidas neste site destinam-se a fornecer informa\u00e7\u00f5es gerais \u00e0s partes interessadas. Estas informa\u00e7\u00f5es n\u00e3o podem, de forma alguma, ser consideradas um substituto para aconselhamento profissional. A Level One tamb\u00e9m n\u00e3o se responsabiliza por quaisquer danos sofridos como resultado da utiliza\u00e7\u00e3o de dados e\/ou informa\u00e7\u00f5es fornecidos pela Level One ou em seu nome atrav\u00e9s deste site. A Level One isenta-se de toda a responsabilidade pelo conte\u00fado de quaisquer sites ligados a ou a partir deste site, seja atrav\u00e9s de hiperliga\u00e7\u00f5es ou outros meios.   <\/p>\n\n<p>A Level One n\u00e3o garante que os e-mails ou outras mensagens eletr\u00f3nicas enviadas para ela ser\u00e3o recebidos ou processados em tempo \u00fatil, e n\u00e3o se responsabiliza por quaisquer consequ\u00eancias resultantes da falha ou atraso no recebimento ou processamento de tais mensagens. Al\u00e9m disso, a Level One n\u00e3o se responsabiliza pela interce\u00e7\u00e3o ou uso indevido de mensagens eletr\u00f3nicas por terceiros. <\/p>\n\n<p>A Level One \u00e9 a propriet\u00e1ria dos direitos autorais (incluindo direitos autorais, nomes de dom\u00ednio, direitos de marca registrada, patentes ou outros direitos de propriedade intelectual) com rela\u00e7\u00e3o a todas as informa\u00e7\u00f5es fornecidas neste site. N\u00e3o \u00e9 permitido copiar, baixar, distribuir ou reproduzir informa\u00e7\u00f5es deste site sem a pr\u00e9via autoriza\u00e7\u00e3o por escrito da Level One. <\/p>\n\n<p>Todo o conte\u00fado que pode ser acessado atrav\u00e9s do site, incluindo, mas n\u00e3o se limitando a, texto, material sonoro e visual, imagens, software, design, marcas registradas, logotipos, quaisquer outras informa\u00e7\u00f5es e bases de dados est\u00e3o sujeitos aos direitos de propriedade intelectual que pertencem \u00e0 Level One, seus licenciadores e\/ou seus parceiros. S\u00f3 pode utilizar este conte\u00fado para utilizar o website e os servi\u00e7os nele oferecidos. Sem o consentimento pr\u00e9vio por escrito da Level One, n\u00e3o pode utilizar o conte\u00fado para outros fins, incluindo, mas n\u00e3o se limitando \u00e0 reprodu\u00e7\u00e3o e\/ou publica\u00e7\u00e3o do conte\u00fado ou ao fornecimento do conte\u00fado a terceiros, seja para fins comerciais ou n\u00e3o, a menos que isso seja permitido por lei imperativa.  <\/p>\n","protected":false},"excerpt":{"rendered":"<p>Este site \u00e9 propriedade da Level One. O acesso e uso deste site est\u00e3o sujeitos a este Aviso Legal e Declara\u00e7\u00e3o de Privacidade. Ao usar o site, o utilizador aceita os termos e condi\u00e7\u00f5es estabelecidos no Aviso Legal e na Declara\u00e7\u00e3o de Privacidade da Level One. As informa\u00e7\u00f5es contidas neste site s\u00e3o da responsabilidade da [&hellip;]<\/p>\n","protected":false},"author":1,"featured_media":0,"parent":0,"menu_order":0,"comment_status":"closed","ping_status":"closed","template":"","meta":{"_acf_changed":false,"footnotes":""},"class_list":["post-2999","page","type-page","status-publish","hentry"],"blocksy_meta":[],"acf":[],"yoast_head":"<!-- This site is optimized with the Yoast SEO plugin v26.7 - https:\/\/yoast.com\/wordpress\/plugins\/seo\/ -->\n<title>Isen\u00e7\u00e3o de responsabilidade - Level One Uitzendbureau<\/title>\n<meta name=\"robots\" content=\"index, follow, max-snippet:-1, max-image-preview:large, max-video-preview:-1\" \/>\n<link rel=\"canonical\" href=\"https:\/\/level1.nl\/pt-pt\/isencao-de-responsabilidade\/\" \/>\n<meta property=\"og:locale\" content=\"pt_PT\" \/>\n<meta property=\"og:type\" content=\"article\" \/>\n<meta property=\"og:title\" content=\"Isen\u00e7\u00e3o de responsabilidade - Level One Uitzendbureau\" \/>\n<meta property=\"og:description\" content=\"Este site \u00e9 propriedade da Level One. O acesso e uso deste site est\u00e3o sujeitos a este Aviso Legal e Declara\u00e7\u00e3o de Privacidade. Ao usar o site, o utilizador aceita os termos e condi\u00e7\u00f5es estabelecidos no Aviso Legal e na Declara\u00e7\u00e3o de Privacidade da Level One. As informa\u00e7\u00f5es contidas neste site s\u00e3o da responsabilidade da [&hellip;]\" \/>\n<meta property=\"og:url\" content=\"https:\/\/level1.nl\/pt-pt\/isencao-de-responsabilidade\/\" \/>\n<meta property=\"og:site_name\" content=\"Level One Uitzendbureau\" \/>\n<meta property=\"article:publisher\" content=\"https:\/\/www.facebook.com\/LevelOneUitzendbureau\/\" \/>\n<meta property=\"article:modified_time\" content=\"2025-11-17T15:18:28+00:00\" \/>\n<meta name=\"twitter:card\" content=\"summary_large_image\" \/>\n<meta name=\"twitter:label1\" content=\"Tempo estimado de leitura\" \/>\n\t<meta name=\"twitter:data1\" content=\"3 minutos\" \/>\n<script type=\"application\/ld+json\" class=\"yoast-schema-graph\">{\"@context\":\"https:\/\/schema.org\",\"@graph\":[{\"@type\":\"WebPage\",\"@id\":\"https:\/\/level1.nl\/pt-pt\/isencao-de-responsabilidade\/\",\"url\":\"https:\/\/level1.nl\/pt-pt\/isencao-de-responsabilidade\/\",\"name\":\"Isen\u00e7\u00e3o de responsabilidade - Level One Uitzendbureau\",\"isPartOf\":{\"@id\":\"https:\/\/level1.nl\/pt-pt\/#website\"},\"datePublished\":\"2025-05-19T12:38:04+00:00\",\"dateModified\":\"2025-11-17T15:18:28+00:00\",\"breadcrumb\":{\"@id\":\"https:\/\/level1.nl\/pt-pt\/isencao-de-responsabilidade\/#breadcrumb\"},\"inLanguage\":\"pt-PT\",\"potentialAction\":[{\"@type\":\"ReadAction\",\"target\":[\"https:\/\/level1.nl\/pt-pt\/isencao-de-responsabilidade\/\"]}]},{\"@type\":\"BreadcrumbList\",\"@id\":\"https:\/\/level1.nl\/pt-pt\/isencao-de-responsabilidade\/#breadcrumb\",\"itemListElement\":[{\"@type\":\"ListItem\",\"position\":1,\"name\":\"Casa\",\"item\":\"https:\/\/level1.nl\/pt-pt\/\"},{\"@type\":\"ListItem\",\"position\":2,\"name\":\"Isen\u00e7\u00e3o de responsabilidade\"}]},{\"@type\":\"WebSite\",\"@id\":\"https:\/\/level1.nl\/pt-pt\/#website\",\"url\":\"https:\/\/level1.nl\/pt-pt\/\",\"name\":\"Level One Uitzendbureau\",\"description\":\"Uitzenden, Detacheren, Payroll en Werving &amp; Selectie behoren tot de mogelijkheden bij Level One uitzendbureau\",\"publisher\":{\"@id\":\"https:\/\/level1.nl\/pt-pt\/#organization\"},\"potentialAction\":[{\"@type\":\"SearchAction\",\"target\":{\"@type\":\"EntryPoint\",\"urlTemplate\":\"https:\/\/level1.nl\/pt-pt\/?s={search_term_string}\"},\"query-input\":{\"@type\":\"PropertyValueSpecification\",\"valueRequired\":true,\"valueName\":\"search_term_string\"}}],\"inLanguage\":\"pt-PT\"},{\"@type\":\"Organization\",\"@id\":\"https:\/\/level1.nl\/pt-pt\/#organization\",\"name\":\"Level One Uitzendbureau\",\"alternateName\":\"Level 1\",\"url\":\"https:\/\/level1.nl\/pt-pt\/\",\"logo\":{\"@type\":\"ImageObject\",\"inLanguage\":\"pt-PT\",\"@id\":\"https:\/\/level1.nl\/pt-pt\/#\/schema\/logo\/image\/\",\"url\":\"https:\/\/level1.nl\/wp-content\/uploads\/2025\/05\/favicon.png\",\"contentUrl\":\"https:\/\/level1.nl\/wp-content\/uploads\/2025\/05\/favicon.png\",\"width\":512,\"height\":512,\"caption\":\"Level One Uitzendbureau\"},\"image\":{\"@id\":\"https:\/\/level1.nl\/pt-pt\/#\/schema\/logo\/image\/\"},\"sameAs\":[\"https:\/\/www.facebook.com\/LevelOneUitzendbureau\/\",\"https:\/\/www.instagram.com\/leveloneuitzendbureau\/\"]}]}<\/script>\n<!-- \/ Yoast SEO plugin. -->","yoast_head_json":{"title":"Isen\u00e7\u00e3o de responsabilidade - Level One Uitzendbureau","robots":{"index":"index","follow":"follow","max-snippet":"max-snippet:-1","max-image-preview":"max-image-preview:large","max-video-preview":"max-video-preview:-1"},"canonical":"https:\/\/level1.nl\/pt-pt\/isencao-de-responsabilidade\/","og_locale":"pt_PT","og_type":"article","og_title":"Isen\u00e7\u00e3o de responsabilidade - Level One Uitzendbureau","og_description":"Este site \u00e9 propriedade da Level One. O acesso e uso deste site est\u00e3o sujeitos a este Aviso Legal e Declara\u00e7\u00e3o de Privacidade. Ao usar o site, o utilizador aceita os termos e condi\u00e7\u00f5es estabelecidos no Aviso Legal e na Declara\u00e7\u00e3o de Privacidade da Level One. As informa\u00e7\u00f5es contidas neste site s\u00e3o da responsabilidade da [&hellip;]","og_url":"https:\/\/level1.nl\/pt-pt\/isencao-de-responsabilidade\/","og_site_name":"Level One Uitzendbureau","article_publisher":"https:\/\/www.facebook.com\/LevelOneUitzendbureau\/","article_modified_time":"2025-11-17T15:18:28+00:00","twitter_card":"summary_large_image","twitter_misc":{"Tempo estimado de leitura":"3 minutos"},"schema":{"@context":"https:\/\/schema.org","@graph":[{"@type":"WebPage","@id":"https:\/\/level1.nl\/pt-pt\/isencao-de-responsabilidade\/","url":"https:\/\/level1.nl\/pt-pt\/isencao-de-responsabilidade\/","name":"Isen\u00e7\u00e3o de responsabilidade - Level One Uitzendbureau","isPartOf":{"@id":"https:\/\/level1.nl\/pt-pt\/#website"},"datePublished":"2025-05-19T12:38:04+00:00","dateModified":"2025-11-17T15:18:28+00:00","breadcrumb":{"@id":"https:\/\/level1.nl\/pt-pt\/isencao-de-responsabilidade\/#breadcrumb"},"inLanguage":"pt-PT","potentialAction":[{"@type":"ReadAction","target":["https:\/\/level1.nl\/pt-pt\/isencao-de-responsabilidade\/"]}]},{"@type":"BreadcrumbList","@id":"https:\/\/level1.nl\/pt-pt\/isencao-de-responsabilidade\/#breadcrumb","itemListElement":[{"@type":"ListItem","position":1,"name":"Casa","item":"https:\/\/level1.nl\/pt-pt\/"},{"@type":"ListItem","position":2,"name":"Isen\u00e7\u00e3o de responsabilidade"}]},{"@type":"WebSite","@id":"https:\/\/level1.nl\/pt-pt\/#website","url":"https:\/\/level1.nl\/pt-pt\/","name":"Level One Uitzendbureau","description":"Uitzenden, Detacheren, Payroll en Werving &amp; Selectie behoren tot de mogelijkheden bij Level One uitzendbureau","publisher":{"@id":"https:\/\/level1.nl\/pt-pt\/#organization"},"potentialAction":[{"@type":"SearchAction","target":{"@type":"EntryPoint","urlTemplate":"https:\/\/level1.nl\/pt-pt\/?s={search_term_string}"},"query-input":{"@type":"PropertyValueSpecification","valueRequired":true,"valueName":"search_term_string"}}],"inLanguage":"pt-PT"},{"@type":"Organization","@id":"https:\/\/level1.nl\/pt-pt\/#organization","name":"Level One Uitzendbureau","alternateName":"Level 1","url":"https:\/\/level1.nl\/pt-pt\/","logo":{"@type":"ImageObject","inLanguage":"pt-PT","@id":"https:\/\/level1.nl\/pt-pt\/#\/schema\/logo\/image\/","url":"https:\/\/level1.nl\/wp-content\/uploads\/2025\/05\/favicon.png","contentUrl":"https:\/\/level1.nl\/wp-content\/uploads\/2025\/05\/favicon.png","width":512,"height":512,"caption":"Level One Uitzendbureau"},"image":{"@id":"https:\/\/level1.nl\/pt-pt\/#\/schema\/logo\/image\/"},"sameAs":["https:\/\/www.facebook.com\/LevelOneUitzendbureau\/","https:\/\/www.instagram.com\/leveloneuitzendbureau\/"]}]}},"_links":{"self":[{"href":"https:\/\/level1.nl\/pt-pt\/wp-json\/wp\/v2\/pages\/2999","targetHints":{"allow":["GET"]}}],"collection":[{"href":"https:\/\/level1.nl\/pt-pt\/wp-json\/wp\/v2\/pages"}],"about":[{"href":"https:\/\/level1.nl\/pt-pt\/wp-json\/wp\/v2\/types\/page"}],"author":[{"embeddable":true,"href":"https:\/\/level1.nl\/pt-pt\/wp-json\/wp\/v2\/users\/1"}],"replies":[{"embeddable":true,"href":"https:\/\/level1.nl\/pt-pt\/wp-json\/wp\/v2\/comments?post=2999"}],"version-history":[{"count":3,"href":"https:\/\/level1.nl\/pt-pt\/wp-json\/wp\/v2\/pages\/2999\/revisions"}],"predecessor-version":[{"id":5827,"href":"https:\/\/level1.nl\/pt-pt\/wp-json\/wp\/v2\/pages\/2999\/revisions\/5827"}],"wp:attachment":[{"href":"https:\/\/level1.nl\/pt-pt\/wp-json\/wp\/v2\/media?parent=2999"}],"curies":[{"name":"wp","href":"https:\/\/api.w.org\/{rel}","templated":true}]}}