{"id":3019,"date":"2025-04-22T09:32:50","date_gmt":"2025-04-22T09:32:50","guid":{"rendered":"https:\/\/level1.spikker.nl\/declaracao-de-privacidade\/"},"modified":"2026-03-31T13:54:39","modified_gmt":"2026-03-31T13:54:39","slug":"declaracao-de-privacidade","status":"publish","type":"page","link":"https:\/\/level1.nl\/pt-pt\/declaracao-de-privacidade\/","title":{"rendered":"Declara\u00e7\u00e3o de privacidade"},"content":{"rendered":"\n<p>Level One Uitzendbureau B.V., Level One Payroll B.V. e Level One Holding B.V., doravante referidas conjuntamente como Level One: A Level One atribui grande import\u00e2ncia \u00e0 prote\u00e7\u00e3o da sua privacidade, e os dados pessoais e outros s\u00e3o cuidadosamente processados e protegidos por n\u00f3s. Nesta declara\u00e7\u00e3o de privacidade, explicamos quais os dados pessoais que recolhemos e utilizamos e para que finalidade. <\/p>\n\n<p><strong>Processamento de dados pessoais<\/strong><br\/>A Level One pode processar os seus dados pessoais porque utiliza os nossos servi\u00e7os e\/ou porque nos fornece esses dados. Por exemplo, pode fornecer-nos os seus dados de contacto se desejar comunicar connosco, se desejar receber mais informa\u00e7\u00f5es sobre os nossos servi\u00e7os, se desejar candidatar-se a um cargo na nossa organiza\u00e7\u00e3o ou se desejar fazer neg\u00f3cios connosco. Em seguida, processamos esses dados pessoais para prestar os nossos servi\u00e7os e\/ou inform\u00e1-lo. Sem esses dados pessoais, n\u00e3o nos \u00e9 poss\u00edvel prestar os nossos servi\u00e7os e\/ou inform\u00e1-lo. Utilizamos os seus dados pessoais exclusivamente para processar o seu pedido.    <\/p>\n\n<p>Ocasionalmente, podemos tamb\u00e9m adquirir informa\u00e7\u00f5es indiretamente relacionadas a si atrav\u00e9s de terceiros. Quando o fazemos, solicitamos ao terceiro em quest\u00e3o que garanta que as informa\u00e7\u00f5es foram obtidas legalmente por ele e que temos o direito de adquirir e usar essas informa\u00e7\u00f5es. <\/p>\n\n<p>Tem o direito de, a qualquer momento, solicitar as informa\u00e7\u00f5es que mantemos sobre si, entre outras coisas, e, se desejar, alter\u00e1-las, exclu\u00ed-las ou solicitar que sejam exclu\u00eddas. Pode fazer isso enviando uma solicita\u00e7\u00e3o detalhada para <a href=\"mailto:info@level1.nl\">info@level1.nl.<\/a> Para garantir que a solicita\u00e7\u00e3o do pedido seja feita por si, pedimos que envie uma c\u00f3pia do seu documento de identidade junto com a solicita\u00e7\u00e3o. Nessa c\u00f3pia, oculte a fotografia do passaporte, a MRZ (zona de leitura \u00f3tica, a faixa de n\u00fameros na parte inferior do passaporte), o n\u00famero do passaporte e o N\u00famero de Servi\u00e7o de Cidad\u00e3o (BSN). Isso \u00e9 para proteger a sua privacidade. A Level One responder\u00e1 ao seu pedido o mais r\u00e1pido poss\u00edvel, mas, em qualquer caso, dentro de quatro semanas.     <\/p>\n\n<p>O nosso website utiliza apenas cookies funcionais que n\u00e3o violam a sua privacidade. Trata-se de cookies que s\u00e3o tecnicamente necess\u00e1rios para o funcionamento e gest\u00e3o do nosso website. Ao abrigo da nova lei europeia de privacidade (Regulamento Geral sobre a Prote\u00e7\u00e3o de Dados), j\u00e1 n\u00e3o \u00e9 necess\u00e1rio que d\u00ea a sua autoriza\u00e7\u00e3o para a coloca\u00e7\u00e3o destes cookies.<br\/>Na nossa Declara\u00e7\u00e3o de Cookies, informamos sobre a coloca\u00e7\u00e3o desses cookies porque gostamos de ser transparentes e claros sobre o que fazemos.  <\/p>\n\n<p>A privacidade dos visitantes do nosso site \u00e9 respeitada por todos os nossos funcion\u00e1rios. As informa\u00e7\u00f5es e os dados pessoais s\u00e3o tratados de forma confidencial, inclusive por terceiros respons\u00e1veis pela seguran\u00e7a do armazenamento dos seus dados, e n\u00e3o s\u00e3o utilizados para outros fins que n\u00e3o os declarados. <\/p>\n\n<p><strong>Tomada de decis\u00f5es automatizada<\/strong><br\/>A Level One n\u00e3o toma decis\u00f5es sobre assuntos que possam afetar (significativamente) indiv\u00edduos com base no processamento automatizado.<\/p>\n\n<p><strong>Utiliza\u00e7\u00e3o de dados pessoais<\/strong><br\/>A Level One recolhe e utiliza os seus dados pessoais para operar o site da Level One e fornecer as informa\u00e7\u00f5es, servi\u00e7os e servi\u00e7os que solicitou. A Level One pode tamb\u00e9m usar as suas informa\u00e7\u00f5es pessoais para inform\u00e1-lo sobre os servi\u00e7os da Level One. Tamb\u00e9m podemos usar as suas informa\u00e7\u00f5es pessoais realizar pesquisas e an\u00e1lises com o objetivo de melhorar o nosso site e os nossos servi\u00e7os. <\/p>\n\n<p><strong>Divulga\u00e7\u00e3o a terceiros<\/strong><br\/>A Level One n\u00e3o vende, aluga ou arrenda listas de clientes a terceiros. A Level One nunca divulgar\u00e1 as suas informa\u00e7\u00f5es pessoais sem aviso pr\u00e9vio, exceto quando exigido por lei ou quando acreditar, de boa-f\u00e9, que tal a\u00e7\u00e3o \u00e9 necess\u00e1ria para:<br\/>cumprir uma solicita\u00e7\u00e3o legal; ou<br\/>proteger e defender os direitos ou a propriedade da Level One; ou<br\/>agir em circunst\u00e2ncias urgentes para proteger a seguran\u00e7a pessoal dos utilizadores da Level One ou do p\u00fablico. <\/p>\n\n<p><strong>Reten\u00e7\u00e3o de dados pessoais<\/strong><br\/>O ponto de partida para a reten\u00e7\u00e3o de dados pessoais \u00e9 que todos os dados n\u00e3o sejam retidos por mais tempo do que o necess\u00e1rio. A Level One n\u00e3o armazenar\u00e1 dados pessoais por mais tempo do que o estritamente necess\u00e1rio para atingir os objetivos para os quais os dados foram recolhidos. As exce\u00e7\u00f5es a esta regra s\u00e3o os dados que devemos armazenar por mais tempo porque a lei assim o exige.  <\/p>\n\n<p><strong>Seguran\u00e7a dos dados pessoais<\/strong><br\/>A Level One garante a seguran\u00e7a organizacional, t\u00e9cnica e f\u00edsica adequada dos seus dados pessoais. A Level One mant\u00e9m as informa\u00e7\u00f5es pessoais identific\u00e1veis que fornece em servidores inform\u00e1ticos num ambiente seguro e controlado, protegido contra acesso, uso ou divulga\u00e7\u00e3o n\u00e3o autorizados. <\/p>\n\n<p><strong>Alterar da Declara\u00e7\u00e3o de Privacidade<\/strong><br\/>Esta declara\u00e7\u00e3o de privacidade est\u00e1 sujeita a altera\u00e7\u00f5es. A Level One atualizar\u00e1 ocasionalmente esta declara\u00e7\u00e3o de privacidade para refletir os coment\u00e1rios da empresa e dos clientes. A Level One incentiva-o a rever periodicamente esta declara\u00e7\u00e3o para se manter informado sobre como a Level One est\u00e1 a proteger as suas informa\u00e7\u00f5es.<br\/><br\/>  <\/p>\n\n<p><strong>Informa\u00e7\u00f5es de contato<\/strong><br\/>A Level One agradece os seus coment\u00e1rios sobre esta declara\u00e7\u00e3o de privacidade. Se considerar que a Level One n\u00e3o agiu de acordo com esta declara\u00e7\u00e3o, pode entrar em contato com o departamento de RH atrav\u00e9s do e-mail <a href=\"mailto:hr.level1.nl\">hr@level1.nl<\/a> ou por telefone pelo n\u00famero <a href=\"tel:0527271369\">0527-271369<\/a>. A Level One tamb\u00e9m deseja informar que voc\u00ea tem a possibilidade de apresentar uma reclama\u00e7\u00e3o junto \u00e0 autoridade nacional de supervis\u00e3o, ou seja, a Autoridade de Prote\u00e7\u00e3o de Dados Pessoais.<br\/><br\/><br\/>  <\/p>\n\n<p><\/p>\n","protected":false},"excerpt":{"rendered":"<p>Level One Uitzendbureau B.V., Level One Payroll B.V. e Level One Holding B.V., doravante referidas conjuntamente como Level One: A Level One atribui grande import\u00e2ncia \u00e0 prote\u00e7\u00e3o da sua privacidade, e os dados pessoais e outros s\u00e3o cuidadosamente processados e protegidos por n\u00f3s. Nesta declara\u00e7\u00e3o de privacidade, explicamos quais os dados pessoais que recolhemos e [&hellip;]<\/p>\n","protected":false},"author":1,"featured_media":0,"parent":0,"menu_order":0,"comment_status":"closed","ping_status":"closed","template":"","meta":{"_acf_changed":false,"footnotes":""},"class_list":["post-3019","page","type-page","status-publish","hentry"],"blocksy_meta":[],"acf":[],"yoast_head":"<!-- This site is optimized with the Yoast SEO plugin v26.7 - https:\/\/yoast.com\/wordpress\/plugins\/seo\/ -->\n<title>Declara\u00e7\u00e3o de privacidade - Level One Uitzendbureau<\/title>\n<meta name=\"robots\" content=\"index, follow, max-snippet:-1, max-image-preview:large, max-video-preview:-1\" \/>\n<link rel=\"canonical\" href=\"https:\/\/level1.nl\/pt-pt\/declaracao-de-privacidade\/\" \/>\n<meta property=\"og:locale\" content=\"pt_PT\" \/>\n<meta property=\"og:type\" content=\"article\" \/>\n<meta property=\"og:title\" content=\"Declara\u00e7\u00e3o de privacidade - Level One Uitzendbureau\" \/>\n<meta property=\"og:description\" content=\"Level One Uitzendbureau B.V., Level One Payroll B.V. e Level One Holding B.V., doravante referidas conjuntamente como Level One: A Level One atribui grande import\u00e2ncia \u00e0 prote\u00e7\u00e3o da sua privacidade, e os dados pessoais e outros s\u00e3o cuidadosamente processados e protegidos por n\u00f3s. Nesta declara\u00e7\u00e3o de privacidade, explicamos quais os dados pessoais que recolhemos e [&hellip;]\" \/>\n<meta property=\"og:url\" content=\"https:\/\/level1.nl\/pt-pt\/declaracao-de-privacidade\/\" \/>\n<meta property=\"og:site_name\" content=\"Level One Uitzendbureau\" \/>\n<meta property=\"article:publisher\" content=\"https:\/\/www.facebook.com\/LevelOneUitzendbureau\/\" \/>\n<meta property=\"article:modified_time\" content=\"2026-03-31T13:54:39+00:00\" \/>\n<meta name=\"twitter:card\" content=\"summary_large_image\" \/>\n<meta name=\"twitter:label1\" content=\"Tempo estimado de leitura\" \/>\n\t<meta name=\"twitter:data1\" content=\"5 minutos\" \/>\n<script type=\"application\/ld+json\" class=\"yoast-schema-graph\">{\"@context\":\"https:\/\/schema.org\",\"@graph\":[{\"@type\":\"WebPage\",\"@id\":\"https:\/\/level1.nl\/pt-pt\/declaracao-de-privacidade\/\",\"url\":\"https:\/\/level1.nl\/pt-pt\/declaracao-de-privacidade\/\",\"name\":\"Declara\u00e7\u00e3o de privacidade - Level One Uitzendbureau\",\"isPartOf\":{\"@id\":\"https:\/\/level1.nl\/pt-pt\/#website\"},\"datePublished\":\"2025-04-22T09:32:50+00:00\",\"dateModified\":\"2026-03-31T13:54:39+00:00\",\"breadcrumb\":{\"@id\":\"https:\/\/level1.nl\/pt-pt\/declaracao-de-privacidade\/#breadcrumb\"},\"inLanguage\":\"pt-PT\",\"potentialAction\":[{\"@type\":\"ReadAction\",\"target\":[\"https:\/\/level1.nl\/pt-pt\/declaracao-de-privacidade\/\"]}]},{\"@type\":\"BreadcrumbList\",\"@id\":\"https:\/\/level1.nl\/pt-pt\/declaracao-de-privacidade\/#breadcrumb\",\"itemListElement\":[{\"@type\":\"ListItem\",\"position\":1,\"name\":\"Casa\",\"item\":\"https:\/\/level1.nl\/pt-pt\/\"},{\"@type\":\"ListItem\",\"position\":2,\"name\":\"Declara\u00e7\u00e3o de privacidade\"}]},{\"@type\":\"WebSite\",\"@id\":\"https:\/\/level1.nl\/pt-pt\/#website\",\"url\":\"https:\/\/level1.nl\/pt-pt\/\",\"name\":\"Level One Uitzendbureau\",\"description\":\"Uitzenden, Detacheren, Payroll en Werving &amp; Selectie behoren tot de mogelijkheden bij Level One uitzendbureau\",\"publisher\":{\"@id\":\"https:\/\/level1.nl\/pt-pt\/#organization\"},\"potentialAction\":[{\"@type\":\"SearchAction\",\"target\":{\"@type\":\"EntryPoint\",\"urlTemplate\":\"https:\/\/level1.nl\/pt-pt\/?s={search_term_string}\"},\"query-input\":{\"@type\":\"PropertyValueSpecification\",\"valueRequired\":true,\"valueName\":\"search_term_string\"}}],\"inLanguage\":\"pt-PT\"},{\"@type\":\"Organization\",\"@id\":\"https:\/\/level1.nl\/pt-pt\/#organization\",\"name\":\"Level One Uitzendbureau\",\"alternateName\":\"Level 1\",\"url\":\"https:\/\/level1.nl\/pt-pt\/\",\"logo\":{\"@type\":\"ImageObject\",\"inLanguage\":\"pt-PT\",\"@id\":\"https:\/\/level1.nl\/pt-pt\/#\/schema\/logo\/image\/\",\"url\":\"https:\/\/level1.nl\/wp-content\/uploads\/2025\/05\/favicon.png\",\"contentUrl\":\"https:\/\/level1.nl\/wp-content\/uploads\/2025\/05\/favicon.png\",\"width\":512,\"height\":512,\"caption\":\"Level One Uitzendbureau\"},\"image\":{\"@id\":\"https:\/\/level1.nl\/pt-pt\/#\/schema\/logo\/image\/\"},\"sameAs\":[\"https:\/\/www.facebook.com\/LevelOneUitzendbureau\/\",\"https:\/\/www.instagram.com\/leveloneuitzendbureau\/\"]}]}<\/script>\n<!-- \/ Yoast SEO plugin. -->","yoast_head_json":{"title":"Declara\u00e7\u00e3o de privacidade - Level One Uitzendbureau","robots":{"index":"index","follow":"follow","max-snippet":"max-snippet:-1","max-image-preview":"max-image-preview:large","max-video-preview":"max-video-preview:-1"},"canonical":"https:\/\/level1.nl\/pt-pt\/declaracao-de-privacidade\/","og_locale":"pt_PT","og_type":"article","og_title":"Declara\u00e7\u00e3o de privacidade - Level One Uitzendbureau","og_description":"Level One Uitzendbureau B.V., Level One Payroll B.V. e Level One Holding B.V., doravante referidas conjuntamente como Level One: A Level One atribui grande import\u00e2ncia \u00e0 prote\u00e7\u00e3o da sua privacidade, e os dados pessoais e outros s\u00e3o cuidadosamente processados e protegidos por n\u00f3s. Nesta declara\u00e7\u00e3o de privacidade, explicamos quais os dados pessoais que recolhemos e [&hellip;]","og_url":"https:\/\/level1.nl\/pt-pt\/declaracao-de-privacidade\/","og_site_name":"Level One Uitzendbureau","article_publisher":"https:\/\/www.facebook.com\/LevelOneUitzendbureau\/","article_modified_time":"2026-03-31T13:54:39+00:00","twitter_card":"summary_large_image","twitter_misc":{"Tempo estimado de leitura":"5 minutos"},"schema":{"@context":"https:\/\/schema.org","@graph":[{"@type":"WebPage","@id":"https:\/\/level1.nl\/pt-pt\/declaracao-de-privacidade\/","url":"https:\/\/level1.nl\/pt-pt\/declaracao-de-privacidade\/","name":"Declara\u00e7\u00e3o de privacidade - Level One Uitzendbureau","isPartOf":{"@id":"https:\/\/level1.nl\/pt-pt\/#website"},"datePublished":"2025-04-22T09:32:50+00:00","dateModified":"2026-03-31T13:54:39+00:00","breadcrumb":{"@id":"https:\/\/level1.nl\/pt-pt\/declaracao-de-privacidade\/#breadcrumb"},"inLanguage":"pt-PT","potentialAction":[{"@type":"ReadAction","target":["https:\/\/level1.nl\/pt-pt\/declaracao-de-privacidade\/"]}]},{"@type":"BreadcrumbList","@id":"https:\/\/level1.nl\/pt-pt\/declaracao-de-privacidade\/#breadcrumb","itemListElement":[{"@type":"ListItem","position":1,"name":"Casa","item":"https:\/\/level1.nl\/pt-pt\/"},{"@type":"ListItem","position":2,"name":"Declara\u00e7\u00e3o de privacidade"}]},{"@type":"WebSite","@id":"https:\/\/level1.nl\/pt-pt\/#website","url":"https:\/\/level1.nl\/pt-pt\/","name":"Level One Uitzendbureau","description":"Uitzenden, Detacheren, Payroll en Werving &amp; Selectie behoren tot de mogelijkheden bij Level One uitzendbureau","publisher":{"@id":"https:\/\/level1.nl\/pt-pt\/#organization"},"potentialAction":[{"@type":"SearchAction","target":{"@type":"EntryPoint","urlTemplate":"https:\/\/level1.nl\/pt-pt\/?s={search_term_string}"},"query-input":{"@type":"PropertyValueSpecification","valueRequired":true,"valueName":"search_term_string"}}],"inLanguage":"pt-PT"},{"@type":"Organization","@id":"https:\/\/level1.nl\/pt-pt\/#organization","name":"Level One Uitzendbureau","alternateName":"Level 1","url":"https:\/\/level1.nl\/pt-pt\/","logo":{"@type":"ImageObject","inLanguage":"pt-PT","@id":"https:\/\/level1.nl\/pt-pt\/#\/schema\/logo\/image\/","url":"https:\/\/level1.nl\/wp-content\/uploads\/2025\/05\/favicon.png","contentUrl":"https:\/\/level1.nl\/wp-content\/uploads\/2025\/05\/favicon.png","width":512,"height":512,"caption":"Level One Uitzendbureau"},"image":{"@id":"https:\/\/level1.nl\/pt-pt\/#\/schema\/logo\/image\/"},"sameAs":["https:\/\/www.facebook.com\/LevelOneUitzendbureau\/","https:\/\/www.instagram.com\/leveloneuitzendbureau\/"]}]}},"_links":{"self":[{"href":"https:\/\/level1.nl\/pt-pt\/wp-json\/wp\/v2\/pages\/3019","targetHints":{"allow":["GET"]}}],"collection":[{"href":"https:\/\/level1.nl\/pt-pt\/wp-json\/wp\/v2\/pages"}],"about":[{"href":"https:\/\/level1.nl\/pt-pt\/wp-json\/wp\/v2\/types\/page"}],"author":[{"embeddable":true,"href":"https:\/\/level1.nl\/pt-pt\/wp-json\/wp\/v2\/users\/1"}],"replies":[{"embeddable":true,"href":"https:\/\/level1.nl\/pt-pt\/wp-json\/wp\/v2\/comments?post=3019"}],"version-history":[{"count":10,"href":"https:\/\/level1.nl\/pt-pt\/wp-json\/wp\/v2\/pages\/3019\/revisions"}],"predecessor-version":[{"id":6410,"href":"https:\/\/level1.nl\/pt-pt\/wp-json\/wp\/v2\/pages\/3019\/revisions\/6410"}],"wp:attachment":[{"href":"https:\/\/level1.nl\/pt-pt\/wp-json\/wp\/v2\/media?parent=3019"}],"curies":[{"name":"wp","href":"https:\/\/api.w.org\/{rel}","templated":true}]}}