{"id":3180,"date":"2025-05-28T08:14:29","date_gmt":"2025-05-28T08:14:29","guid":{"rendered":"https:\/\/level1.spikker.nl\/empregados\/transferencias\/"},"modified":"2025-11-17T14:04:49","modified_gmt":"2025-11-17T14:04:49","slug":"transferencias","status":"publish","type":"page","link":"https:\/\/level1.nl\/pt-pt\/empregados\/transferencias\/","title":{"rendered":"Transfer\u00eancias"},"content":{"rendered":"\n<div class=\"wp-block-stackable-columns alignfull stk-block-columns stk-block stk-9634d64 stk-block-background stk-entrance\" data-block-id=\"9634d64\"><style>.stk-9634d64 {background-color:var(--theme-palette-color-6, #f2f5f7) !important;padding-top:24px !important;padding-bottom:100px !important;margin-bottom:0px !important;}.stk-9634d64:before{background-color:var(--theme-palette-color-6, #f2f5f7) !important;}<\/style><div class=\"stk-row stk-inner-blocks stk-block-content stk-content-align stk-9634d64-column\">\n<div class=\"wp-block-stackable-column stk-block-column stk-column stk-block stk-3a7c387\" data-v=\"4\" data-block-id=\"3a7c387\"><div class=\"stk-column-wrapper stk-block-column__content stk-container stk-3a7c387-container stk--no-background stk--no-padding\"><div class=\"stk-block-content stk-inner-blocks stk-3a7c387-inner-blocks\">\n<div class=\"wp-block-stackable-columns stk-block-columns stk-block stk-07f2695\" data-block-id=\"07f2695\"><style>.stk-07f2695-column{--stk-column-gap:24px !important;flex-wrap:wrap !important;--stk-flex-grow:0 !important;row-gap:24px !important;}<\/style><style class=\"stk-custom-css\">.stk-07f2695.stk-block-columns .stk-block-column{background-position:5% 95% !important}<\/style><div class=\"stk-row stk-inner-blocks stk-block-content stk-content-align stk-07f2695-column\">\n<div class=\"wp-block-stackable-column stk-block-column stk-column stk-block stk-fce1d44 stk-block-background stk-entrance stk--has-background-overlay\" data-v=\"4\" data-block-id=\"fce1d44\"><style>.stk-fce1d44-container{margin-top:8px !important;margin-right:8px !important;margin-bottom:8px !important;margin-left:8px !important;min-height:150px !important;padding-top:0px !important;padding-right:0px !important;padding-bottom:0px !important;padding-left:0px !important;}.stk-fce1d44-inner-blocks{align-items:flex-end !important;justify-content:flex-end !important;}.stk-fce1d44 {background-color:var(--theme-palette-color-10, #E4F1FB) !important;background-image:url(https:\/\/level1.nl\/wp-content\/uploads\/2025\/06\/download-icon.svg) !important;background-position:bottom left !important;background-repeat:no-repeat !important;background-size:32px !important;border-top-left-radius:5px !important;border-top-right-radius:5px !important;border-bottom-right-radius:5px !important;border-bottom-left-radius:5px !important;overflow:hidden !important;border-style:solid !important;border-color:var(--theme-palette-color-2, #A2D0F1) !important;border-top-width:2px !important;border-right-width:2px !important;border-bottom-width:2px !important;border-left-width:2px !important;padding-top:0px !important;padding-right:0px !important;padding-bottom:0px !important;padding-left:0px !important;--entrance-transform:translateY(50px) !important;}.stk-fce1d44:hover{background-color:var(--theme-palette-color-2, #A2D0F1) !important;}.stk-fce1d44:before{background-color:var(--theme-palette-color-10, #E4F1FB) !important;opacity:0 !important;}.stk-fce1d44:hover:before{background-color:var(--theme-palette-color-2, #A2D0F1) !important;opacity:0 !important;}<\/style><div class=\"stk-column-wrapper stk-block-column__content stk-container stk-fce1d44-container stk--no-background stk--no-padding\"><div class=\"stk--column-flex stk-block-content stk-inner-blocks stk-fce1d44-inner-blocks\">\n<div class=\"wp-block-stackable-text stk-block-text stk-block stk-b23643a\" data-block-id=\"b23643a\"><style>.stk-b23643a .stk-block-text__text{font-size:16px !important;color:var(--theme-palette-color-3, #1F3155) !important;font-weight:bold !important;}@media screen and (max-width:999px){.stk-b23643a .stk-block-text__text{font-size:16px !important;}}<\/style><p class=\"stk-block-text__text has-text-color\">Formul\u00e1rio banc\u00e1rio \/ email<\/p><\/div>\n<\/div><a class=\"stk-link stk-block-link stk--transparent-overlay\" href=\"https:\/\/level1.nl\/wp-content\/uploads\/2025\/08\/Bank-Email-formulier-invulbaar.pdf\" aria-hidden=\"true\" tabindex=\"-1\" target=\"_blank\" rel=\"noreferrer noopener\"><\/a><\/div><\/div>\n\n\n\n<div class=\"wp-block-stackable-column stk-block-column stk-column stk-block stk-3b270dc stk-block-background stk-entrance stk--has-background-overlay\" data-v=\"4\" data-block-id=\"3b270dc\"><style>.stk-3b270dc-container{margin-top:8px !important;margin-right:8px !important;margin-bottom:8px !important;margin-left:8px !important;min-height:150px !important;padding-top:0px !important;padding-right:0px !important;padding-bottom:0px !important;padding-left:0px !important;}.stk-3b270dc-inner-blocks{align-items:flex-end !important;justify-content:flex-end !important;}.stk-3b270dc {background-color:var(--theme-palette-color-10, #E4F1FB) !important;background-image:url(https:\/\/level1.nl\/wp-content\/uploads\/2025\/06\/download-icon.svg) !important;background-position:bottom left !important;background-repeat:no-repeat !important;background-size:32px !important;border-top-left-radius:5px !important;border-top-right-radius:5px !important;border-bottom-right-radius:5px !important;border-bottom-left-radius:5px !important;overflow:hidden !important;border-style:solid !important;border-color:var(--theme-palette-color-2, #A2D0F1) !important;border-top-width:2px !important;border-right-width:2px !important;border-bottom-width:2px !important;border-left-width:2px !important;padding-top:0px !important;padding-right:0px !important;padding-bottom:0px !important;padding-left:0px !important;--entrance-transform:translateY(50px) !important;--entrance-delay:0.2s !important;}.stk-3b270dc:hover{background-color:var(--theme-palette-color-2, #A2D0F1) !important;}.stk-3b270dc:before{background-color:var(--theme-palette-color-10, #E4F1FB) !important;opacity:0 !important;}.stk-3b270dc:hover:before{background-color:var(--theme-palette-color-2, #A2D0F1) !important;opacity:0 !important;}<\/style><style class=\"stk-custom-css\">.stk-3b270dc.stk-block-column{background-position:5% 95% !important}<\/style><div class=\"stk-column-wrapper stk-block-column__content stk-container stk-3b270dc-container stk--no-background stk--no-padding\"><div class=\"stk--column-flex stk-block-content stk-inner-blocks stk-3b270dc-inner-blocks\">\n<div class=\"wp-block-stackable-text stk-block-text stk-block stk-6a540e0\" data-block-id=\"6a540e0\"><style>.stk-6a540e0 {margin-bottom:0px !important;}.stk-6a540e0 .stk-block-text__text{font-size:16px !important;color:var(--theme-palette-color-3, #1F3155) !important;font-weight:bold !important;}@media screen and (max-width:999px){.stk-6a540e0 .stk-block-text__text{font-size:16px !important;}}<\/style><p class=\"stk-block-text__text has-text-color\">Formul\u00e1rio de declara\u00e7\u00e3o dos Kms<\/p><\/div>\n<\/div><a class=\"stk-link stk-block-link stk--transparent-overlay\" href=\"https:\/\/level1.nl\/wp-content\/uploads\/2025\/08\/rittenregistratie-invulbaar.pdf\" aria-hidden=\"true\" tabindex=\"-1\" target=\"_blank\" rel=\"noreferrer noopener\"><\/a><\/div><\/div>\n\n\n\n<div class=\"wp-block-stackable-column stk-block-column stk-column stk-block stk-aa33712 stk-block-background stk-entrance stk--has-background-overlay\" data-v=\"4\" data-block-id=\"aa33712\"><style>.stk-aa33712-container{margin-top:8px !important;margin-right:8px !important;margin-bottom:8px !important;margin-left:8px !important;min-height:150px !important;padding-top:0px !important;padding-right:0px !important;padding-bottom:0px !important;padding-left:0px !important;}.stk-aa33712-inner-blocks{align-items:flex-end !important;justify-content:flex-end !important;}.stk-aa33712 {background-color:var(--theme-palette-color-10, #E4F1FB) !important;background-image:url(https:\/\/level1.nl\/wp-content\/uploads\/2025\/06\/download-icon.svg) !important;background-position:bottom left !important;background-repeat:no-repeat !important;background-size:32px !important;border-top-left-radius:5px !important;border-top-right-radius:5px !important;border-bottom-right-radius:5px !important;border-bottom-left-radius:5px !important;overflow:hidden !important;border-style:solid !important;border-color:var(--theme-palette-color-2, #A2D0F1) !important;border-top-width:2px !important;border-right-width:2px !important;border-bottom-width:2px !important;border-left-width:2px !important;padding-top:0px !important;padding-right:0px !important;padding-bottom:0px !important;padding-left:0px !important;--entrance-transform:translateY(50px) !important;--entrance-delay:0.4s !important;}.stk-aa33712:hover{background-color:var(--theme-palette-color-2, #A2D0F1) !important;}.stk-aa33712:before{background-color:var(--theme-palette-color-10, #E4F1FB) !important;opacity:0 !important;}.stk-aa33712:hover:before{background-color:var(--theme-palette-color-2, #A2D0F1) !important;opacity:0 !important;}<\/style><style class=\"stk-custom-css\">.stk-aa33712.stk-block-column{background-position:5% 95% !important}<\/style><div class=\"stk-column-wrapper stk-block-column__content stk-container stk-aa33712-container stk--no-background stk--no-padding\"><div class=\"stk--column-flex stk-block-content stk-inner-blocks stk-aa33712-inner-blocks\">\n<div class=\"wp-block-stackable-text stk-block-text stk-block stk-cec6730\" data-block-id=\"cec6730\"><style>.stk-cec6730 {margin-bottom:0px !important;}.stk-cec6730 .stk-block-text__text{font-size:16px !important;color:var(--theme-palette-color-3, #1F3155) !important;font-weight:bold !important;}@media screen and (max-width:999px){.stk-cec6730 .stk-block-text__text{font-size:16px !important;}}<\/style><p class=\"stk-block-text__text has-text-color\">Urenbriefje<\/p><\/div>\n<\/div><a class=\"stk-link stk-block-link stk--transparent-overlay\" href=\"https:\/\/level1.nl\/wp-content\/uploads\/2025\/08\/Urenbriefje-invulbaar.pdf\" aria-hidden=\"true\" tabindex=\"-1\" target=\"_blank\" rel=\"noreferrer noopener\"><\/a><\/div><\/div>\n\n\n\n<div class=\"wp-block-stackable-column stk-block-column stk-column stk-block stk-451e391 stk-block-background stk-entrance stk--has-background-overlay\" data-v=\"4\" data-block-id=\"451e391\"><style>.stk-451e391-container{margin-top:8px !important;margin-right:8px !important;margin-bottom:8px !important;margin-left:8px !important;min-height:150px !important;padding-top:0px !important;padding-right:0px !important;padding-bottom:0px !important;padding-left:0px !important;}.stk-451e391-inner-blocks{align-items:flex-end !important;justify-content:flex-end !important;}.stk-451e391 {background-color:var(--theme-palette-color-10, #E4F1FB) !important;background-image:url(https:\/\/level1.nl\/wp-content\/uploads\/2025\/06\/download-icon.svg) !important;background-position:bottom left !important;background-repeat:no-repeat !important;background-size:32px !important;border-top-left-radius:5px !important;border-top-right-radius:5px !important;border-bottom-right-radius:5px !important;border-bottom-left-radius:5px !important;overflow:hidden !important;border-style:solid !important;border-color:var(--theme-palette-color-2, #A2D0F1) !important;border-top-width:2px !important;border-right-width:2px !important;border-bottom-width:2px !important;border-left-width:2px !important;padding-top:0px !important;padding-right:0px !important;padding-bottom:0px !important;padding-left:0px !important;--entrance-transform:translateY(50px) !important;--entrance-delay:0.6s !important;}.stk-451e391:hover{background-color:var(--theme-palette-color-2, #A2D0F1) !important;}.stk-451e391:before{background-color:var(--theme-palette-color-10, #E4F1FB) !important;opacity:0 !important;}.stk-451e391:hover:before{background-color:var(--theme-palette-color-2, #A2D0F1) !important;opacity:0 !important;}<\/style><style class=\"stk-custom-css\">.stk-451e391.stk-block-column{background-position:5% 95% !important}<\/style><div class=\"stk-column-wrapper stk-block-column__content stk-container stk-451e391-container stk--no-background stk--no-padding\"><div class=\"stk--column-flex stk-block-content stk-inner-blocks stk-451e391-inner-blocks\">\n<div class=\"wp-block-stackable-text stk-block-text stk-block stk-acba7db\" data-block-id=\"acba7db\"><style>.stk-acba7db {margin-bottom:0px !important;}.stk-acba7db .stk-block-text__text{font-size:16px !important;color:var(--theme-palette-color-3, #1F3155) !important;font-weight:bold !important;}@media screen and (max-width:999px){.stk-acba7db .stk-block-text__text{font-size:16px !important;}}<\/style><p class=\"stk-block-text__text has-text-color\">Formul\u00e1rio de pedido de f\u00e9rias<\/p><\/div>\n<\/div><a class=\"stk-link stk-block-link stk--transparent-overlay\" href=\"https:\/\/level1.nl\/wp-content\/uploads\/2025\/08\/Verlofbriefje-invulbaar.pdf\" aria-hidden=\"true\" tabindex=\"-1\" target=\"_blank\" rel=\"noreferrer noopener\"><\/a><\/div><\/div>\n\n\n\n<div class=\"wp-block-stackable-column stk-block-column stk-column stk-block stk-2c940b3\" data-v=\"4\" data-block-id=\"2c940b3\"><div class=\"stk-column-wrapper stk-block-column__content stk-container stk-2c940b3-container stk--no-background stk--no-padding\"><div class=\"stk-block-content stk-inner-blocks stk-2c940b3-inner-blocks\"><\/div><\/div><\/div>\n<\/div><\/div>\n<\/div><\/div><\/div>\n<\/div><\/div>\n","protected":false},"excerpt":{"rendered":"<p>Formul\u00e1rio banc\u00e1rio \/ email Formul\u00e1rio de declara\u00e7\u00e3o dos Kms Urenbriefje Formul\u00e1rio de pedido de f\u00e9rias<\/p>\n","protected":false},"author":1,"featured_media":1444,"parent":2936,"menu_order":0,"comment_status":"closed","ping_status":"closed","template":"","meta":{"_acf_changed":false,"footnotes":""},"class_list":["post-3180","page","type-page","status-publish","has-post-thumbnail","hentry"],"blocksy_meta":{"background":{"background_type":"color","background_pattern":"type-1","background_image":{"attachment_id":null,"x":0,"y":0},"gradient":"linear-gradient(135deg,rgba(6,147,227,1) 0%,rgb(155,81,224) 100%)","background_repeat":"repeat","background_size":"auto","background_attachment":"scroll","patternColor":{"default":{"color":"#e5e7ea"}},"overlayColor":{"default":{"color":"CT_CSS_SKIP_RULE"}},"backgroundColor":{"default":{"color":"var(--theme-palette-color-6)"}}},"styles_descriptor":{"styles":{"desktop":"[data-prefix=\"single_page\"] {background-color:var(--theme-palette-color-6);background-image:none;}","tablet":"","mobile":""},"google_fonts":[],"version":6}},"acf":[],"yoast_head":"<!-- This site is optimized with the Yoast SEO plugin v26.7 - https:\/\/yoast.com\/wordpress\/plugins\/seo\/ -->\n<title>Transfer\u00eancias - Level One Uitzendbureau<\/title>\n<meta name=\"robots\" content=\"index, follow, max-snippet:-1, max-image-preview:large, max-video-preview:-1\" \/>\n<link rel=\"canonical\" href=\"https:\/\/level1.nl\/pt-pt\/empregados\/transferencias\/\" \/>\n<meta property=\"og:locale\" content=\"pt_PT\" \/>\n<meta property=\"og:type\" content=\"article\" \/>\n<meta property=\"og:title\" content=\"Transfer\u00eancias - Level One Uitzendbureau\" \/>\n<meta property=\"og:description\" content=\"Formul\u00e1rio banc\u00e1rio \/ email Formul\u00e1rio de declara\u00e7\u00e3o dos Kms Urenbriefje Formul\u00e1rio de pedido de f\u00e9rias\" \/>\n<meta property=\"og:url\" content=\"https:\/\/level1.nl\/pt-pt\/empregados\/transferencias\/\" \/>\n<meta property=\"og:site_name\" content=\"Level One Uitzendbureau\" \/>\n<meta property=\"article:publisher\" content=\"https:\/\/www.facebook.com\/LevelOneUitzendbureau\/\" \/>\n<meta property=\"article:modified_time\" content=\"2025-11-17T14:04:49+00:00\" \/>\n<meta property=\"og:image\" content=\"https:\/\/level1.nl\/wp-content\/uploads\/2025\/06\/Wouters_WHO03743_Ori.jpg\" \/>\n\t<meta property=\"og:image:width\" content=\"1620\" \/>\n\t<meta property=\"og:image:height\" content=\"1080\" \/>\n\t<meta property=\"og:image:type\" content=\"image\/jpeg\" \/>\n<meta name=\"twitter:card\" content=\"summary_large_image\" \/>\n<meta name=\"twitter:label1\" content=\"Tempo estimado de leitura\" \/>\n\t<meta name=\"twitter:data1\" content=\"1 minuto\" \/>\n<script type=\"application\/ld+json\" class=\"yoast-schema-graph\">{\"@context\":\"https:\/\/schema.org\",\"@graph\":[{\"@type\":\"WebPage\",\"@id\":\"https:\/\/level1.nl\/pt-pt\/empregados\/transferencias\/\",\"url\":\"https:\/\/level1.nl\/pt-pt\/empregados\/transferencias\/\",\"name\":\"Transfer\u00eancias - Level One Uitzendbureau\",\"isPartOf\":{\"@id\":\"https:\/\/level1.nl\/pt-pt\/#website\"},\"primaryImageOfPage\":{\"@id\":\"https:\/\/level1.nl\/pt-pt\/empregados\/transferencias\/#primaryimage\"},\"image\":{\"@id\":\"https:\/\/level1.nl\/pt-pt\/empregados\/transferencias\/#primaryimage\"},\"thumbnailUrl\":\"https:\/\/level1.nl\/wp-content\/uploads\/2025\/06\/Wouters_WHO03743_Ori.jpg\",\"datePublished\":\"2025-05-28T08:14:29+00:00\",\"dateModified\":\"2025-11-17T14:04:49+00:00\",\"breadcrumb\":{\"@id\":\"https:\/\/level1.nl\/pt-pt\/empregados\/transferencias\/#breadcrumb\"},\"inLanguage\":\"pt-PT\",\"potentialAction\":[{\"@type\":\"ReadAction\",\"target\":[\"https:\/\/level1.nl\/pt-pt\/empregados\/transferencias\/\"]}]},{\"@type\":\"ImageObject\",\"inLanguage\":\"pt-PT\",\"@id\":\"https:\/\/level1.nl\/pt-pt\/empregados\/transferencias\/#primaryimage\",\"url\":\"https:\/\/level1.nl\/wp-content\/uploads\/2025\/06\/Wouters_WHO03743_Ori.jpg\",\"contentUrl\":\"https:\/\/level1.nl\/wp-content\/uploads\/2025\/06\/Wouters_WHO03743_Ori.jpg\",\"width\":1620,\"height\":1080},{\"@type\":\"BreadcrumbList\",\"@id\":\"https:\/\/level1.nl\/pt-pt\/empregados\/transferencias\/#breadcrumb\",\"itemListElement\":[{\"@type\":\"ListItem\",\"position\":1,\"name\":\"Casa\",\"item\":\"https:\/\/level1.nl\/pt-pt\/\"},{\"@type\":\"ListItem\",\"position\":2,\"name\":\"Empregados\",\"item\":\"https:\/\/level1.nl\/pt-pt\/empregados\/\"},{\"@type\":\"ListItem\",\"position\":3,\"name\":\"Transfer\u00eancias\"}]},{\"@type\":\"WebSite\",\"@id\":\"https:\/\/level1.nl\/pt-pt\/#website\",\"url\":\"https:\/\/level1.nl\/pt-pt\/\",\"name\":\"Level One Uitzendbureau\",\"description\":\"Uitzenden, Detacheren, Payroll en Werving &amp; Selectie behoren tot de mogelijkheden bij Level One uitzendbureau\",\"publisher\":{\"@id\":\"https:\/\/level1.nl\/pt-pt\/#organization\"},\"potentialAction\":[{\"@type\":\"SearchAction\",\"target\":{\"@type\":\"EntryPoint\",\"urlTemplate\":\"https:\/\/level1.nl\/pt-pt\/?s={search_term_string}\"},\"query-input\":{\"@type\":\"PropertyValueSpecification\",\"valueRequired\":true,\"valueName\":\"search_term_string\"}}],\"inLanguage\":\"pt-PT\"},{\"@type\":\"Organization\",\"@id\":\"https:\/\/level1.nl\/pt-pt\/#organization\",\"name\":\"Level One Uitzendbureau\",\"alternateName\":\"Level 1\",\"url\":\"https:\/\/level1.nl\/pt-pt\/\",\"logo\":{\"@type\":\"ImageObject\",\"inLanguage\":\"pt-PT\",\"@id\":\"https:\/\/level1.nl\/pt-pt\/#\/schema\/logo\/image\/\",\"url\":\"https:\/\/level1.nl\/wp-content\/uploads\/2025\/05\/favicon.png\",\"contentUrl\":\"https:\/\/level1.nl\/wp-content\/uploads\/2025\/05\/favicon.png\",\"width\":512,\"height\":512,\"caption\":\"Level One Uitzendbureau\"},\"image\":{\"@id\":\"https:\/\/level1.nl\/pt-pt\/#\/schema\/logo\/image\/\"},\"sameAs\":[\"https:\/\/www.facebook.com\/LevelOneUitzendbureau\/\",\"https:\/\/www.instagram.com\/leveloneuitzendbureau\/\"]}]}<\/script>\n<!-- \/ Yoast SEO plugin. -->","yoast_head_json":{"title":"Transfer\u00eancias - Level One Uitzendbureau","robots":{"index":"index","follow":"follow","max-snippet":"max-snippet:-1","max-image-preview":"max-image-preview:large","max-video-preview":"max-video-preview:-1"},"canonical":"https:\/\/level1.nl\/pt-pt\/empregados\/transferencias\/","og_locale":"pt_PT","og_type":"article","og_title":"Transfer\u00eancias - Level One Uitzendbureau","og_description":"Formul\u00e1rio banc\u00e1rio \/ email Formul\u00e1rio de declara\u00e7\u00e3o dos Kms Urenbriefje Formul\u00e1rio de pedido de f\u00e9rias","og_url":"https:\/\/level1.nl\/pt-pt\/empregados\/transferencias\/","og_site_name":"Level One Uitzendbureau","article_publisher":"https:\/\/www.facebook.com\/LevelOneUitzendbureau\/","article_modified_time":"2025-11-17T14:04:49+00:00","og_image":[{"width":1620,"height":1080,"url":"https:\/\/level1.nl\/wp-content\/uploads\/2025\/06\/Wouters_WHO03743_Ori.jpg","type":"image\/jpeg"}],"twitter_card":"summary_large_image","twitter_misc":{"Tempo estimado de leitura":"1 minuto"},"schema":{"@context":"https:\/\/schema.org","@graph":[{"@type":"WebPage","@id":"https:\/\/level1.nl\/pt-pt\/empregados\/transferencias\/","url":"https:\/\/level1.nl\/pt-pt\/empregados\/transferencias\/","name":"Transfer\u00eancias - Level One Uitzendbureau","isPartOf":{"@id":"https:\/\/level1.nl\/pt-pt\/#website"},"primaryImageOfPage":{"@id":"https:\/\/level1.nl\/pt-pt\/empregados\/transferencias\/#primaryimage"},"image":{"@id":"https:\/\/level1.nl\/pt-pt\/empregados\/transferencias\/#primaryimage"},"thumbnailUrl":"https:\/\/level1.nl\/wp-content\/uploads\/2025\/06\/Wouters_WHO03743_Ori.jpg","datePublished":"2025-05-28T08:14:29+00:00","dateModified":"2025-11-17T14:04:49+00:00","breadcrumb":{"@id":"https:\/\/level1.nl\/pt-pt\/empregados\/transferencias\/#breadcrumb"},"inLanguage":"pt-PT","potentialAction":[{"@type":"ReadAction","target":["https:\/\/level1.nl\/pt-pt\/empregados\/transferencias\/"]}]},{"@type":"ImageObject","inLanguage":"pt-PT","@id":"https:\/\/level1.nl\/pt-pt\/empregados\/transferencias\/#primaryimage","url":"https:\/\/level1.nl\/wp-content\/uploads\/2025\/06\/Wouters_WHO03743_Ori.jpg","contentUrl":"https:\/\/level1.nl\/wp-content\/uploads\/2025\/06\/Wouters_WHO03743_Ori.jpg","width":1620,"height":1080},{"@type":"BreadcrumbList","@id":"https:\/\/level1.nl\/pt-pt\/empregados\/transferencias\/#breadcrumb","itemListElement":[{"@type":"ListItem","position":1,"name":"Casa","item":"https:\/\/level1.nl\/pt-pt\/"},{"@type":"ListItem","position":2,"name":"Empregados","item":"https:\/\/level1.nl\/pt-pt\/empregados\/"},{"@type":"ListItem","position":3,"name":"Transfer\u00eancias"}]},{"@type":"WebSite","@id":"https:\/\/level1.nl\/pt-pt\/#website","url":"https:\/\/level1.nl\/pt-pt\/","name":"Level One Uitzendbureau","description":"Uitzenden, Detacheren, Payroll en Werving &amp; Selectie behoren tot de mogelijkheden bij Level One uitzendbureau","publisher":{"@id":"https:\/\/level1.nl\/pt-pt\/#organization"},"potentialAction":[{"@type":"SearchAction","target":{"@type":"EntryPoint","urlTemplate":"https:\/\/level1.nl\/pt-pt\/?s={search_term_string}"},"query-input":{"@type":"PropertyValueSpecification","valueRequired":true,"valueName":"search_term_string"}}],"inLanguage":"pt-PT"},{"@type":"Organization","@id":"https:\/\/level1.nl\/pt-pt\/#organization","name":"Level One Uitzendbureau","alternateName":"Level 1","url":"https:\/\/level1.nl\/pt-pt\/","logo":{"@type":"ImageObject","inLanguage":"pt-PT","@id":"https:\/\/level1.nl\/pt-pt\/#\/schema\/logo\/image\/","url":"https:\/\/level1.nl\/wp-content\/uploads\/2025\/05\/favicon.png","contentUrl":"https:\/\/level1.nl\/wp-content\/uploads\/2025\/05\/favicon.png","width":512,"height":512,"caption":"Level One Uitzendbureau"},"image":{"@id":"https:\/\/level1.nl\/pt-pt\/#\/schema\/logo\/image\/"},"sameAs":["https:\/\/www.facebook.com\/LevelOneUitzendbureau\/","https:\/\/www.instagram.com\/leveloneuitzendbureau\/"]}]}},"_links":{"self":[{"href":"https:\/\/level1.nl\/pt-pt\/wp-json\/wp\/v2\/pages\/3180","targetHints":{"allow":["GET"]}}],"collection":[{"href":"https:\/\/level1.nl\/pt-pt\/wp-json\/wp\/v2\/pages"}],"about":[{"href":"https:\/\/level1.nl\/pt-pt\/wp-json\/wp\/v2\/types\/page"}],"author":[{"embeddable":true,"href":"https:\/\/level1.nl\/pt-pt\/wp-json\/wp\/v2\/users\/1"}],"replies":[{"embeddable":true,"href":"https:\/\/level1.nl\/pt-pt\/wp-json\/wp\/v2\/comments?post=3180"}],"version-history":[{"count":8,"href":"https:\/\/level1.nl\/pt-pt\/wp-json\/wp\/v2\/pages\/3180\/revisions"}],"predecessor-version":[{"id":5818,"href":"https:\/\/level1.nl\/pt-pt\/wp-json\/wp\/v2\/pages\/3180\/revisions\/5818"}],"up":[{"embeddable":true,"href":"https:\/\/level1.nl\/pt-pt\/wp-json\/wp\/v2\/pages\/2936"}],"wp:featuredmedia":[{"embeddable":true,"href":"https:\/\/level1.nl\/pt-pt\/wp-json\/wp\/v2\/media\/1444"}],"wp:attachment":[{"href":"https:\/\/level1.nl\/pt-pt\/wp-json\/wp\/v2\/media?parent=3180"}],"curies":[{"name":"wp","href":"https:\/\/api.w.org\/{rel}","templated":true}]}}