{"id":3014,"date":"2025-04-22T09:32:50","date_gmt":"2025-04-22T09:32:50","guid":{"rendered":"https:\/\/level1.spikker.nl\/declaratie-de-confidentialitate\/"},"modified":"2026-03-31T13:49:59","modified_gmt":"2026-03-31T13:49:59","slug":"declaratie-de-confidentialitate","status":"publish","type":"page","link":"https:\/\/level1.nl\/ro\/declaratie-de-confidentialitate\/","title":{"rendered":"Declara\u021bie de confiden\u021bialitate"},"content":{"rendered":"\n<p>Level One Uitzendbureau B.V., Level One Payroll B.V. \u0219i Level One Holding B.V., denumite \u00een continuare \u00eempreun\u0103 Level One: Level One, acord\u0103 o mare importan\u021b\u0103 protej\u0103rii vie\u021bii dumneavoastr\u0103 private, iar datele (personale) sunt prelucrate \u0219i securizate cu aten\u021bie de c\u0103tre noi. \u00cen aceast\u0103 declara\u021bie de confiden\u021bialitate, explic\u0103m ce date cu caracter personal colect\u0103m \u0219i utiliz\u0103m \u0219i \u00een ce scop. <\/p>\n\n<p><strong>Prelucrarea datelor cu caracter personal<\/strong><br\/>Level One poate prelucra datele dumneavoastr\u0103 cu caracter personal pentru c\u0103 utiliza\u021bi serviciile noastre \u0219i\/sau pentru c\u0103 ne furniza\u021bi dumneavoastr\u0103 aceste date. De exemplu, ne pute\u021bi furniza datele dumneavoastr\u0103 de contact dac\u0103 dori\u021bi s\u0103 comunica\u021bi cu noi, dac\u0103 dori\u021bi s\u0103 primi\u021bi informa\u021bii suplimentare despre serviciile noastre, dac\u0103 dori\u021bi s\u0103 candida\u021bi pentru un post \u00een cadrul organiza\u021biei noastre sau dac\u0103 dori\u021bi s\u0103 face\u021bi afaceri cu noi. Ulterior, prelucr\u0103m aceste date cu caracter personal pentru a ne furniza serviciile \u0219i\/sau pentru a v\u0103 informa. F\u0103r\u0103 aceste date cu caracter personal, nu ne este posibil s\u0103 furniz\u0103m serviciile noastre \u0219i\/sau s\u0103 v\u0103 inform\u0103m. Utiliz\u0103m datele dumneavoastr\u0103 cu caracter personal numai pentru a procesa cererea dumneavoastr\u0103.    <\/p>\n\n<p>Ocazional, putem, de asemenea, s\u0103 ob\u021binem informa\u021bii care v\u0103 privesc indirect prin intermediul unei p\u0103r\u021bi ter\u021be. Atunci c\u00e2nd facem acest lucru, solicit\u0103m p\u0103r\u021bii ter\u021be respective s\u0103 garanteze c\u0103 informa\u021biile au fost ob\u021binute \u00een mod legal \u0219i c\u0103 avem dreptul de a ob\u021bine \u0219i de a utiliza informa\u021biile respective de la aceasta. <\/p>\n\n<p>Ave\u021bi dreptul \u00een orice moment s\u0103 solicita\u021bi, printre altele, informa\u021biile pe care le de\u021binem despre dumneavoastr\u0103 \u0219i, dac\u0103 dori\u021bi, s\u0103 le modifica\u021bi sau s\u0103 le \u0219terge\u021bi (sau s\u0103 ob\u021bine\u021bi \u0219tergerea lor). Pute\u021bi face acest lucru trimi\u021b\u00e2nd o cerere detaliat\u0103 la adresa <a href=\"mailto:info@level1.nl\">info@level1.nl<\/a>. Pentru a ne asigura c\u0103 cererea de consultare a fost f\u0103cut\u0103 de dumneavoastr\u0103, v\u0103 solicit\u0103m s\u0103 anexa\u021bi la cerere o copie a actului dumneavoastr\u0103 de identitate. \u00cen aceast\u0103 copie, \u00eennegri\u021bi fotografia din pa\u0219aport, MRZ (zona de citire automat\u0103, banda de numere din partea de jos a pa\u0219aportului), num\u0103rul pa\u0219aportului \u0219i num\u0103rul de serviciu pentru cet\u0103\u021beni (BSN). Aceasta pentru a v\u0103 proteja via\u021ba privat\u0103. Level One va r\u0103spunde solicit\u0103rii dumneavoastr\u0103 c\u00e2t mai cur\u00e2nd posibil, dar \u00een orice caz \u00een termen de patru s\u0103pt\u0103m\u00e2ni.     <\/p>\n\n<p>Site-ul nostru utilizeaz\u0103 numai module cookie func\u021bionale care nu v\u0103 \u00eencalc\u0103 confiden\u021bialitatea. Acestea sunt cookie-uri care sunt necesare din punct de vedere tehnic pentru ca site-ul nostru web s\u0103 func\u021bioneze \u0219i s\u0103 opereze. \u00cen conformitate cu noua lege european\u0103 privind confiden\u021bialitatea (Regulamentul general privind protec\u021bia datelor), nu mai este necesar s\u0103 v\u0103 da\u021bi acordul pentru plasarea acestor module cookie.<br\/>\u00cen Declara\u021bia noastr\u0103 privind modulele cookie, v\u0103 inform\u0103m cu privire la plasarea acestor module cookie, deoarece ne place s\u0103 fim transparen\u021bi \u0219i clari cu privire la ceea ce facem.  <\/p>\n\n<p>Confiden\u021bialitatea vizitatorilor site-ului nostru este respectat\u0103 de to\u021bi angaja\u021bii no\u0219tri. Informa\u021biile \u0219i datele cu caracter personal sunt p\u0103strate confiden\u021biale, inclusiv de c\u0103tre ter\u021bii responsabili pentru securitatea stoc\u0103rii datelor dumneavoastr\u0103, \u0219i nu sunt utilizate \u00een alte scopuri dec\u00e2t cele declarate. <\/p>\n\n<p><strong>Luarea automat\u0103 a deciziilor<\/strong><br\/>Level One nu ia decizii cu privire la lucruri care ar putea afecta (semnificativ) persoanele fizice pe baza prelucr\u0103rii automate.<\/p>\n\n<p><strong>Utilizarea datelor cu caracter personal<\/strong><br\/>Level One colecteaz\u0103 \u0219i utilizeaz\u0103 datele dumneavoastr\u0103 cu caracter personal pentru a opera site-ul Level One \u0219i pentru a furniza informa\u021biile, serviciile \u0219i serviciile pe care le-a\u021bi solicitat. De asemenea, Level One poate utiliza informa\u021biile dvs. de identificare personal\u0103 pentru a v\u0103 informa cu privire la serviciile Level One De asemenea, putem utiliza informa\u021biile dvs. de identificare personal\u0103 pentru a efectua cercet\u0103ri \u0219i analize menite s\u0103 \u00eembun\u0103t\u0103\u021beasc\u0103 at\u00e2t site-ul nostru, c\u00e2t \u0219i serviciile noastre. <\/p>\n\n<p><strong>Transfer c\u0103tre ter\u021bi<\/strong><br\/>Level One nu vinde, nu \u00eenchiriaz\u0103 \u0219i nu \u00eenchiriaz\u0103 liste de clien\u021bi c\u0103tre ter\u021bi. Level One nu va dezv\u0103lui niciodat\u0103 datele dvs. personale, f\u0103r\u0103 notificare prealabil\u0103, cu excep\u021bia cazului \u00een care acest lucru este cerut de lege sau \u00een buna credin\u021b\u0103 c\u0103 o astfel de ac\u021biune este necesar\u0103 pentru:<br\/>a se conforma unei solicit\u0103ri legale; sau<br\/>a proteja \u0219i a ap\u0103ra drepturile sau proprietatea Level One; sau<br\/>a ac\u021biona \u00een circumstan\u021be urgente pentru a proteja siguran\u021ba personal\u0103 a utilizatorilor Level One sau a publicului. <\/p>\n\n<p><strong>P\u0103strarea datelor cu caracter personal<\/strong><br\/>Principiul de baz\u0103 pentru p\u0103strarea datelor cu caracter personal este c\u0103 toate datele nu trebuie p\u0103strate mai mult dec\u00e2t este necesar. Prin urmare, Level One nu va stoca datele cu caracter personal mai mult dec\u00e2t este strict necesar pentru realizarea scopurilor pentru care datele au fost colectate. Excep\u021biile de la acest principiu sunt datele pe care trebuie s\u0103 le p\u0103str\u0103m mai mult timp deoarece legea ne oblig\u0103 s\u0103 facem acest lucru.  <\/p>\n\n<p><strong>Securitatea datelor cu caracter personal<\/strong><br\/>Level One asigur\u0103 securitatea organiza\u021bional\u0103, tehnic\u0103 \u0219i fizic\u0103 adecvat\u0103 a datelor dumneavoastr\u0103 cu caracter personal. Level One p\u0103streaz\u0103 datele cu caracter personal pe care le furniza\u021bi pe servere informatice \u00eentr-un mediu controlat \u0219i securizat, protejate \u00eempotriva accesului, utiliz\u0103rii sau divulg\u0103rii neautorizate. <\/p>\n\n<p><strong>Modificarea declara\u021biei de confiden\u021bialitate<\/strong><br\/>Aceast\u0103 declara\u021bie de confiden\u021bialitate este supus\u0103 modific\u0103rii. Level One va actualiza ocazional aceast\u0103 declara\u021bie de confiden\u021bialitate pentru a reflecta feedback-ul companiei \u0219i al clien\u021bilor. Level One v\u0103 \u00eencurajeaz\u0103 s\u0103 revizui\u021bi periodic aceast\u0103 declara\u021bie pentru a fi informat cu privire la modul \u00een care Level One v\u0103 protejeaz\u0103 informa\u021biile.  <\/p>\n\n<p><strong>Informa\u021bii de contact<\/strong><br\/>Level One apreciaz\u0103 comentariile dumneavoastr\u0103 cu privire la aceast\u0103 declara\u021bie de confiden\u021bialitate. Dac\u0103 considera\u021bi c\u0103 Level One nu a ac\u021bionat conform acestei declara\u021bii, pute\u021bi contacta departamentul de HR prin e-mail la <a href=\"mailto:hr.level1.nl\">hr@level1.nl<\/a> sau telefonic la <a href=\"tel:0527271369\">0527-271369<\/a>. Level One dore\u0219te, de asemenea, s\u0103 v\u0103 atrag\u0103 aten\u021bia c\u0103 ave\u021bi posibilitatea de a depune o pl\u00e2ngere la autoritatea na\u021bional\u0103 de supraveghere, respectiv Autoritatea pentru Protec\u021bia Datelor Personale.  <\/p>\n\n<p><\/p>\n","protected":false},"excerpt":{"rendered":"<p>Level One Uitzendbureau B.V., Level One Payroll B.V. \u0219i Level One Holding B.V., denumite \u00een continuare \u00eempreun\u0103 Level One: Level One, acord\u0103 o mare importan\u021b\u0103 protej\u0103rii vie\u021bii dumneavoastr\u0103 private, iar datele (personale) sunt prelucrate \u0219i securizate cu aten\u021bie de c\u0103tre noi. \u00cen aceast\u0103 declara\u021bie de confiden\u021bialitate, explic\u0103m ce date cu caracter personal colect\u0103m \u0219i utiliz\u0103m [&hellip;]<\/p>\n","protected":false},"author":1,"featured_media":0,"parent":0,"menu_order":0,"comment_status":"closed","ping_status":"closed","template":"","meta":{"_acf_changed":false,"footnotes":""},"class_list":["post-3014","page","type-page","status-publish","hentry"],"blocksy_meta":[],"acf":[],"yoast_head":"<!-- This site is optimized with the Yoast SEO plugin v26.7 - https:\/\/yoast.com\/wordpress\/plugins\/seo\/ -->\n<title>Declara\u021bie de confiden\u021bialitate - Level One Uitzendbureau<\/title>\n<meta name=\"robots\" content=\"index, follow, max-snippet:-1, max-image-preview:large, max-video-preview:-1\" \/>\n<link rel=\"canonical\" href=\"https:\/\/level1.nl\/ro\/declaratie-de-confidentialitate\/\" \/>\n<meta property=\"og:locale\" content=\"ro_RO\" \/>\n<meta property=\"og:type\" content=\"article\" \/>\n<meta property=\"og:title\" content=\"Declara\u021bie de confiden\u021bialitate - Level One Uitzendbureau\" \/>\n<meta property=\"og:description\" content=\"Level One Uitzendbureau B.V., Level One Payroll B.V. \u0219i Level One Holding B.V., denumite \u00een continuare \u00eempreun\u0103 Level One: Level One, acord\u0103 o mare importan\u021b\u0103 protej\u0103rii vie\u021bii dumneavoastr\u0103 private, iar datele (personale) sunt prelucrate \u0219i securizate cu aten\u021bie de c\u0103tre noi. \u00cen aceast\u0103 declara\u021bie de confiden\u021bialitate, explic\u0103m ce date cu caracter personal colect\u0103m \u0219i utiliz\u0103m [&hellip;]\" \/>\n<meta property=\"og:url\" content=\"https:\/\/level1.nl\/ro\/declaratie-de-confidentialitate\/\" \/>\n<meta property=\"og:site_name\" content=\"Level One Uitzendbureau\" \/>\n<meta property=\"article:publisher\" content=\"https:\/\/www.facebook.com\/LevelOneUitzendbureau\/\" \/>\n<meta property=\"article:modified_time\" content=\"2026-03-31T13:49:59+00:00\" \/>\n<meta name=\"twitter:card\" content=\"summary_large_image\" \/>\n<meta name=\"twitter:label1\" content=\"Timp estimat pentru citire\" \/>\n\t<meta name=\"twitter:data1\" content=\"5 minute\" \/>\n<script type=\"application\/ld+json\" class=\"yoast-schema-graph\">{\"@context\":\"https:\/\/schema.org\",\"@graph\":[{\"@type\":\"WebPage\",\"@id\":\"https:\/\/level1.nl\/ro\/declaratie-de-confidentialitate\/\",\"url\":\"https:\/\/level1.nl\/ro\/declaratie-de-confidentialitate\/\",\"name\":\"Declara\u021bie de confiden\u021bialitate - Level One Uitzendbureau\",\"isPartOf\":{\"@id\":\"https:\/\/level1.nl\/ro\/#website\"},\"datePublished\":\"2025-04-22T09:32:50+00:00\",\"dateModified\":\"2026-03-31T13:49:59+00:00\",\"breadcrumb\":{\"@id\":\"https:\/\/level1.nl\/ro\/declaratie-de-confidentialitate\/#breadcrumb\"},\"inLanguage\":\"ro-RO\",\"potentialAction\":[{\"@type\":\"ReadAction\",\"target\":[\"https:\/\/level1.nl\/ro\/declaratie-de-confidentialitate\/\"]}]},{\"@type\":\"BreadcrumbList\",\"@id\":\"https:\/\/level1.nl\/ro\/declaratie-de-confidentialitate\/#breadcrumb\",\"itemListElement\":[{\"@type\":\"ListItem\",\"position\":1,\"name\":\"Acas\u0103\",\"item\":\"https:\/\/level1.nl\/ro\/\"},{\"@type\":\"ListItem\",\"position\":2,\"name\":\"Declara\u021bie de confiden\u021bialitate\"}]},{\"@type\":\"WebSite\",\"@id\":\"https:\/\/level1.nl\/ro\/#website\",\"url\":\"https:\/\/level1.nl\/ro\/\",\"name\":\"Level One Uitzendbureau\",\"description\":\"Uitzenden, Detacheren, Payroll en Werving &amp; Selectie behoren tot de mogelijkheden bij Level One uitzendbureau\",\"publisher\":{\"@id\":\"https:\/\/level1.nl\/ro\/#organization\"},\"potentialAction\":[{\"@type\":\"SearchAction\",\"target\":{\"@type\":\"EntryPoint\",\"urlTemplate\":\"https:\/\/level1.nl\/ro\/?s={search_term_string}\"},\"query-input\":{\"@type\":\"PropertyValueSpecification\",\"valueRequired\":true,\"valueName\":\"search_term_string\"}}],\"inLanguage\":\"ro-RO\"},{\"@type\":\"Organization\",\"@id\":\"https:\/\/level1.nl\/ro\/#organization\",\"name\":\"Level One Uitzendbureau\",\"alternateName\":\"Level 1\",\"url\":\"https:\/\/level1.nl\/ro\/\",\"logo\":{\"@type\":\"ImageObject\",\"inLanguage\":\"ro-RO\",\"@id\":\"https:\/\/level1.nl\/ro\/#\/schema\/logo\/image\/\",\"url\":\"https:\/\/level1.nl\/wp-content\/uploads\/2025\/05\/favicon.png\",\"contentUrl\":\"https:\/\/level1.nl\/wp-content\/uploads\/2025\/05\/favicon.png\",\"width\":512,\"height\":512,\"caption\":\"Level One Uitzendbureau\"},\"image\":{\"@id\":\"https:\/\/level1.nl\/ro\/#\/schema\/logo\/image\/\"},\"sameAs\":[\"https:\/\/www.facebook.com\/LevelOneUitzendbureau\/\",\"https:\/\/www.instagram.com\/leveloneuitzendbureau\/\"]}]}<\/script>\n<!-- \/ Yoast SEO plugin. -->","yoast_head_json":{"title":"Declara\u021bie de confiden\u021bialitate - Level One Uitzendbureau","robots":{"index":"index","follow":"follow","max-snippet":"max-snippet:-1","max-image-preview":"max-image-preview:large","max-video-preview":"max-video-preview:-1"},"canonical":"https:\/\/level1.nl\/ro\/declaratie-de-confidentialitate\/","og_locale":"ro_RO","og_type":"article","og_title":"Declara\u021bie de confiden\u021bialitate - Level One Uitzendbureau","og_description":"Level One Uitzendbureau B.V., Level One Payroll B.V. \u0219i Level One Holding B.V., denumite \u00een continuare \u00eempreun\u0103 Level One: Level One, acord\u0103 o mare importan\u021b\u0103 protej\u0103rii vie\u021bii dumneavoastr\u0103 private, iar datele (personale) sunt prelucrate \u0219i securizate cu aten\u021bie de c\u0103tre noi. \u00cen aceast\u0103 declara\u021bie de confiden\u021bialitate, explic\u0103m ce date cu caracter personal colect\u0103m \u0219i utiliz\u0103m [&hellip;]","og_url":"https:\/\/level1.nl\/ro\/declaratie-de-confidentialitate\/","og_site_name":"Level One Uitzendbureau","article_publisher":"https:\/\/www.facebook.com\/LevelOneUitzendbureau\/","article_modified_time":"2026-03-31T13:49:59+00:00","twitter_card":"summary_large_image","twitter_misc":{"Timp estimat pentru citire":"5 minute"},"schema":{"@context":"https:\/\/schema.org","@graph":[{"@type":"WebPage","@id":"https:\/\/level1.nl\/ro\/declaratie-de-confidentialitate\/","url":"https:\/\/level1.nl\/ro\/declaratie-de-confidentialitate\/","name":"Declara\u021bie de confiden\u021bialitate - Level One Uitzendbureau","isPartOf":{"@id":"https:\/\/level1.nl\/ro\/#website"},"datePublished":"2025-04-22T09:32:50+00:00","dateModified":"2026-03-31T13:49:59+00:00","breadcrumb":{"@id":"https:\/\/level1.nl\/ro\/declaratie-de-confidentialitate\/#breadcrumb"},"inLanguage":"ro-RO","potentialAction":[{"@type":"ReadAction","target":["https:\/\/level1.nl\/ro\/declaratie-de-confidentialitate\/"]}]},{"@type":"BreadcrumbList","@id":"https:\/\/level1.nl\/ro\/declaratie-de-confidentialitate\/#breadcrumb","itemListElement":[{"@type":"ListItem","position":1,"name":"Acas\u0103","item":"https:\/\/level1.nl\/ro\/"},{"@type":"ListItem","position":2,"name":"Declara\u021bie de confiden\u021bialitate"}]},{"@type":"WebSite","@id":"https:\/\/level1.nl\/ro\/#website","url":"https:\/\/level1.nl\/ro\/","name":"Level One Uitzendbureau","description":"Uitzenden, Detacheren, Payroll en Werving &amp; Selectie behoren tot de mogelijkheden bij Level One uitzendbureau","publisher":{"@id":"https:\/\/level1.nl\/ro\/#organization"},"potentialAction":[{"@type":"SearchAction","target":{"@type":"EntryPoint","urlTemplate":"https:\/\/level1.nl\/ro\/?s={search_term_string}"},"query-input":{"@type":"PropertyValueSpecification","valueRequired":true,"valueName":"search_term_string"}}],"inLanguage":"ro-RO"},{"@type":"Organization","@id":"https:\/\/level1.nl\/ro\/#organization","name":"Level One Uitzendbureau","alternateName":"Level 1","url":"https:\/\/level1.nl\/ro\/","logo":{"@type":"ImageObject","inLanguage":"ro-RO","@id":"https:\/\/level1.nl\/ro\/#\/schema\/logo\/image\/","url":"https:\/\/level1.nl\/wp-content\/uploads\/2025\/05\/favicon.png","contentUrl":"https:\/\/level1.nl\/wp-content\/uploads\/2025\/05\/favicon.png","width":512,"height":512,"caption":"Level One Uitzendbureau"},"image":{"@id":"https:\/\/level1.nl\/ro\/#\/schema\/logo\/image\/"},"sameAs":["https:\/\/www.facebook.com\/LevelOneUitzendbureau\/","https:\/\/www.instagram.com\/leveloneuitzendbureau\/"]}]}},"_links":{"self":[{"href":"https:\/\/level1.nl\/ro\/wp-json\/wp\/v2\/pages\/3014","targetHints":{"allow":["GET"]}}],"collection":[{"href":"https:\/\/level1.nl\/ro\/wp-json\/wp\/v2\/pages"}],"about":[{"href":"https:\/\/level1.nl\/ro\/wp-json\/wp\/v2\/types\/page"}],"author":[{"embeddable":true,"href":"https:\/\/level1.nl\/ro\/wp-json\/wp\/v2\/users\/1"}],"replies":[{"embeddable":true,"href":"https:\/\/level1.nl\/ro\/wp-json\/wp\/v2\/comments?post=3014"}],"version-history":[{"count":6,"href":"https:\/\/level1.nl\/ro\/wp-json\/wp\/v2\/pages\/3014\/revisions"}],"predecessor-version":[{"id":6407,"href":"https:\/\/level1.nl\/ro\/wp-json\/wp\/v2\/pages\/3014\/revisions\/6407"}],"wp:attachment":[{"href":"https:\/\/level1.nl\/ro\/wp-json\/wp\/v2\/media?parent=3014"}],"curies":[{"name":"wp","href":"https:\/\/api.w.org\/{rel}","templated":true}]}}